{"id":856,"date":"2017-06-16T20:19:17","date_gmt":"2017-06-16T20:19:17","guid":{"rendered":"http:\/\/localhost\/aau\/?page_id=856"},"modified":"2022-07-01T16:57:12","modified_gmt":"2022-07-01T16:57:12","slug":"sistema-de-estudios-y-costos","status":"publish","type":"page","link":"https:\/\/www.aauniv.com\/s\/sistema-de-estudios-y-costos\/","title":{"rendered":"Sistema y Metodolog\u00eda de Estudio"},"content":{"rendered":"<section class=\"wpb-content-wrapper\"><p>[vc_row gap=\u00bb35&#8243; css=\u00bb.vc_custom_1497043012698{padding-top: 80px !important;padding-bottom: 10px !important;}\u00bb][vc_column width=\u00bb1\/3&#8243;][vc_wp_custommenu nav_menu=\u00bb13&#8243; el_class=\u00bbmenu-programas\u00bb][\/vc_column][vc_column width=\u00bb2\/3&#8243;][vc_column_text css=\u00bb.vc_custom_1656694626846{margin-top: 0px !important;padding-top: 0px !important;}\u00bb]<\/p>\n<h2 style=\"font-size: 32px;\"><strong>AAU <span style=\"color: #f0b40a;\">SISTEMA Y METODOLOG\u00cdA DE ESTUDIO<\/span><\/strong><\/h2>\n<p>&nbsp;<\/p>\n<p><span style=\"font-weight: 400;\">El sistema y metodolog\u00eda de estudios incluye a todas las \u00e1reas acad\u00e9micas de los siguientes niveles de estudios profesionales:<\/span><\/p>\n<h4 style=\"text-align: center;\"><b>Diplomados &#8211; Licenciaturas \u2013 Maestr\u00edas \u2013 Doctorados \u2013 Posdoctorados<\/b><\/h4>\n<p><span style=\"font-weight: 400;\">Los programas de estudios cuentan con 4 fases acad\u00e9micas:<\/span><\/p>\n<p><b>Fase I:<\/b><span style=\"font-weight: 400;\">\u00a0campos de estudios generales (5) que deben ser desarrollados por todos los estudiantes.<\/span><span style=\"font-weight: 400;\"><br \/>\n<\/span><b>Fase II:<\/b><span style=\"font-weight: 400;\">\u00a0desarrollo o reconocimiento de cursos en el \u00e1rea de inter\u00e9s.<\/span><span style=\"font-weight: 400;\"><br \/>\n<\/span><b>Fase III:<\/b><span style=\"font-weight: 400;\"> desarrollo de tesis o reconocimiento de trabajo investigativo. (no aplica para diplomados).<\/span><span style=\"font-weight: 400;\"><br \/>\n<\/span><b>Fase IV:<\/b><span style=\"font-weight: 400;\">\u00a0Verificaci\u00f3n de datos para la elaboraci\u00f3n de documentos y t\u00edtulos respectivos.<\/span><\/p>\n<p><span style=\"font-weight: 400;\">Los estudios son realizados a trav\u00e9s de un sistema andrag\u00f3gico (autodidacta) a distancia a trav\u00e9s de una Plataforma Acad\u00e9mica Virtual; donde el estudiante bajo la gu\u00eda de nuestros consejeros acad\u00e9micos puede suministrarse las ense\u00f1anzas de manera te\u00f3rica y de una manera libre de aprendizaje va desarrollando su capacidad intelectual.<\/span><\/p>\n<p><strong><span><a onclick=\"read_toggle(1025280590, 'Leer m\u00e1s', 'Leer menos'); return false;\" class=\"read-link\" id=\"readlink1025280590\" style=\"readlink\" href=\"#\">Leer m\u00e1s<\/a><\/span>\n<div class=\"read_div\" id=\"read1025280590\" style=\"display: none;\"><\/strong><\/p>\n<p><span style=\"color: #a61e1e;\"><b>FASE ACADEMICA I<\/b><\/span><\/p>\n<p><span style=\"font-weight: 400;\">El programa se inicia con campos de estudios generales (5) que deben ser desarrollados por todos los estudiantes.<\/span><\/p>\n<p><b>Documentaci\u00f3n:<\/b><span style=\"font-weight: 400;\"> enviar documento de identidad y todo tipo de certificaci\u00f3n acad\u00e9mica que avale el nivel de estudios del estudiante (curriculum vitae u hoja de vida, diplomas, constancias de notas etc.)<\/span><\/p>\n<p><b>Tiempo:<\/b><span style=\"font-weight: 400;\"> el desarrollo de esta fase acad\u00e9mica puede tomar de 4 a 6 semanas, sin embargo, siempre depende de la disponibilidad y tiempos que cada estudiante le ocupe a sus estudios.\u00a0<\/span><\/p>\n<p><b>Finalidad:<\/b><span style=\"font-weight: 400;\"> profundizar en pedagog\u00eda, andragog\u00eda, misi\u00f3n, visi\u00f3n institucional y educaci\u00f3n. A su vez el estudiante se familiarizar\u00e1 con el sistema de estudios.<\/span><\/p>\n<p><b>Plan de trabajo:<\/b><span style=\"font-weight: 400;\"> desarrollo de los siguientes campos de estudios obligatorios:<\/span><\/p>\n<ul>\n<li style=\"font-weight: 400;\" aria-level=\"1\"><span style=\"font-weight: 400;\">Autobiograf\u00eda<\/span><\/li>\n<li style=\"font-weight: 400;\" aria-level=\"1\"><span style=\"font-weight: 400;\">Filosof\u00eda de la educaci\u00f3n<\/span><\/li>\n<li style=\"font-weight: 400;\" aria-level=\"1\"><span style=\"font-weight: 400;\">Globalizaci\u00f3n\u00a0<\/span><\/li>\n<li style=\"font-weight: 400;\" aria-level=\"1\"><span style=\"font-weight: 400;\">Conducta humana<\/span><\/li>\n<li style=\"font-weight: 400;\" aria-level=\"1\"><span style=\"font-weight: 400;\">Influencia biogr\u00e1fica<\/span><\/li>\n<\/ul>\n<p><span style=\"color: #a61e1e;\"><b><br \/>\nFASE ACADEMICA II<\/b><\/span><\/p>\n<p><span style=\"font-weight: 400;\">Se dise\u00f1ar\u00e1 un plan de estudios personalizado acorde a los intereses acad\u00e9micos y laborales del estudiante. Este proceso se realizar\u00e1 bajo la comunicaci\u00f3n y coordinaci\u00f3n entre el consejero acad\u00e9mico y el estudiante.<\/span><\/p>\n<p><span style=\"font-weight: 400;\">En esta fase el estudiante tambi\u00e9n puede solicitar la convalidaci\u00f3n\/reconocimiento de estudios realizados en otras instituciones acad\u00e9micas de nivel superior.<\/span><\/p>\n<p><b>Tiempo:<\/b><span style=\"font-weight: 400;\"> el desarrollo de esta fase acad\u00e9mica puede tomar de 4 a 6 semanas por curso, sin embargo, siempre depende de la disponibilidad y tiempos que cada estudiante le ocupe a sus estudios. El tiempo no incluye los cursos que han sido convalidados\/reconocidos por el consejero acad\u00e9mico.<\/span><\/p>\n<p><b>Finalidad:<\/b><span style=\"font-weight: 400;\"> adquirir el conocimiento y las competencias necesarias que contribuyan al desarrollo profesional del estudiante desde lo humano, cient\u00edfico, tecnol\u00f3gico e investigativo.<\/span><\/p>\n<p><b>Plan de trabajo<\/b><span style=\"font-weight: 400;\">: desarrollo del plan de estudios y convalidaci\u00f3n de experiencia acad\u00e9mica\/laboral acorde a la cantidad de cursos que requiera cada nivel de estudios.<\/span><\/p>\n<ul>\n<li style=\"font-weight: 400;\" aria-level=\"1\"><span style=\"font-weight: 400;\">Diplomados: 8 cursos<\/span><\/li>\n<li style=\"font-weight: 400;\" aria-level=\"1\"><span style=\"font-weight: 400;\">Licenciatura: 17 cursos<\/span><\/li>\n<li style=\"font-weight: 400;\" aria-level=\"1\"><span style=\"font-weight: 400;\">Maestr\u00eda: 14 cursos<\/span><\/li>\n<li style=\"font-weight: 400;\" aria-level=\"1\"><span style=\"font-weight: 400;\">Doctorado: 10 cursos<\/span><\/li>\n<li style=\"font-weight: 400;\" aria-level=\"1\"><span style=\"font-weight: 400;\">Posdoctorados: 10 cursos<\/span><\/li>\n<\/ul>\n<p><b><br \/>\n<\/b><span style=\"color: #a61e1e;\"><strong>FASE ACADEMICA III<\/strong><\/span><\/p>\n<p><span style=\"font-weight: 400;\">El estudiante a trav\u00e9s de la Plataforma Acad\u00e9mica Virtual enviara una Propuesta de Tesis en base al trabajo investigativo que desea desarrollar (excepto para diplomados). Una vez que la propuesta ha sido aprobada por el consejero acad\u00e9mico asignado, se iniciara el desarrollo de la tesis.<\/span><\/p>\n<p><span style=\"font-weight: 400;\">En esta fase el estudiante tambi\u00e9n puede solicitar la convalidaci\u00f3n\/reconocimiento de un trabajo investigativo que ha desarrollado en otra instituci\u00f3n acad\u00e9mica o laboral<\/span><\/p>\n<p><b>Tiempo:<\/b> <span style=\"font-weight: 400;\">el desarrollo de esta fase acad\u00e9mica puede tomar de 3 a 5 meses incluyendo propuesta y desarrollo de tesis.\u00a0 El tiempo no incluye si el estudiante ha decidido que se le convalide\/reconozca un trabajo investigativo.<\/span><\/p>\n<p><b>Finalidad:<\/b><span style=\"font-weight: 400;\"> desarrollar competencia de investigaci\u00f3n, redacci\u00f3n, an\u00e1lisis y resultados.<\/span><\/p>\n<p><b>Plan de trabajo<\/b><span style=\"font-weight: 400;\">: se le brindara al estudiante la gu\u00eda y pautas para la propuesta y el desarrollo de la tesis.<\/span><\/p>\n<p>&nbsp;<\/p>\n<p><span style=\"color: #a61e1e;\"><b>FASE ACADEMICA IV<\/b><\/span><\/p>\n<p><span style=\"font-weight: 400;\">Esta fase es la parte administrativa donde se verifican los datos personales y acad\u00e9micos del estudiante para la elaboraci\u00f3n de los documentos de graduaci\u00f3n.<\/span><\/p>\n<p><b>Tiempo: <\/b><span style=\"font-weight: 400;\">el dise\u00f1o, impresi\u00f3n y legalizaci\u00f3n de los documentos de graduaci\u00f3n puede tomar de 4 a 6 semanas.<\/span><\/p>\n<p><b>Finalidad: <\/b><span style=\"font-weight: 400;\">enviar al domicilio del estudiante todos los documentos de graduaci\u00f3n.<\/span><\/p>\n<p><b>Plan de trabajo<\/b><span style=\"font-weight: 400;\">: confirmar con el estudiante datos personales acad\u00e9micos y la coordinaci\u00f3n de documentos de graduaci\u00f3n que se le otorgaran.<\/span><\/p>\n<p><strong><\/div><\/strong>[\/vc_column_text][\/vc_column][\/vc_row]<\/p>\n<\/section>","protected":false},"excerpt":{"rendered":"<p>[vc_row gap=\u00bb35&#8243; css=\u00bb.vc_custom_1497043012698{padding-top: 80px !important;padding-bottom: 10px !important;}\u00bb][vc_column width=\u00bb1\/3&#8243;][vc_wp_custommenu nav_menu=\u00bb13&#8243; el_class=\u00bbmenu-programas\u00bb][\/vc_column][vc_column width=\u00bb2\/3&#8243;][vc_column_text css=\u00bb.vc_custom_1656694626846{margin-top: 0px !important;padding-top: 0px !important;}\u00bb] AAU SISTEMA Y METODOLOG\u00cdA DE ESTUDIO &nbsp; El sistema y<span class=\"excerpt-hellip\"> [\u2026]<\/span><\/p>\n","protected":false},"author":1,"featured_media":0,"parent":0,"menu_order":0,"comment_status":"closed","ping_status":"closed","template":"","meta":{"footnotes":""},"yoast_head":"<!-- This site is optimized with the Yoast SEO plugin v22.6 - https:\/\/yoast.com\/wordpress\/plugins\/seo\/ -->\n<title>Sistema de Estudio y Costos a Distancia | Estudia a Distancia |\u00a0AAU<\/title>\n<meta name=\"description\" content=\"El sistema de Estudio y Costos que ofrece American Andragogy University a sus estudiantes son programas a distancia con 2 opciones de estudios para Diplomados, Licenciaturas, Maestr\u00eda, Doctorados y Posdoctorados.\" \/>\n<meta name=\"robots\" content=\"index, follow, max-snippet:-1, max-image-preview:large, max-video-preview:-1\" \/>\n<link rel=\"canonical\" href=\"https:\/\/www.aauniv.com\/s\/sistema-de-estudios-y-costos\/\" \/>\n<meta property=\"og:locale\" content=\"es_ES\" \/>\n<meta property=\"og:type\" content=\"article\" \/>\n<meta property=\"og:title\" content=\"Sistema de Estudio y Costos a Distancia | Estudia a Distancia |\u00a0AAU\" \/>\n<meta property=\"og:description\" content=\"El sistema de Estudio y Costos que ofrece American Andragogy University a sus estudiantes son programas a distancia con 2 opciones de estudios para Diplomados, Licenciaturas, Maestr\u00eda, Doctorados y Posdoctorados.\" \/>\n<meta property=\"og:url\" content=\"https:\/\/www.aauniv.com\/s\/sistema-de-estudios-y-costos\/\" \/>\n<meta property=\"article:modified_time\" content=\"2022-07-01T16:57:12+00:00\" \/>\n<meta name=\"twitter:card\" content=\"summary_large_image\" \/>\n<meta name=\"twitter:label1\" content=\"Tiempo de lectura\" \/>\n\t<meta name=\"twitter:data1\" content=\"4 minutos\" \/>\n<script type=\"application\/ld+json\" class=\"yoast-schema-graph\">{\"@context\":\"https:\/\/schema.org\",\"@graph\":[{\"@type\":\"WebPage\",\"@id\":\"https:\/\/www.aauniv.com\/s\/sistema-de-estudios-y-costos\/\",\"url\":\"https:\/\/www.aauniv.com\/s\/sistema-de-estudios-y-costos\/\",\"name\":\"Sistema de Estudio y Costos a Distancia | Estudia a Distancia |\u00a0AAU\",\"isPartOf\":{\"@id\":\"https:\/\/www.aauniv.com\/s\/#website\"},\"datePublished\":\"2017-06-16T20:19:17+00:00\",\"dateModified\":\"2022-07-01T16:57:12+00:00\",\"description\":\"El sistema de Estudio y Costos que ofrece American Andragogy University a sus estudiantes son programas a distancia con 2 opciones de estudios para Diplomados, Licenciaturas, Maestr\u00eda, Doctorados y Posdoctorados.\",\"breadcrumb\":{\"@id\":\"https:\/\/www.aauniv.com\/s\/sistema-de-estudios-y-costos\/#breadcrumb\"},\"inLanguage\":\"es\",\"potentialAction\":[{\"@type\":\"ReadAction\",\"target\":[\"https:\/\/www.aauniv.com\/s\/sistema-de-estudios-y-costos\/\"]}]},{\"@type\":\"BreadcrumbList\",\"@id\":\"https:\/\/www.aauniv.com\/s\/sistema-de-estudios-y-costos\/#breadcrumb\",\"itemListElement\":[{\"@type\":\"ListItem\",\"position\":1,\"name\":\"Portada\",\"item\":\"https:\/\/www.aauniv.com\/s\/\"},{\"@type\":\"ListItem\",\"position\":2,\"name\":\"Sistema y Metodolog\u00eda de Estudio\"}]},{\"@type\":\"WebSite\",\"@id\":\"https:\/\/www.aauniv.com\/s\/#website\",\"url\":\"https:\/\/www.aauniv.com\/s\/\",\"name\":\"\",\"description\":\"\",\"publisher\":{\"@id\":\"https:\/\/www.aauniv.com\/s\/#organization\"},\"potentialAction\":[{\"@type\":\"SearchAction\",\"target\":{\"@type\":\"EntryPoint\",\"urlTemplate\":\"https:\/\/www.aauniv.com\/s\/?s={search_term_string}\"},\"query-input\":\"required name=search_term_string\"}],\"inLanguage\":\"es\"},{\"@type\":\"Organization\",\"@id\":\"https:\/\/www.aauniv.com\/s\/#organization\",\"name\":\"American Andragogy University\",\"url\":\"https:\/\/www.aauniv.com\/s\/\",\"logo\":{\"@type\":\"ImageObject\",\"inLanguage\":\"es\",\"@id\":\"https:\/\/www.aauniv.com\/s\/#\/schema\/logo\/image\/\",\"url\":\"https:\/\/www.aauniv.com\/s\/wp-content\/uploads\/logo-american-andragogy-university.png\",\"contentUrl\":\"https:\/\/www.aauniv.com\/s\/wp-content\/uploads\/logo-american-andragogy-university.png\",\"width\":395,\"height\":79,\"caption\":\"American Andragogy University\"},\"image\":{\"@id\":\"https:\/\/www.aauniv.com\/s\/#\/schema\/logo\/image\/\"}}]}<\/script>\n<!-- \/ Yoast SEO plugin. -->","yoast_head_json":{"title":"Sistema de Estudio y Costos a Distancia | Estudia a Distancia |\u00a0AAU","description":"El sistema de Estudio y Costos que ofrece American Andragogy University a sus estudiantes son programas a distancia con 2 opciones de estudios para Diplomados, Licenciaturas, Maestr\u00eda, Doctorados y Posdoctorados.","robots":{"index":"index","follow":"follow","max-snippet":"max-snippet:-1","max-image-preview":"max-image-preview:large","max-video-preview":"max-video-preview:-1"},"canonical":"https:\/\/www.aauniv.com\/s\/sistema-de-estudios-y-costos\/","og_locale":"es_ES","og_type":"article","og_title":"Sistema de Estudio y Costos a Distancia | Estudia a Distancia |\u00a0AAU","og_description":"El sistema de Estudio y Costos que ofrece American Andragogy University a sus estudiantes son programas a distancia con 2 opciones de estudios para Diplomados, Licenciaturas, Maestr\u00eda, Doctorados y Posdoctorados.","og_url":"https:\/\/www.aauniv.com\/s\/sistema-de-estudios-y-costos\/","article_modified_time":"2022-07-01T16:57:12+00:00","twitter_card":"summary_large_image","twitter_misc":{"Tiempo de lectura":"4 minutos"},"schema":{"@context":"https:\/\/schema.org","@graph":[{"@type":"WebPage","@id":"https:\/\/www.aauniv.com\/s\/sistema-de-estudios-y-costos\/","url":"https:\/\/www.aauniv.com\/s\/sistema-de-estudios-y-costos\/","name":"Sistema de Estudio y Costos a Distancia | Estudia a Distancia |\u00a0AAU","isPartOf":{"@id":"https:\/\/www.aauniv.com\/s\/#website"},"datePublished":"2017-06-16T20:19:17+00:00","dateModified":"2022-07-01T16:57:12+00:00","description":"El sistema de Estudio y Costos que ofrece American Andragogy University a sus estudiantes son programas a distancia con 2 opciones de estudios para Diplomados, Licenciaturas, Maestr\u00eda, Doctorados y Posdoctorados.","breadcrumb":{"@id":"https:\/\/www.aauniv.com\/s\/sistema-de-estudios-y-costos\/#breadcrumb"},"inLanguage":"es","potentialAction":[{"@type":"ReadAction","target":["https:\/\/www.aauniv.com\/s\/sistema-de-estudios-y-costos\/"]}]},{"@type":"BreadcrumbList","@id":"https:\/\/www.aauniv.com\/s\/sistema-de-estudios-y-costos\/#breadcrumb","itemListElement":[{"@type":"ListItem","position":1,"name":"Portada","item":"https:\/\/www.aauniv.com\/s\/"},{"@type":"ListItem","position":2,"name":"Sistema y Metodolog\u00eda de Estudio"}]},{"@type":"WebSite","@id":"https:\/\/www.aauniv.com\/s\/#website","url":"https:\/\/www.aauniv.com\/s\/","name":"","description":"","publisher":{"@id":"https:\/\/www.aauniv.com\/s\/#organization"},"potentialAction":[{"@type":"SearchAction","target":{"@type":"EntryPoint","urlTemplate":"https:\/\/www.aauniv.com\/s\/?s={search_term_string}"},"query-input":"required name=search_term_string"}],"inLanguage":"es"},{"@type":"Organization","@id":"https:\/\/www.aauniv.com\/s\/#organization","name":"American Andragogy University","url":"https:\/\/www.aauniv.com\/s\/","logo":{"@type":"ImageObject","inLanguage":"es","@id":"https:\/\/www.aauniv.com\/s\/#\/schema\/logo\/image\/","url":"https:\/\/www.aauniv.com\/s\/wp-content\/uploads\/logo-american-andragogy-university.png","contentUrl":"https:\/\/www.aauniv.com\/s\/wp-content\/uploads\/logo-american-andragogy-university.png","width":395,"height":79,"caption":"American Andragogy University"},"image":{"@id":"https:\/\/www.aauniv.com\/s\/#\/schema\/logo\/image\/"}}]}},"_links":{"self":[{"href":"https:\/\/www.aauniv.com\/s\/wp-json\/wp\/v2\/pages\/856"}],"collection":[{"href":"https:\/\/www.aauniv.com\/s\/wp-json\/wp\/v2\/pages"}],"about":[{"href":"https:\/\/www.aauniv.com\/s\/wp-json\/wp\/v2\/types\/page"}],"author":[{"embeddable":true,"href":"https:\/\/www.aauniv.com\/s\/wp-json\/wp\/v2\/users\/1"}],"replies":[{"embeddable":true,"href":"https:\/\/www.aauniv.com\/s\/wp-json\/wp\/v2\/comments?post=856"}],"version-history":[{"count":34,"href":"https:\/\/www.aauniv.com\/s\/wp-json\/wp\/v2\/pages\/856\/revisions"}],"predecessor-version":[{"id":13544,"href":"https:\/\/www.aauniv.com\/s\/wp-json\/wp\/v2\/pages\/856\/revisions\/13544"}],"wp:attachment":[{"href":"https:\/\/www.aauniv.com\/s\/wp-json\/wp\/v2\/media?parent=856"}],"curies":[{"name":"wp","href":"https:\/\/api.w.org\/{rel}","templated":true}]}}