{"id":845,"date":"2017-06-15T21:53:19","date_gmt":"2017-06-15T21:53:19","guid":{"rendered":"http:\/\/localhost\/aau\/?page_id=845"},"modified":"2022-06-28T18:32:40","modified_gmt":"2022-06-28T18:32:40","slug":"procedimiento-de-admision","status":"publish","type":"page","link":"https:\/\/www.aauniv.com\/s\/procedimiento-de-admision\/","title":{"rendered":"Procedimiento de admisi\u00f3n"},"content":{"rendered":"<section class=\"wpb-content-wrapper\"><p>[vc_row gap=\u00bb35&#8243; css=\u00bb.vc_custom_1497043012698{padding-top: 80px !important;padding-bottom: 10px !important;}\u00bb][vc_column width=\u00bb1\/3&#8243;][vc_wp_custommenu nav_menu=\u00bb13&#8243; el_class=\u00bbmenu-programas\u00bb][\/vc_column][vc_column width=\u00bb2\/3&#8243;][vc_column_text css=\u00bb.vc_custom_1504207058337{margin-top: 0px !important;padding-top: 0px !important;}\u00bb]<\/p>\n<h2>AAU <span style=\"color: #f0b40a;\">PROCEDIMIENTO DE ADMISI\u00d3N<\/span><\/h2>\n<div class=\"linea-001\"><\/div>\n<p>A continuaci\u00f3n se le brinda la informaci\u00f3n importante sobre el proceso de admisi\u00f3n<\/p>\n<h3><strong>Inscripci\u00f3n<\/strong><\/h3>\n<div class=\"linea-001\"><\/div>\n<p>Estudiantes de todo el mundo con la experiencia laboral y acad\u00e9mica necesaria para el programa de su inter\u00e9s, pueden inscribirse en los programas de AAU.<\/p>\n<p>Una vez aceptada su solicitud de admisi\u00f3n y abonada la matr\u00edcula, ser\u00e1 inscrito como estudiante. Recibir\u00e1 una clave de acceso a la plataforma virtual de AAU, un asesor acad\u00e9mico asignado se pondr\u00e1 en contacto con usted aproximadamente en 24 horas para introducirle nuestro sistema de estudios.<\/p>\n<p>American Andragogy University es una instituci\u00f3n con igualdad de oportunidades, que no discrimina a nadie por sexo, religi\u00f3n, raza, edad, nacionalidad u origen \u00e9tnico.<\/p>\n<h3><strong>Procedimiento de admisi\u00f3n<\/strong><\/h3>\n<div class=\"linea-001\"><\/div>\n<ul>\n<li>Llenar la <a href=\"https:\/\/www.aauniv.com\/s\/solicitud-de-admision\/\" target=\"_blank\" rel=\"noopener noreferrer\">solicitud de admisi\u00f3n<\/a><\/li>\n<li>Una vez completada la solicitud de admisi\u00f3n, un especialista en admisiones se estar\u00e1 contactando. Si el postulante desea contactarse directamente con la Central de AAU en los Estados Unidos puede hacerlo utilizando cualquiera de nuestras formas de contacto.<\/li>\n<\/ul>\n<p>[\/vc_column_text]<div class=\"ult_exp_section_layer ult-adjust-bottom-margin  \" >\n\t<div id=\"uvc-exp-wrap-4012\"   data-ultimate-target='#uvc-exp-wrap-4012'  data-responsive-json-new='{\"font-size\":\"desktop:15px;\",\"line-height\":\"desktop:15px;\"}'  class=\"ult_exp_section  ult-responsive \" style=\"color:#0095eb;background-color:#ffffff; font-weight:normal;margin:0px;padding:0px;text-align:center;\" data-textcolor=\"#0095eb\"data-texthover=\"#333333\"data-icncolor=\"#0095eb\"data-ihover=\"#333333\"data-height=\"0\"data-cntbg=\"#ffffff\"data-cnthvrbg=\"#e5e5e5\"data-headerbg=\"#ffffff\"data-headerhover=\"#e5e5e5\"data-title=\"Leer m\u00e1s\"data-newtitle=\"Ocultar\"data-icon=\"Defaults-angle-down\"data-newicon=\"Defaults-angle-down\"data-activeicon=\"#333333\"data-effect=\"slideToggle\"data-override=\"0\"data-activetitle=\"#333333\"data-activebg=\"#dbdbdb\"data-img=\"\"data-newimg=\"\"><div  class=\"ult_exp_section-main ult_expright_icon\">\n\t\t\t\t\t<div class=\"ult_expheader\" >Leer m\u00e1s\n\t\t\t\t\t <\/div>\t<div class=\"ult-just-icon-wrapper ult_exp_icon\">\n\t\t\t\t\t<div class=\"align-icon \">\n\t\t\t\t\t\t\n<span class=\"aio-icon  none  ult_expsection_icon \"  style=\"color:#0095eb;font-size:32px;display:inline-block;\">\n\t<i class=\"Defaults-angle-down ult_ex_icon\"  ><\/i>\n<\/span>\n\t\t\t\t\t<\/div>\n\t\t\t\t<\/div><\/div>\n\t\t\t\t<\/div><div class=\"ult_exp_content \" style=\"background-color:#ffffff;  \"><div class=\"ult_ecpsub_cont\" style=\" \" >[vc_column_text]<\/p>\n<h3><strong>Conducta<\/strong><\/h3>\n<p>Al ser una instituci\u00f3n acad\u00e9mica de nivel superior, AAU espera que sus estudiantes se comporten con respeto y cortes\u00eda. Los estudiantes que no lo hicieren y que brinden informaci\u00f3n falsa, ser\u00e1n expulsados de AAU.<\/p>\n<p>AAU guarda r\u00e9cords de todas las conversaciones con sus estudiantes, ya sea a trav\u00e9s de chat o correo electr\u00f3nico.<\/p>\n<p>AAU har\u00e1 hasta 3 (tres) llamados de atenci\u00f3n previos a la expulsi\u00f3n, donde el estudiante tendr\u00e1 la opci\u00f3n de rectificar la actitud o desistir de sus estudios.<\/p>\n<p>AAU no reembolsar\u00e1 aportes realizados por los estudiantes expulsados.[\/vc_column_text]<\/div><\/div>\n\n\t\t\t<\/div>[\/vc_column][\/vc_row]<\/p>\n<\/section>","protected":false},"excerpt":{"rendered":"<p>[vc_row gap=\u00bb35&#8243; css=\u00bb.vc_custom_1497043012698{padding-top: 80px !important;padding-bottom: 10px !important;}\u00bb][vc_column width=\u00bb1\/3&#8243;][vc_wp_custommenu nav_menu=\u00bb13&#8243; el_class=\u00bbmenu-programas\u00bb][\/vc_column][vc_column width=\u00bb2\/3&#8243;][vc_column_text css=\u00bb.vc_custom_1504207058337{margin-top: 0px !important;padding-top: 0px !important;}\u00bb] AAU PROCEDIMIENTO DE ADMISI\u00d3N A continuaci\u00f3n se le brinda la<span class=\"excerpt-hellip\"> [\u2026]<\/span><\/p>\n","protected":false},"author":1,"featured_media":0,"parent":0,"menu_order":0,"comment_status":"closed","ping_status":"closed","template":"","meta":{"footnotes":""},"yoast_head":"<!-- This site is optimized with the Yoast SEO plugin v22.6 - https:\/\/yoast.com\/wordpress\/plugins\/seo\/ -->\n<title>Procedimiento de Admisi\u00f3n | Estudios Virtuales | AAU<\/title>\n<meta name=\"description\" content=\"Una vez aceptada su solicitud de admisi\u00f3n y abonada la matr\u00edcula, ser\u00e1 inscrito como estudiante. Recibir\u00e1 una clave de acceso a la plataforma virtual de AAU, un asesor acad\u00e9mico asignado se pondr\u00e1 en contacto con usted aproximadamente en 24 horas para introducirle nuestro sistema de estudios.\" \/>\n<meta name=\"robots\" content=\"index, follow, max-snippet:-1, max-image-preview:large, max-video-preview:-1\" \/>\n<link rel=\"canonical\" href=\"https:\/\/www.aauniv.com\/s\/procedimiento-de-admision\/\" \/>\n<meta property=\"og:locale\" content=\"es_ES\" \/>\n<meta property=\"og:type\" content=\"article\" \/>\n<meta property=\"og:title\" content=\"Procedimiento de Admisi\u00f3n | Estudios Virtuales | AAU\" \/>\n<meta property=\"og:description\" content=\"Una vez aceptada su solicitud de admisi\u00f3n y abonada la matr\u00edcula, ser\u00e1 inscrito como estudiante. Recibir\u00e1 una clave de acceso a la plataforma virtual de AAU, un asesor acad\u00e9mico asignado se pondr\u00e1 en contacto con usted aproximadamente en 24 horas para introducirle nuestro sistema de estudios.\" \/>\n<meta property=\"og:url\" content=\"https:\/\/www.aauniv.com\/s\/procedimiento-de-admision\/\" \/>\n<meta property=\"article:modified_time\" content=\"2022-06-28T18:32:40+00:00\" \/>\n<meta name=\"twitter:card\" content=\"summary_large_image\" \/>\n<meta name=\"twitter:label1\" content=\"Tiempo de lectura\" \/>\n\t<meta name=\"twitter:data1\" content=\"2 minutos\" \/>\n<script type=\"application\/ld+json\" class=\"yoast-schema-graph\">{\"@context\":\"https:\/\/schema.org\",\"@graph\":[{\"@type\":\"WebPage\",\"@id\":\"https:\/\/www.aauniv.com\/s\/procedimiento-de-admision\/\",\"url\":\"https:\/\/www.aauniv.com\/s\/procedimiento-de-admision\/\",\"name\":\"Procedimiento de Admisi\u00f3n | Estudios Virtuales | AAU\",\"isPartOf\":{\"@id\":\"https:\/\/www.aauniv.com\/s\/#website\"},\"datePublished\":\"2017-06-15T21:53:19+00:00\",\"dateModified\":\"2022-06-28T18:32:40+00:00\",\"description\":\"Una vez aceptada su solicitud de admisi\u00f3n y abonada la matr\u00edcula, ser\u00e1 inscrito como estudiante. Recibir\u00e1 una clave de acceso a la plataforma virtual de AAU, un asesor acad\u00e9mico asignado se pondr\u00e1 en contacto con usted aproximadamente en 24 horas para introducirle nuestro sistema de estudios.\",\"breadcrumb\":{\"@id\":\"https:\/\/www.aauniv.com\/s\/procedimiento-de-admision\/#breadcrumb\"},\"inLanguage\":\"es\",\"potentialAction\":[{\"@type\":\"ReadAction\",\"target\":[\"https:\/\/www.aauniv.com\/s\/procedimiento-de-admision\/\"]}]},{\"@type\":\"BreadcrumbList\",\"@id\":\"https:\/\/www.aauniv.com\/s\/procedimiento-de-admision\/#breadcrumb\",\"itemListElement\":[{\"@type\":\"ListItem\",\"position\":1,\"name\":\"Portada\",\"item\":\"https:\/\/www.aauniv.com\/s\/\"},{\"@type\":\"ListItem\",\"position\":2,\"name\":\"Procedimiento de admisi\u00f3n\"}]},{\"@type\":\"WebSite\",\"@id\":\"https:\/\/www.aauniv.com\/s\/#website\",\"url\":\"https:\/\/www.aauniv.com\/s\/\",\"name\":\"\",\"description\":\"\",\"publisher\":{\"@id\":\"https:\/\/www.aauniv.com\/s\/#organization\"},\"potentialAction\":[{\"@type\":\"SearchAction\",\"target\":{\"@type\":\"EntryPoint\",\"urlTemplate\":\"https:\/\/www.aauniv.com\/s\/?s={search_term_string}\"},\"query-input\":\"required name=search_term_string\"}],\"inLanguage\":\"es\"},{\"@type\":\"Organization\",\"@id\":\"https:\/\/www.aauniv.com\/s\/#organization\",\"name\":\"American Andragogy University\",\"url\":\"https:\/\/www.aauniv.com\/s\/\",\"logo\":{\"@type\":\"ImageObject\",\"inLanguage\":\"es\",\"@id\":\"https:\/\/www.aauniv.com\/s\/#\/schema\/logo\/image\/\",\"url\":\"https:\/\/www.aauniv.com\/s\/wp-content\/uploads\/logo-american-andragogy-university.png\",\"contentUrl\":\"https:\/\/www.aauniv.com\/s\/wp-content\/uploads\/logo-american-andragogy-university.png\",\"width\":395,\"height\":79,\"caption\":\"American Andragogy University\"},\"image\":{\"@id\":\"https:\/\/www.aauniv.com\/s\/#\/schema\/logo\/image\/\"}}]}<\/script>\n<!-- \/ Yoast SEO plugin. -->","yoast_head_json":{"title":"Procedimiento de Admisi\u00f3n | Estudios Virtuales | AAU","description":"Una vez aceptada su solicitud de admisi\u00f3n y abonada la matr\u00edcula, ser\u00e1 inscrito como estudiante. Recibir\u00e1 una clave de acceso a la plataforma virtual de AAU, un asesor acad\u00e9mico asignado se pondr\u00e1 en contacto con usted aproximadamente en 24 horas para introducirle nuestro sistema de estudios.","robots":{"index":"index","follow":"follow","max-snippet":"max-snippet:-1","max-image-preview":"max-image-preview:large","max-video-preview":"max-video-preview:-1"},"canonical":"https:\/\/www.aauniv.com\/s\/procedimiento-de-admision\/","og_locale":"es_ES","og_type":"article","og_title":"Procedimiento de Admisi\u00f3n | Estudios Virtuales | AAU","og_description":"Una vez aceptada su solicitud de admisi\u00f3n y abonada la matr\u00edcula, ser\u00e1 inscrito como estudiante. Recibir\u00e1 una clave de acceso a la plataforma virtual de AAU, un asesor acad\u00e9mico asignado se pondr\u00e1 en contacto con usted aproximadamente en 24 horas para introducirle nuestro sistema de estudios.","og_url":"https:\/\/www.aauniv.com\/s\/procedimiento-de-admision\/","article_modified_time":"2022-06-28T18:32:40+00:00","twitter_card":"summary_large_image","twitter_misc":{"Tiempo de lectura":"2 minutos"},"schema":{"@context":"https:\/\/schema.org","@graph":[{"@type":"WebPage","@id":"https:\/\/www.aauniv.com\/s\/procedimiento-de-admision\/","url":"https:\/\/www.aauniv.com\/s\/procedimiento-de-admision\/","name":"Procedimiento de Admisi\u00f3n | Estudios Virtuales | AAU","isPartOf":{"@id":"https:\/\/www.aauniv.com\/s\/#website"},"datePublished":"2017-06-15T21:53:19+00:00","dateModified":"2022-06-28T18:32:40+00:00","description":"Una vez aceptada su solicitud de admisi\u00f3n y abonada la matr\u00edcula, ser\u00e1 inscrito como estudiante. Recibir\u00e1 una clave de acceso a la plataforma virtual de AAU, un asesor acad\u00e9mico asignado se pondr\u00e1 en contacto con usted aproximadamente en 24 horas para introducirle nuestro sistema de estudios.","breadcrumb":{"@id":"https:\/\/www.aauniv.com\/s\/procedimiento-de-admision\/#breadcrumb"},"inLanguage":"es","potentialAction":[{"@type":"ReadAction","target":["https:\/\/www.aauniv.com\/s\/procedimiento-de-admision\/"]}]},{"@type":"BreadcrumbList","@id":"https:\/\/www.aauniv.com\/s\/procedimiento-de-admision\/#breadcrumb","itemListElement":[{"@type":"ListItem","position":1,"name":"Portada","item":"https:\/\/www.aauniv.com\/s\/"},{"@type":"ListItem","position":2,"name":"Procedimiento de admisi\u00f3n"}]},{"@type":"WebSite","@id":"https:\/\/www.aauniv.com\/s\/#website","url":"https:\/\/www.aauniv.com\/s\/","name":"","description":"","publisher":{"@id":"https:\/\/www.aauniv.com\/s\/#organization"},"potentialAction":[{"@type":"SearchAction","target":{"@type":"EntryPoint","urlTemplate":"https:\/\/www.aauniv.com\/s\/?s={search_term_string}"},"query-input":"required name=search_term_string"}],"inLanguage":"es"},{"@type":"Organization","@id":"https:\/\/www.aauniv.com\/s\/#organization","name":"American Andragogy University","url":"https:\/\/www.aauniv.com\/s\/","logo":{"@type":"ImageObject","inLanguage":"es","@id":"https:\/\/www.aauniv.com\/s\/#\/schema\/logo\/image\/","url":"https:\/\/www.aauniv.com\/s\/wp-content\/uploads\/logo-american-andragogy-university.png","contentUrl":"https:\/\/www.aauniv.com\/s\/wp-content\/uploads\/logo-american-andragogy-university.png","width":395,"height":79,"caption":"American Andragogy University"},"image":{"@id":"https:\/\/www.aauniv.com\/s\/#\/schema\/logo\/image\/"}}]}},"_links":{"self":[{"href":"https:\/\/www.aauniv.com\/s\/wp-json\/wp\/v2\/pages\/845"}],"collection":[{"href":"https:\/\/www.aauniv.com\/s\/wp-json\/wp\/v2\/pages"}],"about":[{"href":"https:\/\/www.aauniv.com\/s\/wp-json\/wp\/v2\/types\/page"}],"author":[{"embeddable":true,"href":"https:\/\/www.aauniv.com\/s\/wp-json\/wp\/v2\/users\/1"}],"replies":[{"embeddable":true,"href":"https:\/\/www.aauniv.com\/s\/wp-json\/wp\/v2\/comments?post=845"}],"version-history":[{"count":16,"href":"https:\/\/www.aauniv.com\/s\/wp-json\/wp\/v2\/pages\/845\/revisions"}],"predecessor-version":[{"id":13530,"href":"https:\/\/www.aauniv.com\/s\/wp-json\/wp\/v2\/pages\/845\/revisions\/13530"}],"wp:attachment":[{"href":"https:\/\/www.aauniv.com\/s\/wp-json\/wp\/v2\/media?parent=845"}],"curies":[{"name":"wp","href":"https:\/\/api.w.org\/{rel}","templated":true}]}}