{"id":832,"date":"2017-06-15T21:00:36","date_gmt":"2017-06-15T21:00:36","guid":{"rendered":"http:\/\/localhost\/aau\/?page_id=832"},"modified":"2022-06-27T16:36:52","modified_gmt":"2022-06-27T16:36:52","slug":"admisiones","status":"publish","type":"page","link":"https:\/\/www.aauniv.com\/s\/admisiones\/","title":{"rendered":"Admisiones"},"content":{"rendered":"<section class=\"wpb-content-wrapper\"><p>[vc_row gap=\u00bb35&#8243; css=\u00bb.vc_custom_1497043012698{padding-top: 80px !important;padding-bottom: 10px !important;}\u00bb][vc_column width=\u00bb1\/3&#8243;][vc_wp_custommenu nav_menu=\u00bb13&#8243; el_class=\u00bbmenu-programas\u00bb][\/vc_column][vc_column width=\u00bb2\/3&#8243;][vc_column_text css=\u00bb.vc_custom_1498849645016{margin-top: 0px !important;padding-top: 0px !important;}\u00bb]<\/p>\n<h2>AAU <span style=\"color: #f0b40a;\">REQUISITOS DE ADMISI\u00d3N<\/span><\/h2>\n<div class=\"linea-001\"><\/div>\n<p>Con los programas a distancia de AAU, los estudiantes calificados y aceptados en nuestro sistema de estudios,<br \/>\nvan a tener la oportunidad de convalidar cr\u00e9ditos de estudio, basados en su experiencia acad\u00e9mica o laboral en la respectiva \u00e1rea de estudio.<\/p>\n<p>Para poder obtener este beneficio de cr\u00e9ditos, el estudiante tendr\u00e1 que presentar la documentaci\u00f3n que avale la experiencia adquirida.<\/p>\n<p>Los documentos b\u00e1sicos a presentar para cualquier programa son:<\/p>\n<ul>\n<li><i class=\"fa fa-angle-double-right\"><\/i> Identificaci\u00f3n personal v\u00e1lida con foto (licencia de conducir, DNI, c\u00e9dula de identidad, etc)<\/li>\n<li><i class=\"fa fa-angle-double-right\"><\/i> Curriculum Vitae CV<\/li>\n<\/ul>\n<h3><strong>PROGRAMAS DE DIPLOMADO<\/strong><\/h3>\n<div class=\"linea-001\"><\/div>\n<p>Diploma o certificados de secundaria (High School) completa o su equivalente.[\/vc_column_text]<div class=\"ult_exp_section_layer ult-adjust-bottom-margin  \" >\n\t<div id=\"uvc-exp-wrap-7503\"   data-ultimate-target='#uvc-exp-wrap-7503'  data-responsive-json-new='{\"font-size\":\"desktop:15px;\",\"line-height\":\"desktop:15px;\"}'  class=\"ult_exp_section  ult-responsive \" style=\"color:#0095eb;background-color:#ffffff; font-weight:normal;margin:0px;padding:0px;text-align:center;\" data-textcolor=\"#0095eb\"data-texthover=\"#333333\"data-icncolor=\"#0095eb\"data-ihover=\"#333333\"data-height=\"0\"data-cntbg=\"#ffffff\"data-cnthvrbg=\"#e5e5e5\"data-headerbg=\"#ffffff\"data-headerhover=\"#e5e5e5\"data-title=\"Leer m\u00e1s\"data-newtitle=\"Ocultar\"data-icon=\"Defaults-angle-down\"data-newicon=\"Defaults-angle-down\"data-activeicon=\"#333333\"data-effect=\"slideToggle\"data-override=\"0\"data-activetitle=\"#333333\"data-activebg=\"#dbdbdb\"data-img=\"\"data-newimg=\"\"><div  class=\"ult_exp_section-main ult_expright_icon\">\n\t\t\t\t\t<div class=\"ult_expheader\" >Leer m\u00e1s\n\t\t\t\t\t <\/div>\t<div class=\"ult-just-icon-wrapper ult_exp_icon\">\n\t\t\t\t\t<div class=\"align-icon \">\n\t\t\t\t\t\t\n<span class=\"aio-icon  none  ult_expsection_icon \"  style=\"color:#0095eb;font-size:32px;display:inline-block;\">\n\t<i class=\"Defaults-angle-down ult_ex_icon\"  ><\/i>\n<\/span>\n\t\t\t\t\t<\/div>\n\t\t\t\t<\/div><\/div>\n\t\t\t\t<\/div><div class=\"ult_exp_content \" style=\"background-color:#ffffff;  \"><div class=\"ult_ecpsub_cont\" style=\" \" >[vc_column_text]<\/p>\n<h3><strong>PROGRAMAS DE LICENCIATURAS<\/strong><\/h3>\n<div class=\"linea-001\"><\/div>\n<p><span style=\"font-weight: 400;\">Diploma o certificados de secundaria (High School) completa o su equivalente.<\/span><\/p>\n<h3><strong>PROGRAMAS DE MAESTR\u00cdAS<\/strong><\/h3>\n<div class=\"linea-001\"><\/div>\n<p><span style=\"font-weight: 400;\">Diploma o certificados de una licenciatura, pregrado o bachillerato (Bachelor) completo o su equivalente.<\/span><\/p>\n<h3><strong>PROGRAMAS DE DOCTORADO \/ POS DOCTORADO<\/strong><\/h3>\n<div class=\"linea-001\"><\/div>\n<p><span style=\"font-weight: 400;\">Diploma o certificados de una Maestr\u00eda (M\u00e1ster) completo o su equivalente.<\/span>.[\/vc_column_text]<\/div><\/div>\n\n\t\t\t<\/div>[\/vc_column][\/vc_row]<\/p>\n<\/section>","protected":false},"excerpt":{"rendered":"<p>[vc_row gap=\u00bb35&#8243; css=\u00bb.vc_custom_1497043012698{padding-top: 80px !important;padding-bottom: 10px !important;}\u00bb][vc_column width=\u00bb1\/3&#8243;][vc_wp_custommenu nav_menu=\u00bb13&#8243; el_class=\u00bbmenu-programas\u00bb][\/vc_column][vc_column width=\u00bb2\/3&#8243;][vc_column_text css=\u00bb.vc_custom_1498849645016{margin-top: 0px !important;padding-top: 0px !important;}\u00bb] AAU REQUISITOS DE ADMISI\u00d3N Con los programas a distancia de<span class=\"excerpt-hellip\"> [\u2026]<\/span><\/p>\n","protected":false},"author":1,"featured_media":0,"parent":0,"menu_order":0,"comment_status":"closed","ping_status":"closed","template":"","meta":{"footnotes":""},"yoast_head":"<!-- This site is optimized with the Yoast SEO plugin v22.6 - https:\/\/yoast.com\/wordpress\/plugins\/seo\/ -->\n<title>Admisiones |\u00a0Estudios Virtuales a Distancia |AAU<\/title>\n<meta name=\"description\" content=\"Descubre las admisiones de los programas a distancia de American Adragogy University. Los estudiantes calificados y aceptados en nuestro sistema de estudios, van a tener la oportunidad de conval.\" \/>\n<meta name=\"robots\" content=\"index, follow, max-snippet:-1, max-image-preview:large, max-video-preview:-1\" \/>\n<link rel=\"canonical\" href=\"https:\/\/www.aauniv.com\/s\/admisiones\/\" \/>\n<meta property=\"og:locale\" content=\"es_ES\" \/>\n<meta property=\"og:type\" content=\"article\" \/>\n<meta property=\"og:title\" content=\"Admisiones |\u00a0Estudios Virtuales a Distancia |AAU\" \/>\n<meta property=\"og:description\" content=\"Descubre las admisiones de los programas a distancia de American Adragogy University. Los estudiantes calificados y aceptados en nuestro sistema de estudios, van a tener la oportunidad de conval.\" \/>\n<meta property=\"og:url\" content=\"https:\/\/www.aauniv.com\/s\/admisiones\/\" \/>\n<meta property=\"article:modified_time\" content=\"2022-06-27T16:36:52+00:00\" \/>\n<meta name=\"twitter:card\" content=\"summary_large_image\" \/>\n<meta name=\"twitter:label1\" content=\"Tiempo de lectura\" \/>\n\t<meta name=\"twitter:data1\" content=\"1 minuto\" \/>\n<script type=\"application\/ld+json\" class=\"yoast-schema-graph\">{\"@context\":\"https:\/\/schema.org\",\"@graph\":[{\"@type\":\"WebPage\",\"@id\":\"https:\/\/www.aauniv.com\/s\/admisiones\/\",\"url\":\"https:\/\/www.aauniv.com\/s\/admisiones\/\",\"name\":\"Admisiones |\u00a0Estudios Virtuales a Distancia |AAU\",\"isPartOf\":{\"@id\":\"https:\/\/www.aauniv.com\/s\/#website\"},\"datePublished\":\"2017-06-15T21:00:36+00:00\",\"dateModified\":\"2022-06-27T16:36:52+00:00\",\"description\":\"Descubre las admisiones de los programas a distancia de American Adragogy University. Los estudiantes calificados y aceptados en nuestro sistema de estudios, van a tener la oportunidad de conval.\",\"breadcrumb\":{\"@id\":\"https:\/\/www.aauniv.com\/s\/admisiones\/#breadcrumb\"},\"inLanguage\":\"es\",\"potentialAction\":[{\"@type\":\"ReadAction\",\"target\":[\"https:\/\/www.aauniv.com\/s\/admisiones\/\"]}]},{\"@type\":\"BreadcrumbList\",\"@id\":\"https:\/\/www.aauniv.com\/s\/admisiones\/#breadcrumb\",\"itemListElement\":[{\"@type\":\"ListItem\",\"position\":1,\"name\":\"Portada\",\"item\":\"https:\/\/www.aauniv.com\/s\/\"},{\"@type\":\"ListItem\",\"position\":2,\"name\":\"Admisiones\"}]},{\"@type\":\"WebSite\",\"@id\":\"https:\/\/www.aauniv.com\/s\/#website\",\"url\":\"https:\/\/www.aauniv.com\/s\/\",\"name\":\"\",\"description\":\"\",\"publisher\":{\"@id\":\"https:\/\/www.aauniv.com\/s\/#organization\"},\"potentialAction\":[{\"@type\":\"SearchAction\",\"target\":{\"@type\":\"EntryPoint\",\"urlTemplate\":\"https:\/\/www.aauniv.com\/s\/?s={search_term_string}\"},\"query-input\":\"required name=search_term_string\"}],\"inLanguage\":\"es\"},{\"@type\":\"Organization\",\"@id\":\"https:\/\/www.aauniv.com\/s\/#organization\",\"name\":\"American Andragogy University\",\"url\":\"https:\/\/www.aauniv.com\/s\/\",\"logo\":{\"@type\":\"ImageObject\",\"inLanguage\":\"es\",\"@id\":\"https:\/\/www.aauniv.com\/s\/#\/schema\/logo\/image\/\",\"url\":\"https:\/\/www.aauniv.com\/s\/wp-content\/uploads\/logo-american-andragogy-university.png\",\"contentUrl\":\"https:\/\/www.aauniv.com\/s\/wp-content\/uploads\/logo-american-andragogy-university.png\",\"width\":395,\"height\":79,\"caption\":\"American Andragogy University\"},\"image\":{\"@id\":\"https:\/\/www.aauniv.com\/s\/#\/schema\/logo\/image\/\"}}]}<\/script>\n<!-- \/ Yoast SEO plugin. -->","yoast_head_json":{"title":"Admisiones |\u00a0Estudios Virtuales a Distancia |AAU","description":"Descubre las admisiones de los programas a distancia de American Adragogy University. Los estudiantes calificados y aceptados en nuestro sistema de estudios, van a tener la oportunidad de conval.","robots":{"index":"index","follow":"follow","max-snippet":"max-snippet:-1","max-image-preview":"max-image-preview:large","max-video-preview":"max-video-preview:-1"},"canonical":"https:\/\/www.aauniv.com\/s\/admisiones\/","og_locale":"es_ES","og_type":"article","og_title":"Admisiones |\u00a0Estudios Virtuales a Distancia |AAU","og_description":"Descubre las admisiones de los programas a distancia de American Adragogy University. Los estudiantes calificados y aceptados en nuestro sistema de estudios, van a tener la oportunidad de conval.","og_url":"https:\/\/www.aauniv.com\/s\/admisiones\/","article_modified_time":"2022-06-27T16:36:52+00:00","twitter_card":"summary_large_image","twitter_misc":{"Tiempo de lectura":"1 minuto"},"schema":{"@context":"https:\/\/schema.org","@graph":[{"@type":"WebPage","@id":"https:\/\/www.aauniv.com\/s\/admisiones\/","url":"https:\/\/www.aauniv.com\/s\/admisiones\/","name":"Admisiones |\u00a0Estudios Virtuales a Distancia |AAU","isPartOf":{"@id":"https:\/\/www.aauniv.com\/s\/#website"},"datePublished":"2017-06-15T21:00:36+00:00","dateModified":"2022-06-27T16:36:52+00:00","description":"Descubre las admisiones de los programas a distancia de American Adragogy University. Los estudiantes calificados y aceptados en nuestro sistema de estudios, van a tener la oportunidad de conval.","breadcrumb":{"@id":"https:\/\/www.aauniv.com\/s\/admisiones\/#breadcrumb"},"inLanguage":"es","potentialAction":[{"@type":"ReadAction","target":["https:\/\/www.aauniv.com\/s\/admisiones\/"]}]},{"@type":"BreadcrumbList","@id":"https:\/\/www.aauniv.com\/s\/admisiones\/#breadcrumb","itemListElement":[{"@type":"ListItem","position":1,"name":"Portada","item":"https:\/\/www.aauniv.com\/s\/"},{"@type":"ListItem","position":2,"name":"Admisiones"}]},{"@type":"WebSite","@id":"https:\/\/www.aauniv.com\/s\/#website","url":"https:\/\/www.aauniv.com\/s\/","name":"","description":"","publisher":{"@id":"https:\/\/www.aauniv.com\/s\/#organization"},"potentialAction":[{"@type":"SearchAction","target":{"@type":"EntryPoint","urlTemplate":"https:\/\/www.aauniv.com\/s\/?s={search_term_string}"},"query-input":"required name=search_term_string"}],"inLanguage":"es"},{"@type":"Organization","@id":"https:\/\/www.aauniv.com\/s\/#organization","name":"American Andragogy University","url":"https:\/\/www.aauniv.com\/s\/","logo":{"@type":"ImageObject","inLanguage":"es","@id":"https:\/\/www.aauniv.com\/s\/#\/schema\/logo\/image\/","url":"https:\/\/www.aauniv.com\/s\/wp-content\/uploads\/logo-american-andragogy-university.png","contentUrl":"https:\/\/www.aauniv.com\/s\/wp-content\/uploads\/logo-american-andragogy-university.png","width":395,"height":79,"caption":"American Andragogy University"},"image":{"@id":"https:\/\/www.aauniv.com\/s\/#\/schema\/logo\/image\/"}}]}},"_links":{"self":[{"href":"https:\/\/www.aauniv.com\/s\/wp-json\/wp\/v2\/pages\/832"}],"collection":[{"href":"https:\/\/www.aauniv.com\/s\/wp-json\/wp\/v2\/pages"}],"about":[{"href":"https:\/\/www.aauniv.com\/s\/wp-json\/wp\/v2\/types\/page"}],"author":[{"embeddable":true,"href":"https:\/\/www.aauniv.com\/s\/wp-json\/wp\/v2\/users\/1"}],"replies":[{"embeddable":true,"href":"https:\/\/www.aauniv.com\/s\/wp-json\/wp\/v2\/comments?post=832"}],"version-history":[{"count":23,"href":"https:\/\/www.aauniv.com\/s\/wp-json\/wp\/v2\/pages\/832\/revisions"}],"predecessor-version":[{"id":13502,"href":"https:\/\/www.aauniv.com\/s\/wp-json\/wp\/v2\/pages\/832\/revisions\/13502"}],"wp:attachment":[{"href":"https:\/\/www.aauniv.com\/s\/wp-json\/wp\/v2\/media?parent=832"}],"curies":[{"name":"wp","href":"https:\/\/api.w.org\/{rel}","templated":true}]}}