{"id":491,"date":"2017-06-14T21:49:36","date_gmt":"2017-06-14T21:49:36","guid":{"rendered":"http:\/\/localhost\/aau\/?page_id=491"},"modified":"2023-04-04T20:29:35","modified_gmt":"2023-04-04T20:29:35","slug":"doctorados-pos-doctorados","status":"publish","type":"page","link":"https:\/\/www.aauniv.com\/s\/doctorados-pos-doctorados\/","title":{"rendered":"Doctorados \/ Pos-Doctorados"},"content":{"rendered":"<section class=\"wpb-content-wrapper\"><p>[vc_row gap=\u00bb35&#8243; css=\u00bb.vc_custom_1497043012698{padding-top: 80px !important;padding-bottom: 10px !important;}\u00bb][vc_column width=\u00bb1\/3&#8243;][vc_wp_custommenu nav_menu=\u00bb12&#8243; el_class=\u00bbmenu-programas\u00bb][\/vc_column][vc_column width=\u00bb2\/3&#8243;][vc_column_text css=\u00bb.vc_custom_1516559603686{margin-top: 0px !important;padding-top: 0px !important;}\u00bb]<\/p>\n<h2>AAU <span style=\"color: #f0b40a;\">DOCTORADOS \/ POS-DOCTORADOS<\/span><\/h2>\n<div class=\"linea-001\"><\/div>\n<p style=\"color: #000000;\">Los <strong>programas de American Androgogy University<\/strong> son dise\u00f1ados en base al sistema andrag\u00f3gico, en el cual el estudiante puede elaborar su plan de estudios desde sus necesidades e intereses, o puede utilizar el plan de estudios sugerido por AAU y los asesores acad\u00e9micos.<\/p>\n<div class=\"linea-001\"><\/div>\n<p>[\/vc_column_text][vc_column_text]El <strong>doctorado<\/strong> tiene por objeto la formaci\u00f3n de investigadores que puedan lograr aportes originales en un \u00e1rea del conocimiento. Dichos aportes originales estar\u00e1n expresados en una tesis de Doctorado de car\u00e1cter individual. Conduce al otorgamiento del t\u00edtulo acad\u00e9mico de Doctor con especificaci\u00f3n del \u00e1rea disciplinaria o interdisciplinaria de referencia.<\/p>\n<h3><strong>Requisitos<\/strong><\/h3>\n<ul>\n<li>Diploma o certificados de una Maestr\u00eda (Master) completo o su equivalente.<\/li>\n<\/ul>\n<p>[\/vc_column_text]<div class=\"ult_exp_section_layer ult-adjust-bottom-margin  \" >\n\t<div id=\"uvc-exp-wrap-9394\"   data-ultimate-target='#uvc-exp-wrap-9394'  data-responsive-json-new='{\"font-size\":\"desktop:15px;\",\"line-height\":\"desktop:15px;\"}'  class=\"ult_exp_section  ult-responsive \" style=\"color:#0095eb;background-color:#ffffff; font-weight:normal;margin:0px;padding:0px;text-align:center;\" data-textcolor=\"#0095eb\"data-texthover=\"#333333\"data-icncolor=\"#0095eb\"data-ihover=\"#333333\"data-height=\"0\"data-cntbg=\"#ffffff\"data-cnthvrbg=\"#e5e5e5\"data-headerbg=\"#ffffff\"data-headerhover=\"#e5e5e5\"data-title=\"Leer m\u00e1s\"data-newtitle=\"Ocultar\"data-icon=\"Defaults-angle-down\"data-newicon=\"Defaults-angle-down\"data-activeicon=\"#333333\"data-effect=\"slideToggle\"data-override=\"0\"data-activetitle=\"#333333\"data-activebg=\"#dbdbdb\"data-img=\"\"data-newimg=\"\"><div  class=\"ult_exp_section-main ult_expright_icon\">\n\t\t\t\t\t<div class=\"ult_expheader\" >Leer m\u00e1s\n\t\t\t\t\t <\/div>\t<div class=\"ult-just-icon-wrapper ult_exp_icon\">\n\t\t\t\t\t<div class=\"align-icon \">\n\t\t\t\t\t\t\n<span class=\"aio-icon  none  ult_expsection_icon \"  style=\"color:#0095eb;font-size:32px;display:inline-block;\">\n\t<i class=\"Defaults-angle-down ult_ex_icon\"  ><\/i>\n<\/span>\n\t\t\t\t\t<\/div>\n\t\t\t\t<\/div><\/div>\n\t\t\t\t<\/div><div class=\"ult_exp_content \" style=\"background-color:#ffffff;  \"><div class=\"ult_ecpsub_cont\" style=\" \" >[vc_column_text]<\/p>\n<h3><strong>Duraci\u00f3n<\/strong><\/h3>\n<p>El programa de <strong>Doctorado<\/strong> contiene 8 m\u00f3dulos para ser desarrollados. El programa tiene una duraci\u00f3n m\u00e1xima de 24 meses y una duraci\u00f3n m\u00ednima de 12 meses, el estudiante deber\u00e1 presentar un m\u00ednimo de un m\u00f3dulo mensualmente.<\/p>\n<h3><strong>Tabla de Cr\u00e9ditos<\/strong><\/h3>\n<p>El total de cr\u00e9ditos que se necesita tener para concluir los estudios de un Doctorado es de 60.<\/p>\n<p>AAU otorgara un m\u00e1ximo de 24 cr\u00e9ditos por convalidaci\u00f3n de cr\u00e9ditos de otras instituciones, experiencia laboral y de vida en el campo de la profesi\u00f3n de inter\u00e9s.<\/p>\n<p>AAU en la Fase 1 del programa tiene 5 cursos de desarrollo obligatorio cada curso otorga 3 cr\u00e9ditos, los cuales ya est\u00e1n establecidos.<\/p>\n<p>AAU ofrece a sus estudiantes la elecci\u00f3n de 8 a 14 cursos basados en el criterio del Consejero Acad\u00e9mico.<\/p>\n<p><strong>A continuaci\u00f3n, una tabla de cr\u00e9ditos promedio:<\/strong><\/p>\n<p>15 cr\u00e9ditos obligatorios +<br \/>\n09 cr\u00e9ditos de convalidaci\u00f3n como m\u00e1ximo<br \/>\n&#8212;&#8212;&#8212;&#8212;&#8212;&#8212;&#8212;&#8212;&#8212;&#8212;&#8212;&#8212;&#8212;&#8212;&#8212;&#8211;<br \/>\n24 cr\u00e9ditos otorgados +<br \/>\n24 cr\u00e9ditos por estudiar (promedio de 8 cursos)<br \/>\n12 cr\u00e9ditos por tesis<br \/>\n&#8212;&#8212;&#8212;&#8212;&#8212;&#8212;&#8212;&#8212;&#8212;&#8212;&#8212;&#8212;&#8212;&#8212;&#8212;&#8211;<br \/>\n60 cr\u00e9ditos de total para el Doctorado PhD[\/vc_column_text][vc_row_inner][vc_column_inner width=\u00bb1\/2&#8243;]<div class=\" ubtn-ctn-left \"><a class=\"ubtn-link ult-adjust-bottom-margin ubtn-left ubtn-block \" href=\"https:\/\/www.aauniv.com\/s\/plan-de-estudios-doctorados\/\" ><button type=\"button\" id=\"ubtn-8634\"  class=\"ubtn ult-adjust-bottom-margin ult-responsive ubtn-block ubtn-no-hover-bg  none  ubtn-left   tooltip-69f567bd90f5f ubtn-block\"  data-hover=\"\" data-border-color=\"\" data-bg=\"#3a424d\" data-hover-bg=\"\" data-border-hover=\"\" data-shadow-hover=\"\" data-shadow-click=\"none\" data-shadow=\"\" data-shd-shadow=\"\"  data-ultimate-target='#ubtn-8634'  data-responsive-json-new='{\"font-size\":\"desktop:15px;tablet:15px;tablet_portrait:15px;mobile_landscape:14px;mobile:12px;\",\"line-height\":\"desktop:15px;\"}'  style=\"font-weight:normal;border:none;background: #3a424d;color: #ffffff;\"><span class=\"ubtn-hover\" style=\"background-color:\"><\/span><span class=\"ubtn-data ubtn-text \" >VER PLANES DE ESTUDIO DOCTORADO<\/span><\/button><\/a><\/div><div class=\" ubtn-ctn-left \"><a class=\"ubtn-link ult-adjust-bottom-margin ubtn-left ubtn-block \" href=\"https:\/\/www.aauniv.com\/s\/es\/contacto_aau_total.php\" target=\"_blank\" rel=\"noopener\" ><button type=\"button\" id=\"ubtn-6063\"  class=\"ubtn ult-adjust-bottom-margin ult-responsive ubtn-block ubtn-no-hover-bg  none  ubtn-left   tooltip-69f567bd9102a ubtn-block\"  data-hover=\"\" data-border-color=\"\" data-bg=\"#f0b40a\" data-hover-bg=\"\" data-border-hover=\"\" data-shadow-hover=\"\" data-shadow-click=\"none\" data-shadow=\"\" data-shd-shadow=\"\"  data-ultimate-target='#ubtn-6063'  data-responsive-json-new='{\"font-size\":\"desktop:15px;tablet:15px;tablet_portrait:15px;mobile_landscape:14px;mobile:12px;\",\"line-height\":\"desktop:15px;\"}'  style=\"font-weight:normal;border:none;background: #f0b40a;color: #ffffff;\"><span class=\"ubtn-hover\" style=\"background-color:\"><\/span><span class=\"ubtn-data ubtn-text \" >SOLICITAR M\u00c1S INFORMACI\u00d3N<\/span><\/button><\/a><\/div>[\/vc_column_inner][vc_column_inner width=\u00bb1\/2&#8243;]<div class=\" ubtn-ctn-left \"><a class=\"ubtn-link ult-adjust-bottom-margin ubtn-left ubtn-block \" href=\"https:\/\/www.aauniv.com\/s\/plan-de-estudios-posdoctorados\/\" ><button type=\"button\" id=\"ubtn-3049\"  class=\"ubtn ult-adjust-bottom-margin ult-responsive ubtn-block ubtn-no-hover-bg  none  ubtn-left   tooltip-69f567bd910ab ubtn-block\"  data-hover=\"\" data-border-color=\"\" data-bg=\"#3a424d\" data-hover-bg=\"\" data-border-hover=\"\" data-shadow-hover=\"\" data-shadow-click=\"none\" data-shadow=\"\" data-shd-shadow=\"\"  data-ultimate-target='#ubtn-3049'  data-responsive-json-new='{\"font-size\":\"desktop:15px;tablet:15px;tablet_portrait:15px;mobile_landscape:14px;mobile:12px;\",\"line-height\":\"desktop:15px;\"}'  style=\"font-weight:normal;border:none;background: #3a424d;color: #ffffff;\"><span class=\"ubtn-hover\" style=\"background-color:\"><\/span><span class=\"ubtn-data ubtn-text \" >VER PLANES DE ESTUDIO POSDOCTORADO<\/span><\/button><\/a><\/div>[\/vc_column_inner][\/vc_row_inner]<\/div><\/div>\n\n\t\t\t<\/div>[\/vc_column][\/vc_row]<\/p>\n<\/section>","protected":false},"excerpt":{"rendered":"<p>[vc_row gap=\u00bb35&#8243; css=\u00bb.vc_custom_1497043012698{padding-top: 80px !important;padding-bottom: 10px !important;}\u00bb][vc_column width=\u00bb1\/3&#8243;][vc_wp_custommenu nav_menu=\u00bb12&#8243; el_class=\u00bbmenu-programas\u00bb][\/vc_column][vc_column width=\u00bb2\/3&#8243;][vc_column_text css=\u00bb.vc_custom_1516559603686{margin-top: 0px !important;padding-top: 0px !important;}\u00bb] AAU DOCTORADOS \/ POS-DOCTORADOS Los programas de American Androgogy University<span class=\"excerpt-hellip\"> [\u2026]<\/span><\/p>\n","protected":false},"author":1,"featured_media":0,"parent":0,"menu_order":0,"comment_status":"open","ping_status":"closed","template":"","meta":{"footnotes":""},"yoast_head":"<!-- This site is optimized with the Yoast SEO plugin v22.6 - https:\/\/yoast.com\/wordpress\/plugins\/seo\/ -->\n<title>Doctorados &amp; Pos-Doctorados |\u00a0AAU |\u00a0Universidad Americana<\/title>\n<meta name=\"description\" content=\"Los doctorados y Pos-Doctorados de American Andragogy University son dise\u00f1ados en base al sistema andrag\u00f3gico, en el cual el estudiante puede elaborar su plan de estudios online y a distancia.\" \/>\n<meta name=\"robots\" content=\"index, follow, max-snippet:-1, max-image-preview:large, max-video-preview:-1\" \/>\n<link rel=\"canonical\" href=\"https:\/\/www.aauniv.com\/s\/doctorados-pos-doctorados\/\" \/>\n<meta property=\"og:locale\" content=\"es_ES\" \/>\n<meta property=\"og:type\" content=\"article\" \/>\n<meta property=\"og:title\" content=\"Doctorados &amp; Pos-Doctorados |\u00a0AAU |\u00a0Universidad Americana\" \/>\n<meta property=\"og:description\" content=\"Los doctorados y Pos-Doctorados de American Andragogy University son dise\u00f1ados en base al sistema andrag\u00f3gico, en el cual el estudiante puede elaborar su plan de estudios online y a distancia.\" \/>\n<meta property=\"og:url\" content=\"https:\/\/www.aauniv.com\/s\/doctorados-pos-doctorados\/\" \/>\n<meta property=\"article:modified_time\" content=\"2023-04-04T20:29:35+00:00\" \/>\n<meta name=\"twitter:card\" content=\"summary_large_image\" \/>\n<meta name=\"twitter:label1\" content=\"Tiempo de lectura\" \/>\n\t<meta name=\"twitter:data1\" content=\"2 minutos\" \/>\n<script type=\"application\/ld+json\" class=\"yoast-schema-graph\">{\"@context\":\"https:\/\/schema.org\",\"@graph\":[{\"@type\":\"WebPage\",\"@id\":\"https:\/\/www.aauniv.com\/s\/doctorados-pos-doctorados\/\",\"url\":\"https:\/\/www.aauniv.com\/s\/doctorados-pos-doctorados\/\",\"name\":\"Doctorados & Pos-Doctorados |\u00a0AAU |\u00a0Universidad Americana\",\"isPartOf\":{\"@id\":\"https:\/\/www.aauniv.com\/s\/#website\"},\"datePublished\":\"2017-06-14T21:49:36+00:00\",\"dateModified\":\"2023-04-04T20:29:35+00:00\",\"description\":\"Los doctorados y Pos-Doctorados de American Andragogy University son dise\u00f1ados en base al sistema andrag\u00f3gico, en el cual el estudiante puede elaborar su plan de estudios online y a distancia.\",\"breadcrumb\":{\"@id\":\"https:\/\/www.aauniv.com\/s\/doctorados-pos-doctorados\/#breadcrumb\"},\"inLanguage\":\"es\",\"potentialAction\":[{\"@type\":\"ReadAction\",\"target\":[\"https:\/\/www.aauniv.com\/s\/doctorados-pos-doctorados\/\"]}]},{\"@type\":\"BreadcrumbList\",\"@id\":\"https:\/\/www.aauniv.com\/s\/doctorados-pos-doctorados\/#breadcrumb\",\"itemListElement\":[{\"@type\":\"ListItem\",\"position\":1,\"name\":\"Portada\",\"item\":\"https:\/\/www.aauniv.com\/s\/\"},{\"@type\":\"ListItem\",\"position\":2,\"name\":\"Doctorados \/ Pos-Doctorados\"}]},{\"@type\":\"WebSite\",\"@id\":\"https:\/\/www.aauniv.com\/s\/#website\",\"url\":\"https:\/\/www.aauniv.com\/s\/\",\"name\":\"\",\"description\":\"\",\"publisher\":{\"@id\":\"https:\/\/www.aauniv.com\/s\/#organization\"},\"potentialAction\":[{\"@type\":\"SearchAction\",\"target\":{\"@type\":\"EntryPoint\",\"urlTemplate\":\"https:\/\/www.aauniv.com\/s\/?s={search_term_string}\"},\"query-input\":\"required name=search_term_string\"}],\"inLanguage\":\"es\"},{\"@type\":\"Organization\",\"@id\":\"https:\/\/www.aauniv.com\/s\/#organization\",\"name\":\"American Andragogy University\",\"url\":\"https:\/\/www.aauniv.com\/s\/\",\"logo\":{\"@type\":\"ImageObject\",\"inLanguage\":\"es\",\"@id\":\"https:\/\/www.aauniv.com\/s\/#\/schema\/logo\/image\/\",\"url\":\"https:\/\/www.aauniv.com\/s\/wp-content\/uploads\/logo-american-andragogy-university.png\",\"contentUrl\":\"https:\/\/www.aauniv.com\/s\/wp-content\/uploads\/logo-american-andragogy-university.png\",\"width\":395,\"height\":79,\"caption\":\"American Andragogy University\"},\"image\":{\"@id\":\"https:\/\/www.aauniv.com\/s\/#\/schema\/logo\/image\/\"}}]}<\/script>\n<!-- \/ Yoast SEO plugin. -->","yoast_head_json":{"title":"Doctorados & Pos-Doctorados |\u00a0AAU |\u00a0Universidad Americana","description":"Los doctorados y Pos-Doctorados de American Andragogy University son dise\u00f1ados en base al sistema andrag\u00f3gico, en el cual el estudiante puede elaborar su plan de estudios online y a distancia.","robots":{"index":"index","follow":"follow","max-snippet":"max-snippet:-1","max-image-preview":"max-image-preview:large","max-video-preview":"max-video-preview:-1"},"canonical":"https:\/\/www.aauniv.com\/s\/doctorados-pos-doctorados\/","og_locale":"es_ES","og_type":"article","og_title":"Doctorados & Pos-Doctorados |\u00a0AAU |\u00a0Universidad Americana","og_description":"Los doctorados y Pos-Doctorados de American Andragogy University son dise\u00f1ados en base al sistema andrag\u00f3gico, en el cual el estudiante puede elaborar su plan de estudios online y a distancia.","og_url":"https:\/\/www.aauniv.com\/s\/doctorados-pos-doctorados\/","article_modified_time":"2023-04-04T20:29:35+00:00","twitter_card":"summary_large_image","twitter_misc":{"Tiempo de lectura":"2 minutos"},"schema":{"@context":"https:\/\/schema.org","@graph":[{"@type":"WebPage","@id":"https:\/\/www.aauniv.com\/s\/doctorados-pos-doctorados\/","url":"https:\/\/www.aauniv.com\/s\/doctorados-pos-doctorados\/","name":"Doctorados & Pos-Doctorados |\u00a0AAU |\u00a0Universidad Americana","isPartOf":{"@id":"https:\/\/www.aauniv.com\/s\/#website"},"datePublished":"2017-06-14T21:49:36+00:00","dateModified":"2023-04-04T20:29:35+00:00","description":"Los doctorados y Pos-Doctorados de American Andragogy University son dise\u00f1ados en base al sistema andrag\u00f3gico, en el cual el estudiante puede elaborar su plan de estudios online y a distancia.","breadcrumb":{"@id":"https:\/\/www.aauniv.com\/s\/doctorados-pos-doctorados\/#breadcrumb"},"inLanguage":"es","potentialAction":[{"@type":"ReadAction","target":["https:\/\/www.aauniv.com\/s\/doctorados-pos-doctorados\/"]}]},{"@type":"BreadcrumbList","@id":"https:\/\/www.aauniv.com\/s\/doctorados-pos-doctorados\/#breadcrumb","itemListElement":[{"@type":"ListItem","position":1,"name":"Portada","item":"https:\/\/www.aauniv.com\/s\/"},{"@type":"ListItem","position":2,"name":"Doctorados \/ Pos-Doctorados"}]},{"@type":"WebSite","@id":"https:\/\/www.aauniv.com\/s\/#website","url":"https:\/\/www.aauniv.com\/s\/","name":"","description":"","publisher":{"@id":"https:\/\/www.aauniv.com\/s\/#organization"},"potentialAction":[{"@type":"SearchAction","target":{"@type":"EntryPoint","urlTemplate":"https:\/\/www.aauniv.com\/s\/?s={search_term_string}"},"query-input":"required name=search_term_string"}],"inLanguage":"es"},{"@type":"Organization","@id":"https:\/\/www.aauniv.com\/s\/#organization","name":"American Andragogy University","url":"https:\/\/www.aauniv.com\/s\/","logo":{"@type":"ImageObject","inLanguage":"es","@id":"https:\/\/www.aauniv.com\/s\/#\/schema\/logo\/image\/","url":"https:\/\/www.aauniv.com\/s\/wp-content\/uploads\/logo-american-andragogy-university.png","contentUrl":"https:\/\/www.aauniv.com\/s\/wp-content\/uploads\/logo-american-andragogy-university.png","width":395,"height":79,"caption":"American Andragogy University"},"image":{"@id":"https:\/\/www.aauniv.com\/s\/#\/schema\/logo\/image\/"}}]}},"_links":{"self":[{"href":"https:\/\/www.aauniv.com\/s\/wp-json\/wp\/v2\/pages\/491"}],"collection":[{"href":"https:\/\/www.aauniv.com\/s\/wp-json\/wp\/v2\/pages"}],"about":[{"href":"https:\/\/www.aauniv.com\/s\/wp-json\/wp\/v2\/types\/page"}],"author":[{"embeddable":true,"href":"https:\/\/www.aauniv.com\/s\/wp-json\/wp\/v2\/users\/1"}],"replies":[{"embeddable":true,"href":"https:\/\/www.aauniv.com\/s\/wp-json\/wp\/v2\/comments?post=491"}],"version-history":[{"count":24,"href":"https:\/\/www.aauniv.com\/s\/wp-json\/wp\/v2\/pages\/491\/revisions"}],"predecessor-version":[{"id":16935,"href":"https:\/\/www.aauniv.com\/s\/wp-json\/wp\/v2\/pages\/491\/revisions\/16935"}],"wp:attachment":[{"href":"https:\/\/www.aauniv.com\/s\/wp-json\/wp\/v2\/media?parent=491"}],"curies":[{"name":"wp","href":"https:\/\/api.w.org\/{rel}","templated":true}]}}