{"id":4445,"date":"2017-11-01T17:12:14","date_gmt":"2017-11-01T17:12:14","guid":{"rendered":"https:\/\/www.aauniv.com\/s\/?page_id=4445\/"},"modified":"2017-11-09T22:29:37","modified_gmt":"2017-11-09T22:29:37","slug":"licenciatura-ingenieria-informatica","status":"publish","type":"page","link":"https:\/\/www.aauniv.com\/s\/licenciatura-ingenieria-informatica\/","title":{"rendered":"Licenciatura en Ingenier\u00eda Inform\u00e1tica"},"content":{"rendered":"<section class=\"wpb-content-wrapper\"><p>[vc_row gap=\u00bb35&#8243; css=\u00bb.vc_custom_1505252474470{margin-top: 0px !important;border-top-width: 0px !important;padding-top: 0px !important;padding-bottom: 10px !important;}\u00bb][vc_column width=\u00bb1\/3&#8243; css=\u00bb.vc_custom_1505252615838{margin-bottom: 0px !important;border-bottom-width: 0px !important;padding-bottom: 0px !important;}\u00bb][vc_wp_custommenu nav_menu=\u00bb13&#8243; el_class=\u00bbmenu-programas\u00bb][\/vc_column][vc_column width=\u00bb2\/3&#8243; css=\u00bb.vc_custom_1505252491334{margin-bottom: 0px !important;border-bottom-width: 0px !important;padding-bottom: 0px !important;}\u00bb][vc_column_text css=\u00bb.vc_custom_1507218723877{margin-top: 0px !important;padding-top: 0px !important;}\u00bb]<\/p>\n<h2>Licenciatura\u00a0<span style=\"color: #f0b40a;\">en Ingenier\u00eda Inform\u00e1tica<\/span><\/h2>\n<h3>Contenidos<img decoding=\"async\" loading=\"lazy\" class=\"alignright wp-image-2654\" title=\"Diplomado en Administraci\u00f3n Bancaria Virtual\" src=\"https:\/\/www.aauniv.com\/s\/wp-content\/uploads\/Diplomado-en-Administraci\u00f3n-Bancaria-1024x683.jpg\" alt=\"Diplomado en Administraci\u00f3n Bancaria Virtual\" width=\"400\" height=\"267\" srcset=\"https:\/\/www.aauniv.com\/s\/wp-content\/uploads\/Diplomado-en-Administraci\u00f3n-Bancaria-1024x683.jpg 1024w, https:\/\/www.aauniv.com\/s\/wp-content\/uploads\/Diplomado-en-Administraci\u00f3n-Bancaria-300x200.jpg 300w, https:\/\/www.aauniv.com\/s\/wp-content\/uploads\/Diplomado-en-Administraci\u00f3n-Bancaria-768x512.jpg 768w, https:\/\/www.aauniv.com\/s\/wp-content\/uploads\/Diplomado-en-Administraci\u00f3n-Bancaria-219x146.jpg 219w, https:\/\/www.aauniv.com\/s\/wp-content\/uploads\/Diplomado-en-Administraci\u00f3n-Bancaria-50x33.jpg 50w, https:\/\/www.aauniv.com\/s\/wp-content\/uploads\/Diplomado-en-Administraci\u00f3n-Bancaria-113x75.jpg 113w\" sizes=\"(max-width: 400px) 100vw, 400px\" \/><\/h3>\n<p><a href=\"#Presentaci\u00f3n\">1) Presentaci\u00f3n<\/a><a name=\"Presentaci\u00f3n\"><\/a><\/p>\n<p><a href=\"#Requisitos\">2) Requisitos<\/a><\/p>\n<p><a href=\"#Duraci\u00f3n\">3) Duraci\u00f3n<\/a><\/p>\n<p><a href=\"#Metodolog\u00eda de estudio\">4) Metodolog\u00eda de estudio<\/a><\/p>\n<p><a href=\"#Tabla de Cr\u00e9ditos\">5) Tabla de Cr\u00e9ditos<\/a><\/p>\n<p><a href=\"#Objetivos\">6) Objetivos<\/a><\/p>\n<p><a href=\"#Cursos Sugeridos\">7) Cursos Sugeridos<\/a><\/p>\n<p><span style=\"text-decoration: underline;\"><a href=\"https:\/\/www.aauniv.com\/s\/plan-de-estudios-licenciaturas\/\">*VOLVER A LICENCIATURAS<\/a><\/span><\/p>\n<p><span style=\"text-decoration: underline;\"><a href=\"https:\/\/www.aauniv.com\/s\/planes-de-estudio\/\">*VOLVER A PLANES DE ESTUDIO<\/a><\/span>[\/vc_column_text][\/vc_column][\/vc_row][vc_row gap=\u00bb35&#8243; css=\u00bb.vc_custom_1505413351860{padding-bottom: 10px !important;}\u00bb][vc_column css=\u00bb.vc_custom_1505252259440{margin-top: 0px !important;border-top-width: 0px !important;padding-top: 0px !important;}\u00bb][vc_column_text css=\u00bb.vc_custom_1507218858377{margin-top: 0px !important;padding-top: 0px !important;}\u00bb]<\/p>\n<h3>1) Presentaci\u00f3n<\/h3>\n<p>Su programa de Licenciatura a distancia en AAU, le va a permitir a nuestros estudiantes la capacidad del auto aprendizaje. AAU va a poner a disposici\u00f3n de nuestros estudiantes todas las herramientas necesarias para lograr el m\u00e1ximo nivel de aprendizaje. De esta manera su avance acad\u00e9mico y conocimientos van hacer medidos en todo momento gracias a la evaluaci\u00f3n continua de su consejero acad\u00e9mico. El m\u00e9todo a distancia de AAU va ayudar a nuestros estudiantes optimizar sus tiempos y esfuerzo para su propio desarrollo acad\u00e9mico.<br \/>\n<a name=\"Requisitos\"><\/a><\/p>\n<p>La capacidad intelectual alcanzada por nuestros estudiantes, les va a permitir utilizar la investigaci\u00f3n para reconocerse y reconocer la actualidad de nuestro mundo actual. De esta manera nuestros estudiantes van a poder mejorar e innovar los procesos de comunicaci\u00f3n y negociaci\u00f3n adecuadas al campo de su entorno que desea desarrollarse.<br \/>\n<a name=\"Duraci\u00f3n\"><\/a><\/p>\n<h3>2) Requisitos<\/h3>\n<p>Diploma o certificados de secundaria (High School) completa o su equivalente, m\u00e1s 1 a\u00f1o de experiencia en el \u00e1rea de estudio de su inter\u00e9s ya sea acad\u00e9mica o laboralmente.<br \/>\n<a name=\"Metodolog\u00eda de estudio\"><\/a><\/p>\n<h3>3) Plan de Estudios &#8211; Duraci\u00f3n<\/h3>\n<p>El programa de estudios que AAU ofrece, consiste en las siguientes 4 fases:<\/p>\n<p><strong>Primera Fase:<\/strong> Es la fase donde el estudiante env\u00eda sus documentos acad\u00e9micos a su asesor acad\u00e9mico ya sea para corroborar su nivel acad\u00e9mico o para convalidar cursos de diferentes centros de estudios o laborales. A su vez el estudiante va a tener que desarrollar 5 campos requeridos de estudio general. Esta fase del programa debe ser completada por el estudiante dentro de 2 a 4 semanas como tiempo promedio. Si el trabajo presentado cumple con las bases acad\u00e9micas, el an\u00e1lisis y evaluaci\u00f3n por parte de AAU debe tomar de una a dos semanas.<\/p>\n<p><strong>Segunda Fase:<\/strong> Es la fase principal del programa, en la cual el estudiante va a desarrollar su plan de estudios, definiendo los cursos que est\u00e1 interesado estudiar. Primero va a tener que sugerir y dise\u00f1ar una propuesta de plan de estudios (AAU cuenta con un cat\u00e1logo de cursos sugeridos) y luego desarrollar\u00e1 los cursos que han sido aprobados para su estudio por AAU. Durante esta fase, el estudiante deber\u00e1 presenter como m\u00ednimo un curso concluido por mes. Si el trabajo presentado cumple con las bases acad\u00e9micas, el an\u00e1lisis y evaluaci\u00f3n por parte de AAU debe tomar de tres a cuatro semanas<\/p>\n<p><strong>Tercera Fase:<\/strong> Es la fase donde se desarrolla la propuesta de Tesis y el desarrollo de la Tesis. El desarrollo y conclusi\u00f3n de esta fase puede tomar al estudiante un promedio de 8 semanas. Si el trabajo presentado cumple con las bases acad\u00e9micas, el an\u00e1lisis y evaluaci\u00f3n por parte de AAU ser\u00e1 de seis a ocho semanas.<\/p>\n<p><strong>Cuarta Fase:<\/strong> Es la fase administrativa, donde el Departamento Administrativo de AAU acuerda con el estudiante el env\u00edo de documentos oficiales, que el estudiante requiera. El tr\u00e1mite de titulaci\u00f3n y graduaci\u00f3n puede tomar entre 1 a 2 meses.<\/p>\n<h3>4) Metodolog\u00eda de Estudio<\/h3>\n<p>AAU ofrece a sus estudiantes un m\u00e9todo de estudio a distancia, en el cual los estudiantes no necesitan asistir f\u00edsicamente a ning\u00fan aula. \u00c9stos adoptan una plataforma de estudio con la cual tienen acceso a su tutor personal.<\/p>\n<ul>\n<li>El estudiante puede disfrutar de un horario de estudios flexible, organizando su tiempo de manera libre y con un alto nivel de autodisciplina.<\/li>\n<li>El estudiante va acceder a este tipo de educaci\u00f3n independiente en el lugar donde residan, eliminando as\u00ed las dificultades de ubicaci\u00f3n geogr\u00e1fica, organizaci\u00f3n del tiempo de estudio y respeto a la vida familiar y obligaciones laborales.<\/li>\n<li>Una vez el estudiante est\u00e1 matriculado oficialmente en el programa de Diplomado, se le asignara un usuario y una contrase\u00f1a para acceder a la Plataforma Virtual Estudiantil. Este proceso no debe tomar m\u00e1s de 24 horas. Plataforma de estudio es de utilidad para que los estudiantes puedan manejar de manera organizada todo su avance acad\u00e9mico, realizar consultas directas a su asesor acad\u00e9mico y contar con el desarrollo integral de su programa utilizando Internet.<\/li>\n<li>El estudiante podr\u00e1 hacer el uso de diferentes bibliotecas virtuales que se encuentra en internet. De esta manera, los estudiantes tendr\u00e1n libre acceso a libros y publicaciones electr\u00f3nicas, como, as\u00ed mismo, a bases de datos acad\u00e9micas, para as\u00ed poder realizar sus investigaciones.<\/li>\n<li>AAU ofrece a sus estudiantes una serie de cursos sugeridos en el programa a estudiar. La funci\u00f3n del estudiante en coordinaci\u00f3n con su asesor acad\u00e9mico es escoger los cursos de estudio para el desarrollo de la licenciatura. Si parte de los cursos sugeridos por el programa acad\u00e9mico de AAU no se adapta a las necesidades del estudiante, el estudiante mismo va poder sugerir otros cursos que cumplan sus expectativas, siempre y cuando cumplan con los formatos acad\u00e9micos que AAU requiere.<\/li>\n<\/ul>\n<h3>5) Tabla de Cr\u00e9ditos<\/h3>\n<p>El total de cr\u00e9ditos que se necesita tener para concluir los estudios de una Licenciatura es 120.<\/p>\n<p>AAU otorgara un m\u00e1ximo de 24 cr\u00e9ditos por convalidaci\u00f3n de cr\u00e9ditos de otras instituciones, experiencia laboral y de vida en el campo de la profesi\u00f3n de inter\u00e9s.<\/p>\n<p>AAU en la fase 1 del programa tiene 5 campos de desarrollo obligatorio (3 cr\u00e9ditos por cada uno), los cuales ya est\u00e1n establecidos.<\/p>\n<p>AAU ofrece a sus estudiantes la elecci\u00f3n de 15 a 20 cursos basados en el criterio del Consejero Acad\u00e9mico. A continuaci\u00f3n, una tabla de cr\u00e9ditos promedio:<\/p>\n<p>15 cr\u00e9ditos obligatorios +<\/p>\n<p>24 cr\u00e9ditos de convalidaci\u00f3n como m\u00e1ximo<\/p>\n<p>&#8212;&#8212;&#8212;&#8212;&#8212;&#8212;&#8212;&#8212;&#8212;&#8212;&#8212;&#8212;&#8212;&#8212;&#8212;&#8211;<\/p>\n<p>39 cr\u00e9ditos otorgados +<\/p>\n<p>51 cr\u00e9ditos por estudiar (promedio de 17 cursos)<\/p>\n<p>30 cr\u00e9ditos por tesis<\/p>\n<p>&#8212;&#8212;&#8212;&#8212;&#8212;&#8212;&#8212;&#8212;&#8212;&#8212;&#8212;&#8212;&#8212;&#8212;&#8212;&#8211;<\/p>\n<p>120 cr\u00e9ditos de total para la Licenciatura<\/p>\n<h3>6) Objetivo<\/h3>\n<p><a name=\"Cursos Sugeridos\"><\/a><\/p>\n<p>El objetivo fundamental de la Licenciatura es formar profesionales id\u00f3neos disciplinar y profesionalmente, con competencias investigativas y sensibilidad social, de tal manera que puedan realizar lecturas e intervenciones individuales y colectivas, de car\u00e1cter reflexivo.<\/p>\n<h3>7) Cursos Sugeridos<\/h3>\n<p>A continuaci\u00f3n usted va a poder encontrar cursos que son requeridos como una base de estudio general y tambi\u00e9n cursos que se adaptan a su plan de estudios deseado. Sin embargo eso no significa que es un plan estandarizado para su programa que desea estudiar. Los siguientes son cursos sugeridos que le pueden servir de gu\u00eda para realizar su propio plan de estudios.<\/p>\n<ol>\n<li>Inform\u00e1tica B\u00e1sica<\/li>\n<li>C\u00e1lculo Diferencial<\/li>\n<li>Matem\u00e1tica Discreta<\/li>\n<li>Espa\u00f1ol<\/li>\n<li>Principio de Ecolog\u00eda<\/li>\n<li>C\u00e1lculo Integral<\/li>\n<li>\u00c1lgebra Lineal<\/li>\n<li>Programaci\u00f3n I<\/li>\n<li>F\u00edsica General<\/li>\n<\/ol>\n<p>10.Ingl\u00e9s T\u00e9cnico I<\/p>\n<p>11.Electricidad y \u00d3ptica<\/p>\n<p>12.Programaci\u00f3n II<\/p>\n<p>13.L\u00f3gica Formal<\/p>\n<p>14.Ecuac. Diferenciales<\/p>\n<p>15.Ingl\u00e9s T\u00e9cnico II<\/p>\n<p>16.Econom\u00eda<\/p>\n<p>17.Anal. y comp. De Circuitos<\/p>\n<p>18.Programaci\u00f3n III<\/p>\n<p>19.Inform\u00e1tica Te\u00f3rica I<\/p>\n<p>20.Probabilidad y Estad\u00edstica<\/p>\n<p>21.Fund. De los Computadores<\/p>\n<p>22.Contabilidad<\/p>\n<p>23.Inv. de Operaciones<\/p>\n<p>24.Inform\u00e1tica Te\u00f3rica II<\/p>\n<p>25.Procesos y Redes Estoc\u00e1sticos<\/p>\n<p>26.An\u00e1lisis Num\u00e9rico<\/p>\n<p>27.Programaci\u00f3n IV<\/p>\n<p>28.Decisiones Financieras<\/p>\n<p>29.Inv. De Operaciones II<\/p>\n<p>30.Estruc. De Leng. De Programaci\u00f3n<\/p>\n<p>31.Adm. De Empresas<\/p>\n<p>32.Teor\u00eda de la Inf. y Codificaci\u00f3n<\/p>\n<p>33.Programaci\u00f3n V<\/p>\n<p>[\/vc_column_text][\/vc_column][\/vc_row]<\/p>\n<\/section>","protected":false},"excerpt":{"rendered":"<p>[vc_row gap=\u00bb35&#8243; css=\u00bb.vc_custom_1505252474470{margin-top: 0px !important;border-top-width: 0px !important;padding-top: 0px !important;padding-bottom: 10px !important;}\u00bb][vc_column width=\u00bb1\/3&#8243; css=\u00bb.vc_custom_1505252615838{margin-bottom: 0px !important;border-bottom-width: 0px !important;padding-bottom: 0px !important;}\u00bb][vc_wp_custommenu nav_menu=\u00bb13&#8243; el_class=\u00bbmenu-programas\u00bb][\/vc_column][vc_column width=\u00bb2\/3&#8243; css=\u00bb.vc_custom_1505252491334{margin-bottom: 0px !important;border-bottom-width: 0px<span class=\"excerpt-hellip\"> [\u2026]<\/span><\/p>\n","protected":false},"author":1,"featured_media":0,"parent":0,"menu_order":0,"comment_status":"closed","ping_status":"closed","template":"","meta":{"footnotes":""},"yoast_head":"<!-- This site is optimized with the Yoast SEO plugin v22.6 - https:\/\/yoast.com\/wordpress\/plugins\/seo\/ -->\n<title>Licenciatura en Ingenier\u00eda Inform\u00e1tica | Virtual | Universidad Americana<\/title>\n<meta name=\"description\" content=\"American Andragogy University en EEUU ofrece la Licenciatura en Ingenier\u00eda Inform\u00e1tica online y en espa\u00f1ol. Aplica para una beca del 50%!\" \/>\n<meta name=\"robots\" content=\"index, follow, max-snippet:-1, max-image-preview:large, max-video-preview:-1\" \/>\n<link rel=\"canonical\" href=\"https:\/\/www.aauniv.com\/s\/licenciatura-ingenieria-informatica\/\" \/>\n<meta property=\"og:locale\" content=\"es_ES\" \/>\n<meta property=\"og:type\" content=\"article\" \/>\n<meta property=\"og:title\" content=\"Licenciatura en Ingenier\u00eda Inform\u00e1tica | Virtual | Universidad Americana\" \/>\n<meta property=\"og:description\" content=\"American Andragogy University en EEUU ofrece la Licenciatura en Ingenier\u00eda Inform\u00e1tica online y en espa\u00f1ol. Aplica para una beca del 50%!\" \/>\n<meta property=\"og:url\" content=\"https:\/\/www.aauniv.com\/s\/licenciatura-ingenieria-informatica\/\" \/>\n<meta property=\"article:modified_time\" content=\"2017-11-09T22:29:37+00:00\" \/>\n<meta property=\"og:image\" content=\"https:\/\/www.aauniv.com\/s\/wp-content\/uploads\/Diplomado-en-Administraci\u00f3n-Bancaria-1024x683.jpg\" \/>\n<meta name=\"twitter:card\" content=\"summary_large_image\" \/>\n<meta name=\"twitter:label1\" content=\"Tiempo de lectura\" \/>\n\t<meta name=\"twitter:data1\" content=\"7 minutos\" \/>\n<script type=\"application\/ld+json\" class=\"yoast-schema-graph\">{\"@context\":\"https:\/\/schema.org\",\"@graph\":[{\"@type\":\"WebPage\",\"@id\":\"https:\/\/www.aauniv.com\/s\/licenciatura-ingenieria-informatica\/\",\"url\":\"https:\/\/www.aauniv.com\/s\/licenciatura-ingenieria-informatica\/\",\"name\":\"Licenciatura en Ingenier\u00eda Inform\u00e1tica | Virtual | Universidad Americana\",\"isPartOf\":{\"@id\":\"https:\/\/www.aauniv.com\/s\/#website\"},\"datePublished\":\"2017-11-01T17:12:14+00:00\",\"dateModified\":\"2017-11-09T22:29:37+00:00\",\"description\":\"American Andragogy University en EEUU ofrece la Licenciatura en Ingenier\u00eda Inform\u00e1tica online y en espa\u00f1ol. Aplica para una beca del 50%!\",\"breadcrumb\":{\"@id\":\"https:\/\/www.aauniv.com\/s\/licenciatura-ingenieria-informatica\/#breadcrumb\"},\"inLanguage\":\"es\",\"potentialAction\":[{\"@type\":\"ReadAction\",\"target\":[\"https:\/\/www.aauniv.com\/s\/licenciatura-ingenieria-informatica\/\"]}]},{\"@type\":\"BreadcrumbList\",\"@id\":\"https:\/\/www.aauniv.com\/s\/licenciatura-ingenieria-informatica\/#breadcrumb\",\"itemListElement\":[{\"@type\":\"ListItem\",\"position\":1,\"name\":\"Portada\",\"item\":\"https:\/\/www.aauniv.com\/s\/\"},{\"@type\":\"ListItem\",\"position\":2,\"name\":\"Licenciatura en Ingenier\u00eda Inform\u00e1tica\"}]},{\"@type\":\"WebSite\",\"@id\":\"https:\/\/www.aauniv.com\/s\/#website\",\"url\":\"https:\/\/www.aauniv.com\/s\/\",\"name\":\"\",\"description\":\"\",\"publisher\":{\"@id\":\"https:\/\/www.aauniv.com\/s\/#organization\"},\"potentialAction\":[{\"@type\":\"SearchAction\",\"target\":{\"@type\":\"EntryPoint\",\"urlTemplate\":\"https:\/\/www.aauniv.com\/s\/?s={search_term_string}\"},\"query-input\":\"required name=search_term_string\"}],\"inLanguage\":\"es\"},{\"@type\":\"Organization\",\"@id\":\"https:\/\/www.aauniv.com\/s\/#organization\",\"name\":\"American Andragogy University\",\"url\":\"https:\/\/www.aauniv.com\/s\/\",\"logo\":{\"@type\":\"ImageObject\",\"inLanguage\":\"es\",\"@id\":\"https:\/\/www.aauniv.com\/s\/#\/schema\/logo\/image\/\",\"url\":\"https:\/\/www.aauniv.com\/s\/wp-content\/uploads\/logo-american-andragogy-university.png\",\"contentUrl\":\"https:\/\/www.aauniv.com\/s\/wp-content\/uploads\/logo-american-andragogy-university.png\",\"width\":395,\"height\":79,\"caption\":\"American Andragogy University\"},\"image\":{\"@id\":\"https:\/\/www.aauniv.com\/s\/#\/schema\/logo\/image\/\"}}]}<\/script>\n<!-- \/ Yoast SEO plugin. -->","yoast_head_json":{"title":"Licenciatura en Ingenier\u00eda Inform\u00e1tica | Virtual | Universidad Americana","description":"American Andragogy University en EEUU ofrece la Licenciatura en Ingenier\u00eda Inform\u00e1tica online y en espa\u00f1ol. Aplica para una beca del 50%!","robots":{"index":"index","follow":"follow","max-snippet":"max-snippet:-1","max-image-preview":"max-image-preview:large","max-video-preview":"max-video-preview:-1"},"canonical":"https:\/\/www.aauniv.com\/s\/licenciatura-ingenieria-informatica\/","og_locale":"es_ES","og_type":"article","og_title":"Licenciatura en Ingenier\u00eda Inform\u00e1tica | Virtual | Universidad Americana","og_description":"American Andragogy University en EEUU ofrece la Licenciatura en Ingenier\u00eda Inform\u00e1tica online y en espa\u00f1ol. Aplica para una beca del 50%!","og_url":"https:\/\/www.aauniv.com\/s\/licenciatura-ingenieria-informatica\/","article_modified_time":"2017-11-09T22:29:37+00:00","og_image":[{"url":"https:\/\/www.aauniv.com\/s\/wp-content\/uploads\/Diplomado-en-Administraci\u00f3n-Bancaria-1024x683.jpg"}],"twitter_card":"summary_large_image","twitter_misc":{"Tiempo de lectura":"7 minutos"},"schema":{"@context":"https:\/\/schema.org","@graph":[{"@type":"WebPage","@id":"https:\/\/www.aauniv.com\/s\/licenciatura-ingenieria-informatica\/","url":"https:\/\/www.aauniv.com\/s\/licenciatura-ingenieria-informatica\/","name":"Licenciatura en Ingenier\u00eda Inform\u00e1tica | Virtual | Universidad Americana","isPartOf":{"@id":"https:\/\/www.aauniv.com\/s\/#website"},"datePublished":"2017-11-01T17:12:14+00:00","dateModified":"2017-11-09T22:29:37+00:00","description":"American Andragogy University en EEUU ofrece la Licenciatura en Ingenier\u00eda Inform\u00e1tica online y en espa\u00f1ol. Aplica para una beca del 50%!","breadcrumb":{"@id":"https:\/\/www.aauniv.com\/s\/licenciatura-ingenieria-informatica\/#breadcrumb"},"inLanguage":"es","potentialAction":[{"@type":"ReadAction","target":["https:\/\/www.aauniv.com\/s\/licenciatura-ingenieria-informatica\/"]}]},{"@type":"BreadcrumbList","@id":"https:\/\/www.aauniv.com\/s\/licenciatura-ingenieria-informatica\/#breadcrumb","itemListElement":[{"@type":"ListItem","position":1,"name":"Portada","item":"https:\/\/www.aauniv.com\/s\/"},{"@type":"ListItem","position":2,"name":"Licenciatura en Ingenier\u00eda Inform\u00e1tica"}]},{"@type":"WebSite","@id":"https:\/\/www.aauniv.com\/s\/#website","url":"https:\/\/www.aauniv.com\/s\/","name":"","description":"","publisher":{"@id":"https:\/\/www.aauniv.com\/s\/#organization"},"potentialAction":[{"@type":"SearchAction","target":{"@type":"EntryPoint","urlTemplate":"https:\/\/www.aauniv.com\/s\/?s={search_term_string}"},"query-input":"required name=search_term_string"}],"inLanguage":"es"},{"@type":"Organization","@id":"https:\/\/www.aauniv.com\/s\/#organization","name":"American Andragogy University","url":"https:\/\/www.aauniv.com\/s\/","logo":{"@type":"ImageObject","inLanguage":"es","@id":"https:\/\/www.aauniv.com\/s\/#\/schema\/logo\/image\/","url":"https:\/\/www.aauniv.com\/s\/wp-content\/uploads\/logo-american-andragogy-university.png","contentUrl":"https:\/\/www.aauniv.com\/s\/wp-content\/uploads\/logo-american-andragogy-university.png","width":395,"height":79,"caption":"American Andragogy University"},"image":{"@id":"https:\/\/www.aauniv.com\/s\/#\/schema\/logo\/image\/"}}]}},"_links":{"self":[{"href":"https:\/\/www.aauniv.com\/s\/wp-json\/wp\/v2\/pages\/4445"}],"collection":[{"href":"https:\/\/www.aauniv.com\/s\/wp-json\/wp\/v2\/pages"}],"about":[{"href":"https:\/\/www.aauniv.com\/s\/wp-json\/wp\/v2\/types\/page"}],"author":[{"embeddable":true,"href":"https:\/\/www.aauniv.com\/s\/wp-json\/wp\/v2\/users\/1"}],"replies":[{"embeddable":true,"href":"https:\/\/www.aauniv.com\/s\/wp-json\/wp\/v2\/comments?post=4445"}],"version-history":[{"count":3,"href":"https:\/\/www.aauniv.com\/s\/wp-json\/wp\/v2\/pages\/4445\/revisions"}],"predecessor-version":[{"id":4732,"href":"https:\/\/www.aauniv.com\/s\/wp-json\/wp\/v2\/pages\/4445\/revisions\/4732"}],"wp:attachment":[{"href":"https:\/\/www.aauniv.com\/s\/wp-json\/wp\/v2\/media?parent=4445"}],"curies":[{"name":"wp","href":"https:\/\/api.w.org\/{rel}","templated":true}]}}