{"id":348,"date":"2017-06-06T14:47:49","date_gmt":"2017-06-06T14:47:49","guid":{"rendered":"http:\/\/www.clientes.involto.net\/aau\/?page_id=348"},"modified":"2025-09-07T23:14:00","modified_gmt":"2025-09-07T23:14:00","slug":"acerca-de-aau","status":"publish","type":"page","link":"https:\/\/www.aauniv.com\/s\/acerca-de-aau\/","title":{"rendered":"ACERCA DE AAU &#8211; HAWAII \u2013 EEUU"},"content":{"rendered":"<section class=\"wpb-content-wrapper\"><p>[vc_row gap=\u00bb30&#8243; css=\u00bb.vc_custom_1496762549335{padding-top: 80px !important;padding-bottom: 10px !important;}\u00bb][vc_column width=\u00bb1\/3&#8243;][vc_row_inner css=\u00bb.vc_custom_1496761123027{margin-bottom: 10px !important;border-bottom-width: 1px !important;background-color: #eeeeee !important;border-bottom-color: #dddddd !important;border-bottom-style: solid !important;}\u00bb][vc_column_inner width=\u00bb1\/4&#8243;][vc_icon icon_fontawesome=\u00bbfa fa-phone\u00bb color=\u00bbcustom\u00bb size=\u00bblg\u00bb custom_color=\u00bb#3a424d\u00bb css=\u00bb.vc_custom_1496762931028{margin-bottom: 0px !important;padding-bottom: 0px !important;}\u00bb][\/vc_column_inner][vc_column_inner width=\u00bb3\/4&#8243;][vc_column_text]<strong>N\u00daMERO<\/strong><\/p>\n<p><strong><img decoding=\"async\" loading=\"lazy\" id=\"m_9127722115805440339Imagen_x0020_1\" class=\"CToWUd\" src=\"https:\/\/www.aauniv.com\/s\/wp-content\/uploads\/icon-whatsapp.png\" width=\"15\" height=\"15\" border=\"0\" data-image-whitelisted=\"\" \/>\u00a0<\/strong><a href=\"https:\/\/api.whatsapp.com\/send?phone=18084646658&amp;text=Hola,%20estoy%20interesado%20en%20los%20programas%20de%20estudios%20online\">+1 808 4646658<\/a><\/p>\n<p><img decoding=\"async\" loading=\"lazy\" id=\"m_9127722115805440339Imagen_x0020_2\" class=\"CToWUd\" src=\"https:\/\/www.aauniv.com\/s\/wp-content\/uploads\/icon-whatsapp.png\" width=\"15\" height=\"15\" border=\"0\" data-image-whitelisted=\"\" \/>\u00a0<a href=\"https:\/\/api.whatsapp.com\/send?phone=18086994618&amp;text=Hola,%20estoy%20interesado%20en%20los%20programas%20de%20estudios%20online\">+1 808 6994618<\/a>[\/vc_column_text][\/vc_column_inner][\/vc_row_inner][vc_row_inner css=\u00bb.vc_custom_1496761128158{margin-bottom: 10px !important;border-bottom-width: 1px !important;background-color: #eeeeee !important;border-bottom-color: #dddddd !important;border-bottom-style: solid !important;}\u00bb][vc_column_inner width=\u00bb1\/4&#8243;][vc_icon icon_fontawesome=\u00bbfa fa-envelope-o\u00bb color=\u00bbcustom\u00bb size=\u00bblg\u00bb custom_color=\u00bb#3a424d\u00bb css=\u00bb.vc_custom_1496762942626{margin-bottom: 0px !important;padding-bottom: 0px !important;}\u00bb][\/vc_column_inner][vc_column_inner width=\u00bb3\/4&#8243;][vc_column_text]<strong>CONTACTARNOS<\/strong><br \/>\n<a class=\"btn_formlink\" href=\"https:\/\/www.aauniv.com\/s\/contactanos\/\" target=\"_blank\" rel=\"noopener noreferrer\"><strong>Ir al formulario<\/strong><\/a>[\/vc_column_text][\/vc_column_inner][\/vc_row_inner][\/vc_column][vc_column width=\u00bb2\/3&#8243;][vc_column_text css=\u00bb.vc_custom_1540840097282{margin-top: 0px !important;padding-top: 0px !important;}\u00bb]American Andragogy University es una instituci\u00f3n educativa que ofrece programas a distancia para personas adultas que tengan la capacidad de llevar a cabo un estudio autodidacta, tales como cursos, diplomados, licenciaturas, maestr\u00edas y doctorados.<\/p>\n<p>Estos son realizados a trav\u00e9s de un sistema de estudio andrag\u00f3gico, donde el estudiante puede suministrarse las ense\u00f1anzas de manera te\u00f3rica, a fin de asimilar estas t\u00e9cnicas y as\u00ed ejercerlas en la vida cotidiana.<\/p>\n<p>Para lograr el desarrollo del estudiante de una manera autodidacta, AAU facilita a sus estudiantes lo siguiente:<\/p>\n<ul>\n<li>El uso de diferentes Bibliotecas Virtuales: los estudiantes tendr\u00e1n libre acceso a libros y publicaciones digitales.<\/li>\n<li>Plataforma de estudio: los estudiantes podr\u00e1n manejar de manera organizada todo su avance acad\u00e9mico, realizar consultas directas a su asesor acad\u00e9mico y contar con el desarrollo integral a su programa utilizando el Internet.<\/li>\n<\/ul>\n<p>AAU, al brindar las principales herramientas para el desarrollo del estudiante, tambi\u00e9n espera de este ciertas caracter\u00edsticas para desarrollar su base de estudio bajo el sistema andrag\u00f3gico:<\/p>\n<ul>\n<li>Personalidad definida.<\/li>\n<li>Experiencia previa en el \u00e1rea que se quiere auto capacitar.<\/li>\n<li>Facilidad para el aprendizaje.<\/li>\n<li>Estar orientado para el estudio autodidacta.<\/li>\n<li>Tener motivaci\u00f3n para el aprendizaje.<\/li>\n<\/ul>\n<p>[\/vc_column_text]<div class=\"ult_exp_section_layer ult-adjust-bottom-margin  \" >\n\t<div id=\"uvc-exp-wrap-2869\"   data-ultimate-target='#uvc-exp-wrap-2869'  data-responsive-json-new='{\"font-size\":\"desktop:15px;\",\"line-height\":\"desktop:15px;\"}'  class=\"ult_exp_section  ult-responsive \" style=\"color:#0095eb;background-color:#ffffff; font-weight:normal;margin:0px;padding:0px;text-align:center;\" data-textcolor=\"#0095eb\"data-texthover=\"#333333\"data-icncolor=\"#0095eb\"data-ihover=\"#333333\"data-height=\"0\"data-cntbg=\"#ffffff\"data-cnthvrbg=\"#e5e5e5\"data-headerbg=\"#ffffff\"data-headerhover=\"#e5e5e5\"data-title=\"Leer m\u00e1s\"data-newtitle=\"Ocultar\"data-icon=\"Defaults-angle-down\"data-newicon=\"Defaults-angle-up\"data-activeicon=\"#333333\"data-effect=\"slideToggle\"data-override=\"0\"data-activetitle=\"#333333\"data-activebg=\"#dbdbdb\"data-img=\"\"data-newimg=\"\"><div  class=\"ult_exp_section-main ult_expright_icon\">\n\t\t\t\t\t<div class=\"ult_expheader\" >Leer m\u00e1s\n\t\t\t\t\t <\/div>\t<div class=\"ult-just-icon-wrapper ult_exp_icon\">\n\t\t\t\t\t<div class=\"align-icon \">\n\t\t\t\t\t\t\n<span class=\"aio-icon  none  ult_expsection_icon \"  style=\"color:#0095eb;font-size:32px;display:inline-block;\">\n\t<i class=\"Defaults-angle-down ult_ex_icon\"  ><\/i>\n<\/span>\n\t\t\t\t\t<\/div>\n\t\t\t\t<\/div><\/div>\n\t\t\t\t<\/div><div class=\"ult_exp_content \" style=\"background-color:#ffffff;  \"><div class=\"ult_ecpsub_cont\" style=\" \" >[vc_column_text]AAU, bajo el concepto del estudio andrag\u00f3gico, le brinda a sus estudiantes un sistema de aprendizaje libre y creativo, donde ellos van descubriendo su talento y capacidad para su desarrollo intelectual con ayuda de los asesores acad\u00e9micos asignados.<\/p>\n<h3>Educaci\u00f3n a distancia<\/h3>\n<div class=\"linea-001\"><\/div>\n<p>AAU ofrece a sus estudiantes un m\u00e9todo de estudio a distancia, en el cual no necesitan asistir f\u00edsicamente a ning\u00fan aula. \u00c9stos adoptan una plataforma de estudio virtual con la cual tienen acceso a su tutor personal.<\/p>\n<p>Lo atractivo de \u00e9ste m\u00e9todo, radica en el estudiante que puede disfrutar de un horario de estudios flexible, organizando su tiempo de manera libre y con un alto nivel de autodisciplina.<\/p>\n<p>El sitema ofrecido por AAU los estudiantes van a acceder a este tipo de educaci\u00f3n andrag\u00f3gica independiente del lugar donde residan, eliminando as\u00ed las dificultades de ubicaci\u00f3n geogr\u00e1fica, organizaci\u00f3n del tiempo de estudio y respeto a la vida familiar tanto como a las obligaciones laborales.<\/p>\n<h3>Misi\u00f3n<\/h3>\n<div class=\"linea-001\"><\/div>\n<p>El desarollo y perfeccionamiento continuo de los programas acad\u00e9micos bajo el m\u00e9todo del estudio andrag\u00f3gico. A su vez, lograr que el avance acad\u00e9mico y profesional de nuestros egresados sea \u00fatil y \u00e9tico para su desarrollo dentro de la sociedad.<\/p>\n<h3>Visi\u00f3n<\/h3>\n<div class=\"linea-001\"><\/div>\n<p>Hacer de la educaci\u00f3n andrag\u00f3gica una herramienta acad\u00e9mica que sirva para el fortalecimiento del ser humano en todo lo que respecta a su integraci\u00f3n en el medio social. Del mismo modo hacer que el individuo colabore en el desarrollo de integraci\u00f3n de la sociedad de manera positiva.<\/p>\n<h3>Andragog\u00eda<\/h3>\n<div class=\"linea-001\"><\/div>\n<p>Andragog\u00eda es la ciencia y arte que, siendo de la antropolog\u00eda y estando inmersa en la educaci\u00f3n permanente, se desarrolla a trav\u00e9s de una praxis fundamentada en los principios de participaci\u00f3n y horizontalidad; cuyo proceso, al ser orientado con caracter\u00edsticas sin\u00e9rgicas por el facilitador del aprendizaje, permite incrementar el pensamiento, la utosugesti\u00f3n, la calidad de vida y la creatividad del participante adulto, con el prop\u00f3sito de proporcionarle una oportunidad para que logre su autorealizaci\u00f3n.<\/p>\n<h3>Filosof\u00eda Andragog\u00eda<\/h3>\n<div class=\"linea-001\"><\/div>\n<p>Permitirle al estudiante autonom\u00eda, en la cual va a poder desarrollar su capacitaci\u00f3n personal, suministrando sus propios tiempos a su propio ritmo. De igual manera, la educaci\u00f3n andrag\u00f3gica le dar\u00e1 al estudiante la libertad y creatividad necesaria para el desarrollo de su programa, convirti\u00e9ndolo as\u00ed, en una persona m\u00e1s independiente.[\/vc_column_text]<div class=\" ubtn-ctn-left \"><a class=\"ubtn-link ult-adjust-bottom-margin ubtn-left ubtn-large \" href=\"https:\/\/www.aauniv.com\/s\/contactanos\/\" target=\"_blank\" rel=\"noopener\" ><button type=\"button\" id=\"ubtn-9840\"  class=\"ubtn ult-adjust-bottom-margin ult-responsive ubtn-large ubtn-no-hover-bg  none  ubtn-left   tooltip-69d14656185e2\"  data-hover=\"\" data-border-color=\"\" data-bg=\"#f0b40a\" data-hover-bg=\"\" data-border-hover=\"\" data-shadow-hover=\"\" data-shadow-click=\"none\" data-shadow=\"\" data-shd-shadow=\"\"  data-ultimate-target='#ubtn-9840'  data-responsive-json-new='{\"font-size\":\"desktop:15px;tablet:15px;tablet_portrait:15px;mobile_landscape:14px;mobile:12px;\",\"line-height\":\"desktop:15px;\"}'  style=\"font-weight:normal;border:none;background: #f0b40a;color: #ffffff;\"><span class=\"ubtn-hover\" style=\"background-color:\"><\/span><span class=\"ubtn-data ubtn-text \" >SOLICITA M\u00c1S INFORMACI\u00d3N<\/span><\/button><\/a><\/div><\/div><\/div>\n\n\t\t\t<\/div>[\/vc_column][\/vc_row]<\/p>\n<\/section>","protected":false},"excerpt":{"rendered":"<p>[vc_row gap=\u00bb30&#8243; css=\u00bb.vc_custom_1496762549335{padding-top: 80px !important;padding-bottom: 10px !important;}\u00bb][vc_column width=\u00bb1\/3&#8243;][vc_row_inner css=\u00bb.vc_custom_1496761123027{margin-bottom: 10px !important;border-bottom-width: 1px !important;background-color: #eeeeee !important;border-bottom-color: #dddddd !important;border-bottom-style: solid !important;}\u00bb][vc_column_inner width=\u00bb1\/4&#8243;][vc_icon icon_fontawesome=\u00bbfa fa-phone\u00bb color=\u00bbcustom\u00bb size=\u00bblg\u00bb custom_color=\u00bb#3a424d\u00bb css=\u00bb.vc_custom_1496762931028{margin-bottom:<span class=\"excerpt-hellip\"> [\u2026]<\/span><\/p>\n","protected":false},"author":1,"featured_media":0,"parent":0,"menu_order":0,"comment_status":"open","ping_status":"open","template":"","meta":{"footnotes":""},"yoast_head":"<!-- This site is optimized with the Yoast SEO plugin v22.6 - https:\/\/yoast.com\/wordpress\/plugins\/seo\/ -->\n<title>Acerca de AAU - American Adragogy University - Hawaii - Estados Unidos<\/title>\n<meta name=\"description\" content=\"AAU es una instituci\u00f3n educativa que ofrece programas a distancia para personas adultas que tengan la capacidad de llevar a cabo un estudio autodidacta.\" \/>\n<meta name=\"robots\" content=\"index, follow, max-snippet:-1, max-image-preview:large, max-video-preview:-1\" \/>\n<link rel=\"canonical\" href=\"https:\/\/www.aauniv.com\/s\/acerca-de-aau\/\" \/>\n<meta property=\"og:locale\" content=\"es_ES\" \/>\n<meta property=\"og:type\" content=\"article\" \/>\n<meta property=\"og:title\" content=\"Acerca de AAU - American Adragogy University - Hawaii - Estados Unidos\" \/>\n<meta property=\"og:description\" content=\"AAU es una instituci\u00f3n educativa que ofrece programas a distancia para personas adultas que tengan la capacidad de llevar a cabo un estudio autodidacta.\" \/>\n<meta property=\"og:url\" content=\"https:\/\/www.aauniv.com\/s\/acerca-de-aau\/\" \/>\n<meta property=\"article:modified_time\" content=\"2025-09-07T23:14:00+00:00\" \/>\n<meta property=\"og:image\" content=\"https:\/\/www.aauniv.com\/s\/wp-content\/uploads\/icon-whatsapp.png\" \/>\n<meta name=\"twitter:card\" content=\"summary_large_image\" \/>\n<meta name=\"twitter:label1\" content=\"Tiempo de lectura\" \/>\n\t<meta name=\"twitter:data1\" content=\"4 minutos\" \/>\n<script type=\"application\/ld+json\" class=\"yoast-schema-graph\">{\"@context\":\"https:\/\/schema.org\",\"@graph\":[{\"@type\":\"WebPage\",\"@id\":\"https:\/\/www.aauniv.com\/s\/acerca-de-aau\/\",\"url\":\"https:\/\/www.aauniv.com\/s\/acerca-de-aau\/\",\"name\":\"Acerca de AAU - American Adragogy University - Hawaii - Estados Unidos\",\"isPartOf\":{\"@id\":\"https:\/\/www.aauniv.com\/s\/#website\"},\"primaryImageOfPage\":{\"@id\":\"https:\/\/www.aauniv.com\/s\/acerca-de-aau\/#primaryimage\"},\"image\":{\"@id\":\"https:\/\/www.aauniv.com\/s\/acerca-de-aau\/#primaryimage\"},\"thumbnailUrl\":\"https:\/\/www.aauniv.com\/s\/wp-content\/uploads\/icon-whatsapp.png\",\"datePublished\":\"2017-06-06T14:47:49+00:00\",\"dateModified\":\"2025-09-07T23:14:00+00:00\",\"description\":\"AAU es una instituci\u00f3n educativa que ofrece programas a distancia para personas adultas que tengan la capacidad de llevar a cabo un estudio autodidacta.\",\"breadcrumb\":{\"@id\":\"https:\/\/www.aauniv.com\/s\/acerca-de-aau\/#breadcrumb\"},\"inLanguage\":\"es\",\"potentialAction\":[{\"@type\":\"ReadAction\",\"target\":[\"https:\/\/www.aauniv.com\/s\/acerca-de-aau\/\"]}]},{\"@type\":\"ImageObject\",\"inLanguage\":\"es\",\"@id\":\"https:\/\/www.aauniv.com\/s\/acerca-de-aau\/#primaryimage\",\"url\":\"https:\/\/www.aauniv.com\/s\/wp-content\/uploads\/icon-whatsapp.png\",\"contentUrl\":\"https:\/\/www.aauniv.com\/s\/wp-content\/uploads\/icon-whatsapp.png\",\"width\":15,\"height\":15},{\"@type\":\"BreadcrumbList\",\"@id\":\"https:\/\/www.aauniv.com\/s\/acerca-de-aau\/#breadcrumb\",\"itemListElement\":[{\"@type\":\"ListItem\",\"position\":1,\"name\":\"Portada\",\"item\":\"https:\/\/www.aauniv.com\/s\/\"},{\"@type\":\"ListItem\",\"position\":2,\"name\":\"ACERCA DE AAU &#8211; HAWAII \u2013 EEUU\"}]},{\"@type\":\"WebSite\",\"@id\":\"https:\/\/www.aauniv.com\/s\/#website\",\"url\":\"https:\/\/www.aauniv.com\/s\/\",\"name\":\"\",\"description\":\"\",\"publisher\":{\"@id\":\"https:\/\/www.aauniv.com\/s\/#organization\"},\"potentialAction\":[{\"@type\":\"SearchAction\",\"target\":{\"@type\":\"EntryPoint\",\"urlTemplate\":\"https:\/\/www.aauniv.com\/s\/?s={search_term_string}\"},\"query-input\":\"required name=search_term_string\"}],\"inLanguage\":\"es\"},{\"@type\":\"Organization\",\"@id\":\"https:\/\/www.aauniv.com\/s\/#organization\",\"name\":\"American Andragogy University\",\"url\":\"https:\/\/www.aauniv.com\/s\/\",\"logo\":{\"@type\":\"ImageObject\",\"inLanguage\":\"es\",\"@id\":\"https:\/\/www.aauniv.com\/s\/#\/schema\/logo\/image\/\",\"url\":\"https:\/\/www.aauniv.com\/s\/wp-content\/uploads\/logo-american-andragogy-university.png\",\"contentUrl\":\"https:\/\/www.aauniv.com\/s\/wp-content\/uploads\/logo-american-andragogy-university.png\",\"width\":395,\"height\":79,\"caption\":\"American Andragogy University\"},\"image\":{\"@id\":\"https:\/\/www.aauniv.com\/s\/#\/schema\/logo\/image\/\"}}]}<\/script>\n<!-- \/ Yoast SEO plugin. -->","yoast_head_json":{"title":"Acerca de AAU - American Adragogy University - Hawaii - Estados Unidos","description":"AAU es una instituci\u00f3n educativa que ofrece programas a distancia para personas adultas que tengan la capacidad de llevar a cabo un estudio autodidacta.","robots":{"index":"index","follow":"follow","max-snippet":"max-snippet:-1","max-image-preview":"max-image-preview:large","max-video-preview":"max-video-preview:-1"},"canonical":"https:\/\/www.aauniv.com\/s\/acerca-de-aau\/","og_locale":"es_ES","og_type":"article","og_title":"Acerca de AAU - American Adragogy University - Hawaii - Estados Unidos","og_description":"AAU es una instituci\u00f3n educativa que ofrece programas a distancia para personas adultas que tengan la capacidad de llevar a cabo un estudio autodidacta.","og_url":"https:\/\/www.aauniv.com\/s\/acerca-de-aau\/","article_modified_time":"2025-09-07T23:14:00+00:00","og_image":[{"url":"https:\/\/www.aauniv.com\/s\/wp-content\/uploads\/icon-whatsapp.png"}],"twitter_card":"summary_large_image","twitter_misc":{"Tiempo de lectura":"4 minutos"},"schema":{"@context":"https:\/\/schema.org","@graph":[{"@type":"WebPage","@id":"https:\/\/www.aauniv.com\/s\/acerca-de-aau\/","url":"https:\/\/www.aauniv.com\/s\/acerca-de-aau\/","name":"Acerca de AAU - American Adragogy University - Hawaii - Estados Unidos","isPartOf":{"@id":"https:\/\/www.aauniv.com\/s\/#website"},"primaryImageOfPage":{"@id":"https:\/\/www.aauniv.com\/s\/acerca-de-aau\/#primaryimage"},"image":{"@id":"https:\/\/www.aauniv.com\/s\/acerca-de-aau\/#primaryimage"},"thumbnailUrl":"https:\/\/www.aauniv.com\/s\/wp-content\/uploads\/icon-whatsapp.png","datePublished":"2017-06-06T14:47:49+00:00","dateModified":"2025-09-07T23:14:00+00:00","description":"AAU es una instituci\u00f3n educativa que ofrece programas a distancia para personas adultas que tengan la capacidad de llevar a cabo un estudio autodidacta.","breadcrumb":{"@id":"https:\/\/www.aauniv.com\/s\/acerca-de-aau\/#breadcrumb"},"inLanguage":"es","potentialAction":[{"@type":"ReadAction","target":["https:\/\/www.aauniv.com\/s\/acerca-de-aau\/"]}]},{"@type":"ImageObject","inLanguage":"es","@id":"https:\/\/www.aauniv.com\/s\/acerca-de-aau\/#primaryimage","url":"https:\/\/www.aauniv.com\/s\/wp-content\/uploads\/icon-whatsapp.png","contentUrl":"https:\/\/www.aauniv.com\/s\/wp-content\/uploads\/icon-whatsapp.png","width":15,"height":15},{"@type":"BreadcrumbList","@id":"https:\/\/www.aauniv.com\/s\/acerca-de-aau\/#breadcrumb","itemListElement":[{"@type":"ListItem","position":1,"name":"Portada","item":"https:\/\/www.aauniv.com\/s\/"},{"@type":"ListItem","position":2,"name":"ACERCA DE AAU &#8211; HAWAII \u2013 EEUU"}]},{"@type":"WebSite","@id":"https:\/\/www.aauniv.com\/s\/#website","url":"https:\/\/www.aauniv.com\/s\/","name":"","description":"","publisher":{"@id":"https:\/\/www.aauniv.com\/s\/#organization"},"potentialAction":[{"@type":"SearchAction","target":{"@type":"EntryPoint","urlTemplate":"https:\/\/www.aauniv.com\/s\/?s={search_term_string}"},"query-input":"required name=search_term_string"}],"inLanguage":"es"},{"@type":"Organization","@id":"https:\/\/www.aauniv.com\/s\/#organization","name":"American Andragogy University","url":"https:\/\/www.aauniv.com\/s\/","logo":{"@type":"ImageObject","inLanguage":"es","@id":"https:\/\/www.aauniv.com\/s\/#\/schema\/logo\/image\/","url":"https:\/\/www.aauniv.com\/s\/wp-content\/uploads\/logo-american-andragogy-university.png","contentUrl":"https:\/\/www.aauniv.com\/s\/wp-content\/uploads\/logo-american-andragogy-university.png","width":395,"height":79,"caption":"American Andragogy University"},"image":{"@id":"https:\/\/www.aauniv.com\/s\/#\/schema\/logo\/image\/"}}]}},"_links":{"self":[{"href":"https:\/\/www.aauniv.com\/s\/wp-json\/wp\/v2\/pages\/348"}],"collection":[{"href":"https:\/\/www.aauniv.com\/s\/wp-json\/wp\/v2\/pages"}],"about":[{"href":"https:\/\/www.aauniv.com\/s\/wp-json\/wp\/v2\/types\/page"}],"author":[{"embeddable":true,"href":"https:\/\/www.aauniv.com\/s\/wp-json\/wp\/v2\/users\/1"}],"replies":[{"embeddable":true,"href":"https:\/\/www.aauniv.com\/s\/wp-json\/wp\/v2\/comments?post=348"}],"version-history":[{"count":83,"href":"https:\/\/www.aauniv.com\/s\/wp-json\/wp\/v2\/pages\/348\/revisions"}],"predecessor-version":[{"id":19848,"href":"https:\/\/www.aauniv.com\/s\/wp-json\/wp\/v2\/pages\/348\/revisions\/19848"}],"wp:attachment":[{"href":"https:\/\/www.aauniv.com\/s\/wp-json\/wp\/v2\/media?parent=348"}],"curies":[{"name":"wp","href":"https:\/\/api.w.org\/{rel}","templated":true}]}}