{"id":287,"date":"2017-06-05T17:11:54","date_gmt":"2017-06-05T17:11:54","guid":{"rendered":"http:\/\/localhost\/aau\/?page_id=287"},"modified":"2019-10-18T14:36:05","modified_gmt":"2019-10-18T14:36:05","slug":"diplomados","status":"publish","type":"page","link":"https:\/\/www.aauniv.com\/s\/diplomados\/","title":{"rendered":"Diplomados"},"content":{"rendered":"<section class=\"wpb-content-wrapper\"><p>[vc_row][vc_column][vc_column_text][\/vc_column_text][\/vc_column][\/vc_row][vc_row gap=\u00bb35&#8243; css=\u00bb.vc_custom_1497043012698{padding-top: 80px !important;padding-bottom: 10px !important;}\u00bb][vc_column width=\u00bb1\/3&#8243;][vc_wp_custommenu nav_menu=\u00bb12&#8243; el_class=\u00bbmenu-programas\u00bb][\/vc_column][vc_column width=\u00bb2\/3&#8243;][vc_column_text css=\u00bb.vc_custom_1516558884903{margin-top: 0px !important;padding-top: 0px !important;}\u00bb]<\/p>\n<h2>AAU <span style=\"color: #f0b40a;\">DIPLOMADO<\/span><\/h2>\n<div class=\"linea-001\"><\/div>\n<p style=\"color: #000000;\">Los <strong>programas de American Andragogy University<\/strong> son dise\u00f1ados en base al sistema andrag\u00f3gico, en el cual el estudiante puede elaborar su plan de estudios desde sus necesidades e intereses, o puede utilizar el plan de estudios sugerido por AAU y los asesores acad\u00e9micos.<\/p>\n<div class=\"linea-001\"><\/div>\n<p>[\/vc_column_text][vc_column_text]Los <strong>diplomados<\/strong> permiten al profesional una formaci\u00f3n permanente. Son cursos impartidos por instituciones p\u00fablicas y privadas, especialmente ofertados por universidades.<\/p>\n<p>Permite especializarse en temas espec\u00edficos, que sirven para complementar o ampliar una determinada \u00e1rea del conocimiento y mejorar el desempe\u00f1o laboral.<\/p>\n<p>En el curriculum los diplomados son muestra de profesionalismo.<\/p>\n<h3><strong>Requisitos<\/strong><\/h3>\n<ul>\n<li>Identificaci\u00f3n personal v\u00e1lida (licencia de conducir, DNI, c\u00e9dula de identidad, etc.)<\/li>\n<li>Diploma o certificados de secundaria (High School) completa o su equivalente.<\/li>\n<\/ul>\n<p>[\/vc_column_text]<div class=\"ult_exp_section_layer ult-adjust-bottom-margin  \" >\n\t<div id=\"uvc-exp-wrap-2140\"   data-ultimate-target='#uvc-exp-wrap-2140'  data-responsive-json-new='{\"font-size\":\"desktop:15px;\",\"line-height\":\"desktop:15px;\"}'  class=\"ult_exp_section  ult-responsive \" style=\"color:#0095eb;background-color:#ffffff; font-weight:normal;margin:0px;padding:0px;text-align:center;\" data-textcolor=\"#0095eb\"data-texthover=\"#333333\"data-icncolor=\"#0095eb\"data-ihover=\"#333333\"data-height=\"0\"data-cntbg=\"#ffffff\"data-cnthvrbg=\"#e5e5e5\"data-headerbg=\"#ffffff\"data-headerhover=\"#e5e5e5\"data-title=\"Leer m\u00e1s\"data-newtitle=\"Ocultar\"data-icon=\"Defaults-angle-down\"data-newicon=\"Defaults-angle-down\"data-activeicon=\"#333333\"data-effect=\"slideToggle\"data-override=\"0\"data-activetitle=\"#333333\"data-activebg=\"#dbdbdb\"data-img=\"\"data-newimg=\"\"><div  class=\"ult_exp_section-main ult_expright_icon\">\n\t\t\t\t\t<div class=\"ult_expheader\" >Leer m\u00e1s\n\t\t\t\t\t <\/div>\t<div class=\"ult-just-icon-wrapper ult_exp_icon\">\n\t\t\t\t\t<div class=\"align-icon \">\n\t\t\t\t\t\t\n<span class=\"aio-icon  none  ult_expsection_icon \"  style=\"color:#0095eb;font-size:32px;display:inline-block;\">\n\t<i class=\"Defaults-angle-down ult_ex_icon\"  ><\/i>\n<\/span>\n\t\t\t\t\t<\/div>\n\t\t\t\t<\/div><\/div>\n\t\t\t\t<\/div><div class=\"ult_exp_content \" style=\"background-color:#ffffff;  \"><div class=\"ult_ecpsub_cont\" style=\" \" >[vc_column_text]<\/p>\n<h3><strong>Duraci\u00f3n<\/strong><\/h3>\n<p>El <strong>programa de Diplomado<\/strong> contiene 8 m\u00f3dulos para ser desarrollados.<\/p>\n<p>El programa tiene una duraci\u00f3n m\u00e1xima de 8 meses y una duraci\u00f3n m\u00ednima de 4 meses, el estudiante deber\u00e1 presentar un m\u00ednimo de un m\u00f3dulo mensualmente.<\/p>\n<h3><strong>Tabla de Cr\u00e9ditos<\/strong><\/h3>\n<p>El total de Cr\u00e9ditos que se necesita tener para concluir los estudios de un diplomado es 24.<\/p>\n<p>El programa tiene 8 cursos de desarrollo obligatorio cada curso otorga 3 cr\u00e9ditos, los cuales ya est\u00e1n establecidos por la Universidad.<\/p>\n<p>AAU ofrece a sus estudiantes la elecci\u00f3n de cursos basados en el criterio del Consejero Acad\u00e9mico.[\/vc_column_text][vc_row_inner][vc_column_inner width=\u00bb1\/2&#8243;]<div class=\" ubtn-ctn-left \"><a class=\"ubtn-link ult-adjust-bottom-margin ubtn-left ubtn-block \" href=\"https:\/\/www.aauniv.com\/s\/plan-de-estudios-diplomados\/\" ><button type=\"button\" id=\"ubtn-5322\"  class=\"ubtn ult-adjust-bottom-margin ult-responsive ubtn-block ubtn-no-hover-bg  none  ubtn-left   tooltip-69e7c39741b48 ubtn-block\"  data-hover=\"\" data-border-color=\"\" data-bg=\"#3a424d\" data-hover-bg=\"\" data-border-hover=\"\" data-shadow-hover=\"\" data-shadow-click=\"none\" data-shadow=\"\" data-shd-shadow=\"\"  data-ultimate-target='#ubtn-5322'  data-responsive-json-new='{\"font-size\":\"desktop:15px;tablet:15px;tablet_portrait:15px;mobile_landscape:14px;mobile:12px;\",\"line-height\":\"desktop:15px;\"}'  style=\"font-weight:normal;border:none;background: #3a424d;color: #ffffff;\"><span class=\"ubtn-hover\" style=\"background-color:\"><\/span><span class=\"ubtn-data ubtn-text \" >VER PLANES DE ESTUDIO<\/span><\/button><\/a><\/div>[\/vc_column_inner][vc_column_inner width=\u00bb1\/2&#8243;]<div class=\" ubtn-ctn-left \"><a class=\"ubtn-link ult-adjust-bottom-margin ubtn-left ubtn-block \" href=\"https:\/\/www.aauniv.com\/s\/es\/contacto_aau_total.php\" target=\"_blank\" rel=\"noopener\" ><button type=\"button\" id=\"ubtn-5165\"  class=\"ubtn ult-adjust-bottom-margin ult-responsive ubtn-block ubtn-no-hover-bg  none  ubtn-left   tooltip-69e7c39741bfb ubtn-block\"  data-hover=\"\" data-border-color=\"\" data-bg=\"#f0b40a\" data-hover-bg=\"\" data-border-hover=\"\" data-shadow-hover=\"\" data-shadow-click=\"none\" data-shadow=\"\" data-shd-shadow=\"\"  data-ultimate-target='#ubtn-5165'  data-responsive-json-new='{\"font-size\":\"desktop:15px;tablet:15px;tablet_portrait:15px;mobile_landscape:14px;mobile:12px;\",\"line-height\":\"desktop:15px;\"}'  style=\"font-weight:normal;border:none;background: #f0b40a;color: #ffffff;\"><span class=\"ubtn-hover\" style=\"background-color:\"><\/span><span class=\"ubtn-data ubtn-text \" >SOLICITA M\u00c1S INFORMACI\u00d3N<\/span><\/button><\/a><\/div>[\/vc_column_inner][\/vc_row_inner]<\/div><\/div>\n\n\t\t\t<\/div>[\/vc_column][\/vc_row]<\/p>\n<\/section>","protected":false},"excerpt":{"rendered":"<p>[vc_row][vc_column][vc_column_text][\/vc_column_text][\/vc_column][\/vc_row][vc_row gap=\u00bb35&#8243; css=\u00bb.vc_custom_1497043012698{padding-top: 80px !important;padding-bottom: 10px !important;}\u00bb][vc_column width=\u00bb1\/3&#8243;][vc_wp_custommenu nav_menu=\u00bb12&#8243; el_class=\u00bbmenu-programas\u00bb][\/vc_column][vc_column width=\u00bb2\/3&#8243;][vc_column_text css=\u00bb.vc_custom_1516558884903{margin-top: 0px !important;padding-top: 0px !important;}\u00bb] AAU DIPLOMADO Los programas de American Andragogy University son dise\u00f1ados<span class=\"excerpt-hellip\"> [\u2026]<\/span><\/p>\n","protected":false},"author":1,"featured_media":0,"parent":0,"menu_order":0,"comment_status":"open","ping_status":"open","template":"","meta":{"footnotes":""},"yoast_head":"<!-- This site is optimized with the Yoast SEO plugin v22.6 - https:\/\/yoast.com\/wordpress\/plugins\/seo\/ -->\n<title>Diplomados Virtuales a Distancia | AAU |\u00a0Universidad Americana<\/title>\n<meta name=\"description\" content=\"Los diplomados virtuales de American Andragogy University son dise\u00f1ados en base al sistema andrag\u00f3gico, donde el alumno puede elaborar un plan de estudios a distancia.\" \/>\n<meta name=\"robots\" content=\"index, follow, max-snippet:-1, max-image-preview:large, max-video-preview:-1\" \/>\n<link rel=\"canonical\" href=\"https:\/\/www.aauniv.com\/s\/diplomados\/\" \/>\n<meta property=\"og:locale\" content=\"es_ES\" \/>\n<meta property=\"og:type\" content=\"article\" \/>\n<meta property=\"og:title\" content=\"Diplomados Virtuales a Distancia | AAU |\u00a0Universidad Americana\" \/>\n<meta property=\"og:description\" content=\"Los diplomados virtuales de American Andragogy University son dise\u00f1ados en base al sistema andrag\u00f3gico, donde el alumno puede elaborar un plan de estudios a distancia.\" \/>\n<meta property=\"og:url\" content=\"https:\/\/www.aauniv.com\/s\/diplomados\/\" \/>\n<meta property=\"article:modified_time\" content=\"2019-10-18T14:36:05+00:00\" \/>\n<meta name=\"twitter:card\" content=\"summary_large_image\" \/>\n<meta name=\"twitter:label1\" content=\"Tiempo de lectura\" \/>\n\t<meta name=\"twitter:data1\" content=\"3 minutos\" \/>\n<script type=\"application\/ld+json\" class=\"yoast-schema-graph\">{\"@context\":\"https:\/\/schema.org\",\"@graph\":[{\"@type\":\"WebPage\",\"@id\":\"https:\/\/www.aauniv.com\/s\/diplomados\/\",\"url\":\"https:\/\/www.aauniv.com\/s\/diplomados\/\",\"name\":\"Diplomados Virtuales a Distancia | AAU |\u00a0Universidad Americana\",\"isPartOf\":{\"@id\":\"https:\/\/www.aauniv.com\/s\/#website\"},\"datePublished\":\"2017-06-05T17:11:54+00:00\",\"dateModified\":\"2019-10-18T14:36:05+00:00\",\"description\":\"Los diplomados virtuales de American Andragogy University son dise\u00f1ados en base al sistema andrag\u00f3gico, donde el alumno puede elaborar un plan de estudios a distancia.\",\"breadcrumb\":{\"@id\":\"https:\/\/www.aauniv.com\/s\/diplomados\/#breadcrumb\"},\"inLanguage\":\"es\",\"potentialAction\":[{\"@type\":\"ReadAction\",\"target\":[\"https:\/\/www.aauniv.com\/s\/diplomados\/\"]}]},{\"@type\":\"BreadcrumbList\",\"@id\":\"https:\/\/www.aauniv.com\/s\/diplomados\/#breadcrumb\",\"itemListElement\":[{\"@type\":\"ListItem\",\"position\":1,\"name\":\"Portada\",\"item\":\"https:\/\/www.aauniv.com\/s\/\"},{\"@type\":\"ListItem\",\"position\":2,\"name\":\"Diplomados\"}]},{\"@type\":\"WebSite\",\"@id\":\"https:\/\/www.aauniv.com\/s\/#website\",\"url\":\"https:\/\/www.aauniv.com\/s\/\",\"name\":\"\",\"description\":\"\",\"publisher\":{\"@id\":\"https:\/\/www.aauniv.com\/s\/#organization\"},\"potentialAction\":[{\"@type\":\"SearchAction\",\"target\":{\"@type\":\"EntryPoint\",\"urlTemplate\":\"https:\/\/www.aauniv.com\/s\/?s={search_term_string}\"},\"query-input\":\"required name=search_term_string\"}],\"inLanguage\":\"es\"},{\"@type\":\"Organization\",\"@id\":\"https:\/\/www.aauniv.com\/s\/#organization\",\"name\":\"American Andragogy University\",\"url\":\"https:\/\/www.aauniv.com\/s\/\",\"logo\":{\"@type\":\"ImageObject\",\"inLanguage\":\"es\",\"@id\":\"https:\/\/www.aauniv.com\/s\/#\/schema\/logo\/image\/\",\"url\":\"https:\/\/www.aauniv.com\/s\/wp-content\/uploads\/logo-american-andragogy-university.png\",\"contentUrl\":\"https:\/\/www.aauniv.com\/s\/wp-content\/uploads\/logo-american-andragogy-university.png\",\"width\":395,\"height\":79,\"caption\":\"American Andragogy University\"},\"image\":{\"@id\":\"https:\/\/www.aauniv.com\/s\/#\/schema\/logo\/image\/\"}}]}<\/script>\n<!-- \/ Yoast SEO plugin. -->","yoast_head_json":{"title":"Diplomados Virtuales a Distancia | AAU |\u00a0Universidad Americana","description":"Los diplomados virtuales de American Andragogy University son dise\u00f1ados en base al sistema andrag\u00f3gico, donde el alumno puede elaborar un plan de estudios a distancia.","robots":{"index":"index","follow":"follow","max-snippet":"max-snippet:-1","max-image-preview":"max-image-preview:large","max-video-preview":"max-video-preview:-1"},"canonical":"https:\/\/www.aauniv.com\/s\/diplomados\/","og_locale":"es_ES","og_type":"article","og_title":"Diplomados Virtuales a Distancia | AAU |\u00a0Universidad Americana","og_description":"Los diplomados virtuales de American Andragogy University son dise\u00f1ados en base al sistema andrag\u00f3gico, donde el alumno puede elaborar un plan de estudios a distancia.","og_url":"https:\/\/www.aauniv.com\/s\/diplomados\/","article_modified_time":"2019-10-18T14:36:05+00:00","twitter_card":"summary_large_image","twitter_misc":{"Tiempo de lectura":"3 minutos"},"schema":{"@context":"https:\/\/schema.org","@graph":[{"@type":"WebPage","@id":"https:\/\/www.aauniv.com\/s\/diplomados\/","url":"https:\/\/www.aauniv.com\/s\/diplomados\/","name":"Diplomados Virtuales a Distancia | AAU |\u00a0Universidad Americana","isPartOf":{"@id":"https:\/\/www.aauniv.com\/s\/#website"},"datePublished":"2017-06-05T17:11:54+00:00","dateModified":"2019-10-18T14:36:05+00:00","description":"Los diplomados virtuales de American Andragogy University son dise\u00f1ados en base al sistema andrag\u00f3gico, donde el alumno puede elaborar un plan de estudios a distancia.","breadcrumb":{"@id":"https:\/\/www.aauniv.com\/s\/diplomados\/#breadcrumb"},"inLanguage":"es","potentialAction":[{"@type":"ReadAction","target":["https:\/\/www.aauniv.com\/s\/diplomados\/"]}]},{"@type":"BreadcrumbList","@id":"https:\/\/www.aauniv.com\/s\/diplomados\/#breadcrumb","itemListElement":[{"@type":"ListItem","position":1,"name":"Portada","item":"https:\/\/www.aauniv.com\/s\/"},{"@type":"ListItem","position":2,"name":"Diplomados"}]},{"@type":"WebSite","@id":"https:\/\/www.aauniv.com\/s\/#website","url":"https:\/\/www.aauniv.com\/s\/","name":"","description":"","publisher":{"@id":"https:\/\/www.aauniv.com\/s\/#organization"},"potentialAction":[{"@type":"SearchAction","target":{"@type":"EntryPoint","urlTemplate":"https:\/\/www.aauniv.com\/s\/?s={search_term_string}"},"query-input":"required name=search_term_string"}],"inLanguage":"es"},{"@type":"Organization","@id":"https:\/\/www.aauniv.com\/s\/#organization","name":"American Andragogy University","url":"https:\/\/www.aauniv.com\/s\/","logo":{"@type":"ImageObject","inLanguage":"es","@id":"https:\/\/www.aauniv.com\/s\/#\/schema\/logo\/image\/","url":"https:\/\/www.aauniv.com\/s\/wp-content\/uploads\/logo-american-andragogy-university.png","contentUrl":"https:\/\/www.aauniv.com\/s\/wp-content\/uploads\/logo-american-andragogy-university.png","width":395,"height":79,"caption":"American Andragogy University"},"image":{"@id":"https:\/\/www.aauniv.com\/s\/#\/schema\/logo\/image\/"}}]}},"_links":{"self":[{"href":"https:\/\/www.aauniv.com\/s\/wp-json\/wp\/v2\/pages\/287"}],"collection":[{"href":"https:\/\/www.aauniv.com\/s\/wp-json\/wp\/v2\/pages"}],"about":[{"href":"https:\/\/www.aauniv.com\/s\/wp-json\/wp\/v2\/types\/page"}],"author":[{"embeddable":true,"href":"https:\/\/www.aauniv.com\/s\/wp-json\/wp\/v2\/users\/1"}],"replies":[{"embeddable":true,"href":"https:\/\/www.aauniv.com\/s\/wp-json\/wp\/v2\/comments?post=287"}],"version-history":[{"count":85,"href":"https:\/\/www.aauniv.com\/s\/wp-json\/wp\/v2\/pages\/287\/revisions"}],"predecessor-version":[{"id":3540,"href":"https:\/\/www.aauniv.com\/s\/wp-json\/wp\/v2\/pages\/287\/revisions\/3540"}],"wp:attachment":[{"href":"https:\/\/www.aauniv.com\/s\/wp-json\/wp\/v2\/media?parent=287"}],"curies":[{"name":"wp","href":"https:\/\/api.w.org\/{rel}","templated":true}]}}