{"id":2526,"date":"2017-08-29T20:43:01","date_gmt":"2017-08-29T20:43:01","guid":{"rendered":"https:\/\/www.aauniv.com\/s\/?page_id=2526\/"},"modified":"2021-12-07T04:14:14","modified_gmt":"2021-12-07T04:14:14","slug":"planes-de-estudio","status":"publish","type":"page","link":"https:\/\/www.aauniv.com\/s\/planes-de-estudio\/","title":{"rendered":"PLANES DE ESTUDIO"},"content":{"rendered":"<section class=\"wpb-content-wrapper\"><p>[vc_row][vc_column][vc_column_text]<\/p>\n<h2 style=\"text-align: center;\"><strong>\u00bfQu\u00e9 t\u00edtulo est\u00e1s buscando?<\/strong><\/h2>\n<p>[\/vc_column_text][\/vc_column][\/vc_row][vc_row][vc_column width=\u00bb1\/2&#8243;][vc_column_text]<a href=\"https:\/\/www.aauniv.com\/s\/plan-de-estudios-diplomados\/\"><img decoding=\"async\" loading=\"lazy\" class=\"alignnone wp-image-10776 size-full\" src=\"https:\/\/www.aauniv.com\/s\/wp-content\/uploads\/plan-estudios-diplomados.png\" alt=\"plan-estudios-diplomados\" width=\"660\" height=\"165\" srcset=\"https:\/\/www.aauniv.com\/s\/wp-content\/uploads\/plan-estudios-diplomados.png 660w, https:\/\/www.aauniv.com\/s\/wp-content\/uploads\/plan-estudios-diplomados-300x75.png 300w, https:\/\/www.aauniv.com\/s\/wp-content\/uploads\/plan-estudios-diplomados-260x65.png 260w, https:\/\/www.aauniv.com\/s\/wp-content\/uploads\/plan-estudios-diplomados-50x13.png 50w, https:\/\/www.aauniv.com\/s\/wp-content\/uploads\/plan-estudios-diplomados-150x38.png 150w\" sizes=\"(max-width: 660px) 100vw, 660px\" \/><\/a>[\/vc_column_text][\/vc_column][vc_column width=\u00bb1\/2&#8243;][vc_column_text]<a href=\"https:\/\/www.aauniv.com\/s\/plan-de-estudios-licenciaturas\/\"><img decoding=\"async\" loading=\"lazy\" class=\"alignnone wp-image-10778 size-full\" src=\"https:\/\/www.aauniv.com\/s\/wp-content\/uploads\/plan-estudios-licenciaturas.png\" alt=\"plan-estudios-licenciaturas\" width=\"660\" height=\"165\" srcset=\"https:\/\/www.aauniv.com\/s\/wp-content\/uploads\/plan-estudios-licenciaturas.png 660w, https:\/\/www.aauniv.com\/s\/wp-content\/uploads\/plan-estudios-licenciaturas-300x75.png 300w, https:\/\/www.aauniv.com\/s\/wp-content\/uploads\/plan-estudios-licenciaturas-260x65.png 260w, https:\/\/www.aauniv.com\/s\/wp-content\/uploads\/plan-estudios-licenciaturas-50x13.png 50w, https:\/\/www.aauniv.com\/s\/wp-content\/uploads\/plan-estudios-licenciaturas-150x38.png 150w\" sizes=\"(max-width: 660px) 100vw, 660px\" \/><\/a>[\/vc_column_text][\/vc_column][\/vc_row][vc_row][vc_column width=\u00bb1\/2&#8243;][vc_column_text]<a href=\"https:\/\/www.aauniv.com\/s\/plan-de-estudios-maestrias\/\"><img decoding=\"async\" loading=\"lazy\" class=\"alignnone size-full wp-image-10774\" src=\"https:\/\/www.aauniv.com\/s\/wp-content\/uploads\/plan-estudios-maestrias.png\" alt=\"plan-estudios-maestrias\" width=\"660\" height=\"165\" srcset=\"https:\/\/www.aauniv.com\/s\/wp-content\/uploads\/plan-estudios-maestrias.png 660w, https:\/\/www.aauniv.com\/s\/wp-content\/uploads\/plan-estudios-maestrias-300x75.png 300w, https:\/\/www.aauniv.com\/s\/wp-content\/uploads\/plan-estudios-maestrias-260x65.png 260w, https:\/\/www.aauniv.com\/s\/wp-content\/uploads\/plan-estudios-maestrias-50x13.png 50w, https:\/\/www.aauniv.com\/s\/wp-content\/uploads\/plan-estudios-maestrias-150x38.png 150w\" sizes=\"(max-width: 660px) 100vw, 660px\" \/><\/a>[\/vc_column_text][\/vc_column][vc_column width=\u00bb1\/2&#8243;][vc_column_text]<a href=\"https:\/\/www.aauniv.com\/s\/plan-de-estudios-doctorados\/\"><img decoding=\"async\" loading=\"lazy\" class=\"alignnone size-full wp-image-10777\" src=\"https:\/\/www.aauniv.com\/s\/wp-content\/uploads\/plan-estudios-doctorados.png\" alt=\"plan-estudios-doctorados\" width=\"660\" height=\"165\" srcset=\"https:\/\/www.aauniv.com\/s\/wp-content\/uploads\/plan-estudios-doctorados.png 660w, https:\/\/www.aauniv.com\/s\/wp-content\/uploads\/plan-estudios-doctorados-300x75.png 300w, https:\/\/www.aauniv.com\/s\/wp-content\/uploads\/plan-estudios-doctorados-260x65.png 260w, https:\/\/www.aauniv.com\/s\/wp-content\/uploads\/plan-estudios-doctorados-50x13.png 50w, https:\/\/www.aauniv.com\/s\/wp-content\/uploads\/plan-estudios-doctorados-150x38.png 150w\" sizes=\"(max-width: 660px) 100vw, 660px\" \/><\/a>[\/vc_column_text][\/vc_column][\/vc_row][vc_row][vc_column width=\u00bb1\/2&#8243;][vc_column_text]<a href=\"https:\/\/www.aauniv.com\/s\/plan-de-estudios-posdoctorados\/\"><img decoding=\"async\" loading=\"lazy\" class=\"alignnone size-full wp-image-10775\" src=\"https:\/\/www.aauniv.com\/s\/wp-content\/uploads\/plan-estudios-postdoctorados.png\" alt=\"plan-estudios-postdoctorados\" width=\"660\" height=\"165\" srcset=\"https:\/\/www.aauniv.com\/s\/wp-content\/uploads\/plan-estudios-postdoctorados.png 660w, https:\/\/www.aauniv.com\/s\/wp-content\/uploads\/plan-estudios-postdoctorados-300x75.png 300w, https:\/\/www.aauniv.com\/s\/wp-content\/uploads\/plan-estudios-postdoctorados-260x65.png 260w, https:\/\/www.aauniv.com\/s\/wp-content\/uploads\/plan-estudios-postdoctorados-50x13.png 50w, https:\/\/www.aauniv.com\/s\/wp-content\/uploads\/plan-estudios-postdoctorados-150x38.png 150w\" sizes=\"(max-width: 660px) 100vw, 660px\" \/><\/a>[\/vc_column_text][\/vc_column][vc_column width=\u00bb1\/2&#8243;][\/vc_column][\/vc_row]<\/p>\n<\/section>","protected":false},"excerpt":{"rendered":"<p>[vc_row][vc_column][vc_column_text] \u00bfQu\u00e9 t\u00edtulo est\u00e1s buscando? [\/vc_column_text][\/vc_column][\/vc_row][vc_row][vc_column width=\u00bb1\/2&#8243;][vc_column_text][\/vc_column_text][\/vc_column][vc_column width=\u00bb1\/2&#8243;][vc_column_text][\/vc_column_text][\/vc_column][\/vc_row][vc_row][vc_column width=\u00bb1\/2&#8243;][vc_column_text][\/vc_column_text][\/vc_column][vc_column width=\u00bb1\/2&#8243;][vc_column_text][\/vc_column_text][\/vc_column][\/vc_row][vc_row][vc_column width=\u00bb1\/2&#8243;][vc_column_text][\/vc_column_text][\/vc_column][vc_column width=\u00bb1\/2&#8243;][\/vc_column][\/vc_row]<\/p>\n","protected":false},"author":1,"featured_media":0,"parent":0,"menu_order":0,"comment_status":"closed","ping_status":"closed","template":"","meta":{"footnotes":""},"yoast_head":"<!-- This site is optimized with the Yoast SEO plugin v22.6 - https:\/\/yoast.com\/wordpress\/plugins\/seo\/ -->\n<title>Planes de Estudio Online | Estudios a Distancia | AAU<\/title>\n<meta name=\"description\" content=\"Plan de estudio online a distancia. Obtenga diplomado, licenciatura, maestr\u00eda, doctorado y pos doctorado a una fracci\u00f3n del costo con una universidad americana. American Andragogy University.\" \/>\n<meta name=\"robots\" content=\"index, follow, max-snippet:-1, max-image-preview:large, max-video-preview:-1\" \/>\n<link rel=\"canonical\" href=\"https:\/\/www.aauniv.com\/s\/planes-de-estudio\/\" \/>\n<meta property=\"og:locale\" content=\"es_ES\" \/>\n<meta property=\"og:type\" content=\"article\" \/>\n<meta property=\"og:title\" content=\"Planes de Estudio Online | Estudios a Distancia | AAU\" \/>\n<meta property=\"og:description\" content=\"Plan de estudio online a distancia. Obtenga diplomado, licenciatura, maestr\u00eda, doctorado y pos doctorado a una fracci\u00f3n del costo con una universidad americana. American Andragogy University.\" \/>\n<meta property=\"og:url\" content=\"https:\/\/www.aauniv.com\/s\/planes-de-estudio\/\" \/>\n<meta property=\"article:modified_time\" content=\"2021-12-07T04:14:14+00:00\" \/>\n<meta property=\"og:image\" content=\"https:\/\/www.aauniv.com\/s\/wp-content\/uploads\/plan-estudios-diplomados.png\" \/>\n<meta name=\"twitter:card\" content=\"summary_large_image\" \/>\n<meta name=\"twitter:label1\" content=\"Tiempo de lectura\" \/>\n\t<meta name=\"twitter:data1\" content=\"2 minutos\" \/>\n<script type=\"application\/ld+json\" class=\"yoast-schema-graph\">{\"@context\":\"https:\/\/schema.org\",\"@graph\":[{\"@type\":\"WebPage\",\"@id\":\"https:\/\/www.aauniv.com\/s\/planes-de-estudio\/\",\"url\":\"https:\/\/www.aauniv.com\/s\/planes-de-estudio\/\",\"name\":\"Planes de Estudio Online | Estudios a Distancia | AAU\",\"isPartOf\":{\"@id\":\"https:\/\/www.aauniv.com\/s\/#website\"},\"primaryImageOfPage\":{\"@id\":\"https:\/\/www.aauniv.com\/s\/planes-de-estudio\/#primaryimage\"},\"image\":{\"@id\":\"https:\/\/www.aauniv.com\/s\/planes-de-estudio\/#primaryimage\"},\"thumbnailUrl\":\"https:\/\/www.aauniv.com\/s\/wp-content\/uploads\/plan-estudios-diplomados.png\",\"datePublished\":\"2017-08-29T20:43:01+00:00\",\"dateModified\":\"2021-12-07T04:14:14+00:00\",\"description\":\"Plan de estudio online a distancia. Obtenga diplomado, licenciatura, maestr\u00eda, doctorado y pos doctorado a una fracci\u00f3n del costo con una universidad americana. American Andragogy University.\",\"breadcrumb\":{\"@id\":\"https:\/\/www.aauniv.com\/s\/planes-de-estudio\/#breadcrumb\"},\"inLanguage\":\"es\",\"potentialAction\":[{\"@type\":\"ReadAction\",\"target\":[\"https:\/\/www.aauniv.com\/s\/planes-de-estudio\/\"]}]},{\"@type\":\"ImageObject\",\"inLanguage\":\"es\",\"@id\":\"https:\/\/www.aauniv.com\/s\/planes-de-estudio\/#primaryimage\",\"url\":\"https:\/\/www.aauniv.com\/s\/wp-content\/uploads\/plan-estudios-diplomados.png\",\"contentUrl\":\"https:\/\/www.aauniv.com\/s\/wp-content\/uploads\/plan-estudios-diplomados.png\",\"width\":660,\"height\":165,\"caption\":\"plan-estudios-diplomados\"},{\"@type\":\"BreadcrumbList\",\"@id\":\"https:\/\/www.aauniv.com\/s\/planes-de-estudio\/#breadcrumb\",\"itemListElement\":[{\"@type\":\"ListItem\",\"position\":1,\"name\":\"Portada\",\"item\":\"https:\/\/www.aauniv.com\/s\/\"},{\"@type\":\"ListItem\",\"position\":2,\"name\":\"PLANES DE ESTUDIO\"}]},{\"@type\":\"WebSite\",\"@id\":\"https:\/\/www.aauniv.com\/s\/#website\",\"url\":\"https:\/\/www.aauniv.com\/s\/\",\"name\":\"\",\"description\":\"\",\"publisher\":{\"@id\":\"https:\/\/www.aauniv.com\/s\/#organization\"},\"potentialAction\":[{\"@type\":\"SearchAction\",\"target\":{\"@type\":\"EntryPoint\",\"urlTemplate\":\"https:\/\/www.aauniv.com\/s\/?s={search_term_string}\"},\"query-input\":\"required name=search_term_string\"}],\"inLanguage\":\"es\"},{\"@type\":\"Organization\",\"@id\":\"https:\/\/www.aauniv.com\/s\/#organization\",\"name\":\"American Andragogy University\",\"url\":\"https:\/\/www.aauniv.com\/s\/\",\"logo\":{\"@type\":\"ImageObject\",\"inLanguage\":\"es\",\"@id\":\"https:\/\/www.aauniv.com\/s\/#\/schema\/logo\/image\/\",\"url\":\"https:\/\/www.aauniv.com\/s\/wp-content\/uploads\/logo-american-andragogy-university.png\",\"contentUrl\":\"https:\/\/www.aauniv.com\/s\/wp-content\/uploads\/logo-american-andragogy-university.png\",\"width\":395,\"height\":79,\"caption\":\"American Andragogy University\"},\"image\":{\"@id\":\"https:\/\/www.aauniv.com\/s\/#\/schema\/logo\/image\/\"}}]}<\/script>\n<!-- \/ Yoast SEO plugin. -->","yoast_head_json":{"title":"Planes de Estudio Online | Estudios a Distancia | AAU","description":"Plan de estudio online a distancia. Obtenga diplomado, licenciatura, maestr\u00eda, doctorado y pos doctorado a una fracci\u00f3n del costo con una universidad americana. American Andragogy University.","robots":{"index":"index","follow":"follow","max-snippet":"max-snippet:-1","max-image-preview":"max-image-preview:large","max-video-preview":"max-video-preview:-1"},"canonical":"https:\/\/www.aauniv.com\/s\/planes-de-estudio\/","og_locale":"es_ES","og_type":"article","og_title":"Planes de Estudio Online | Estudios a Distancia | AAU","og_description":"Plan de estudio online a distancia. Obtenga diplomado, licenciatura, maestr\u00eda, doctorado y pos doctorado a una fracci\u00f3n del costo con una universidad americana. American Andragogy University.","og_url":"https:\/\/www.aauniv.com\/s\/planes-de-estudio\/","article_modified_time":"2021-12-07T04:14:14+00:00","og_image":[{"url":"https:\/\/www.aauniv.com\/s\/wp-content\/uploads\/plan-estudios-diplomados.png"}],"twitter_card":"summary_large_image","twitter_misc":{"Tiempo de lectura":"2 minutos"},"schema":{"@context":"https:\/\/schema.org","@graph":[{"@type":"WebPage","@id":"https:\/\/www.aauniv.com\/s\/planes-de-estudio\/","url":"https:\/\/www.aauniv.com\/s\/planes-de-estudio\/","name":"Planes de Estudio Online | Estudios a Distancia | AAU","isPartOf":{"@id":"https:\/\/www.aauniv.com\/s\/#website"},"primaryImageOfPage":{"@id":"https:\/\/www.aauniv.com\/s\/planes-de-estudio\/#primaryimage"},"image":{"@id":"https:\/\/www.aauniv.com\/s\/planes-de-estudio\/#primaryimage"},"thumbnailUrl":"https:\/\/www.aauniv.com\/s\/wp-content\/uploads\/plan-estudios-diplomados.png","datePublished":"2017-08-29T20:43:01+00:00","dateModified":"2021-12-07T04:14:14+00:00","description":"Plan de estudio online a distancia. Obtenga diplomado, licenciatura, maestr\u00eda, doctorado y pos doctorado a una fracci\u00f3n del costo con una universidad americana. American Andragogy University.","breadcrumb":{"@id":"https:\/\/www.aauniv.com\/s\/planes-de-estudio\/#breadcrumb"},"inLanguage":"es","potentialAction":[{"@type":"ReadAction","target":["https:\/\/www.aauniv.com\/s\/planes-de-estudio\/"]}]},{"@type":"ImageObject","inLanguage":"es","@id":"https:\/\/www.aauniv.com\/s\/planes-de-estudio\/#primaryimage","url":"https:\/\/www.aauniv.com\/s\/wp-content\/uploads\/plan-estudios-diplomados.png","contentUrl":"https:\/\/www.aauniv.com\/s\/wp-content\/uploads\/plan-estudios-diplomados.png","width":660,"height":165,"caption":"plan-estudios-diplomados"},{"@type":"BreadcrumbList","@id":"https:\/\/www.aauniv.com\/s\/planes-de-estudio\/#breadcrumb","itemListElement":[{"@type":"ListItem","position":1,"name":"Portada","item":"https:\/\/www.aauniv.com\/s\/"},{"@type":"ListItem","position":2,"name":"PLANES DE ESTUDIO"}]},{"@type":"WebSite","@id":"https:\/\/www.aauniv.com\/s\/#website","url":"https:\/\/www.aauniv.com\/s\/","name":"","description":"","publisher":{"@id":"https:\/\/www.aauniv.com\/s\/#organization"},"potentialAction":[{"@type":"SearchAction","target":{"@type":"EntryPoint","urlTemplate":"https:\/\/www.aauniv.com\/s\/?s={search_term_string}"},"query-input":"required name=search_term_string"}],"inLanguage":"es"},{"@type":"Organization","@id":"https:\/\/www.aauniv.com\/s\/#organization","name":"American Andragogy University","url":"https:\/\/www.aauniv.com\/s\/","logo":{"@type":"ImageObject","inLanguage":"es","@id":"https:\/\/www.aauniv.com\/s\/#\/schema\/logo\/image\/","url":"https:\/\/www.aauniv.com\/s\/wp-content\/uploads\/logo-american-andragogy-university.png","contentUrl":"https:\/\/www.aauniv.com\/s\/wp-content\/uploads\/logo-american-andragogy-university.png","width":395,"height":79,"caption":"American Andragogy University"},"image":{"@id":"https:\/\/www.aauniv.com\/s\/#\/schema\/logo\/image\/"}}]}},"_links":{"self":[{"href":"https:\/\/www.aauniv.com\/s\/wp-json\/wp\/v2\/pages\/2526"}],"collection":[{"href":"https:\/\/www.aauniv.com\/s\/wp-json\/wp\/v2\/pages"}],"about":[{"href":"https:\/\/www.aauniv.com\/s\/wp-json\/wp\/v2\/types\/page"}],"author":[{"embeddable":true,"href":"https:\/\/www.aauniv.com\/s\/wp-json\/wp\/v2\/users\/1"}],"replies":[{"embeddable":true,"href":"https:\/\/www.aauniv.com\/s\/wp-json\/wp\/v2\/comments?post=2526"}],"version-history":[{"count":14,"href":"https:\/\/www.aauniv.com\/s\/wp-json\/wp\/v2\/pages\/2526\/revisions"}],"predecessor-version":[{"id":10779,"href":"https:\/\/www.aauniv.com\/s\/wp-json\/wp\/v2\/pages\/2526\/revisions\/10779"}],"wp:attachment":[{"href":"https:\/\/www.aauniv.com\/s\/wp-json\/wp\/v2\/media?parent=2526"}],"curies":[{"name":"wp","href":"https:\/\/api.w.org\/{rel}","templated":true}]}}