{"id":13592,"date":"2022-07-12T04:25:38","date_gmt":"2022-07-12T04:25:38","guid":{"rendered":"https:\/\/www.aauniv.com\/s\/?page_id=13592\/"},"modified":"2022-07-24T19:38:04","modified_gmt":"2022-07-24T19:38:04","slug":"escuela-de-salud","status":"publish","type":"page","link":"https:\/\/www.aauniv.com\/s\/maestrias\/escuela-de-salud\/","title":{"rendered":"Escuela de Salud"},"content":{"rendered":"<section class=\"wpb-content-wrapper\"><p>[vc_row gap=\u00bb30&#8243; css=\u00bb.vc_custom_1496762549335{padding-top: 80px !important;padding-bottom: 10px !important;}\u00bb][vc_column width=\u00bb1\/3&#8243;][vc_row_inner css=\u00bb.vc_custom_1496761117343{margin-bottom: 10px !important;border-bottom-width: 1px !important;padding-bottom: 0px !important;background-color: #eeeeee !important;border-bottom-color: #dddddd !important;border-bottom-style: solid !important;}\u00bb][vc_column_inner width=\u00bb1\/4&#8243; css=\u00bb.vc_custom_1496762853974{margin-bottom: 0px !important;padding-bottom: 0px !important;}\u00bb][vc_icon icon_fontawesome=\u00bbfa fa-map-o\u00bb color=\u00bbcustom\u00bb size=\u00bblg\u00bb custom_color=\u00bb#3a424d\u00bb css=\u00bb.vc_custom_1496762899266{margin-bottom: 0px !important;padding-bottom: 0px !important;}\u00bb][vc_icon icon_fontawesome=\u00bbfa fa-map-o\u00bb color=\u00bbcustom\u00bb size=\u00bblg\u00bb custom_color=\u00bb#3a424d\u00bb css=\u00bb.vc_custom_1496762899266{margin-bottom: 0px !important;padding-bottom: 0px !important;}\u00bb][\/vc_column_inner][vc_column_inner width=\u00bb3\/4&#8243;][vc_column_text]<strong>NUESTRA OFICINA<\/strong><br \/>\n1108 Fort Street Mall Suite 3<br \/>\nHonolulu Hawaii 96813<br \/>\nEstados Unidos[\/vc_column_text][\/vc_column_inner][\/vc_row_inner][vc_row_inner css=\u00bb.vc_custom_1496761123027{margin-bottom: 10px !important;border-bottom-width: 1px !important;background-color: #eeeeee !important;border-bottom-color: #dddddd !important;border-bottom-style: solid !important;}\u00bb][vc_column_inner width=\u00bb1\/4&#8243;][vc_icon icon_fontawesome=\u00bbfa fa-phone\u00bb color=\u00bbcustom\u00bb size=\u00bblg\u00bb custom_color=\u00bb#3a424d\u00bb css=\u00bb.vc_custom_1496762931028{margin-bottom: 0px !important;padding-bottom: 0px !important;}\u00bb][\/vc_column_inner][vc_column_inner width=\u00bb3\/4&#8243;][vc_column_text]<strong>N\u00daMERO<\/strong><\/p>\n<p><img decoding=\"async\" loading=\"lazy\" id=\"m_9127722115805440339Imagen_x0020_1\" class=\"CToWUd\" src=\"https:\/\/www.aauniv.com\/s\/wp-content\/uploads\/icon-whatsapp.png\" width=\"15\" height=\"15\" border=\"0\" data-image-whitelisted=\"\" \/>\u00a0<a href=\"https:\/\/api.whatsapp.com\/send?phone=18084646658&amp;text=American%20Andragogy%20University%20-%20Hawaii%20-%20Estados%20Unidos,%20le%20saluda.%20Estaremos%20respondiendo%20lo%20antes%20posible,%20d\u00e9jenos%20un%20mensaje%20con:%20Nombres%20y%20apellido%20\/%20Programa%20de%20inter\u00e9s:%20Diplomado%20-%20Licenciatura%20-%20Maestria%20-%20Doctorado%20-%20Posdoctorado%20\/%20\u00c1rea%20de%20estudios%20de%20inter\u00e9s\">+1 808 4646658<\/a><\/p>\n<p><img decoding=\"async\" loading=\"lazy\" id=\"m_9127722115805440339Imagen_x0020_2\" class=\"CToWUd\" src=\"https:\/\/www.aauniv.com\/s\/wp-content\/uploads\/icon-whatsapp.png\" width=\"15\" height=\"15\" border=\"0\" data-image-whitelisted=\"\" \/>\u00a0<a href=\"https:\/\/api.whatsapp.com\/send?phone=18086994618&amp;text=American%20Andragogy%20University%20-%20Hawaii%20-%20Estados%20Unidos,%20le%20saluda.%20Estaremos%20respondiendo%20lo%20antes%20posible,%20d\u00e9jenos%20un%20mensaje%20con:%20Nombres%20y%20apellido%20\/%20Programa%20de%20inter\u00e9s:%20Diplomado%20-%20Licenciatura%20-%20Maestria%20-%20Doctorado%20-%20Posdoctorado%20\/%20\u00c1rea%20de%20estudios%20de%20inter\u00e9s\">+1 808 6994618<\/a>[\/vc_column_text][\/vc_column_inner][\/vc_row_inner][vc_row_inner css=\u00bb.vc_custom_1496761128158{margin-bottom: 10px !important;border-bottom-width: 1px !important;background-color: #eeeeee !important;border-bottom-color: #dddddd !important;border-bottom-style: solid !important;}\u00bb][vc_column_inner width=\u00bb1\/4&#8243;][vc_icon icon_fontawesome=\u00bbfa fa-envelope-o\u00bb color=\u00bbcustom\u00bb size=\u00bblg\u00bb custom_color=\u00bb#3a424d\u00bb css=\u00bb.vc_custom_1496762942626{margin-bottom: 0px !important;padding-bottom: 0px !important;}\u00bb][\/vc_column_inner][vc_column_inner width=\u00bb3\/4&#8243;][vc_column_text]<strong>CONTACTARNOS<\/strong><br \/>\n<a href=\"https:\/\/www.aauniv.com\/s\/contactanos\/\"><strong>Ir al formulario<\/strong><\/a>[\/vc_column_text][\/vc_column_inner][\/vc_row_inner][vc_row_inner css=\u00bb.vc_custom_1496761123027{margin-bottom: 10px !important;border-bottom-width: 1px !important;background-color: #eeeeee !important;border-bottom-color: #dddddd !important;border-bottom-style: solid !important;}\u00bb][vc_column_inner width=\u00bb1\/4&#8243;][vc_icon icon_fontawesome=\u00bbfa fa-headphones\u00bb color=\u00bbcustom\u00bb size=\u00bblg\u00bb custom_color=\u00bb#3a424d\u00bb css=\u00bb.vc_custom_1603176236710{margin-bottom: 0px !important;padding-bottom: 0px !important;}\u00bb][\/vc_column_inner][vc_column_inner width=\u00bb3\/4&#8243;][vc_column_text]<strong>PREGUNTAS MAS FRECUENTES:<\/strong><\/p>\n<p><b>Escuchar por nuestro podcast:<\/b><\/p>\n<p><a href=\"https:\/\/anchor.fm\/americandragogyuniversity\"><img decoding=\"async\" loading=\"lazy\" class=\"alignnone wp-image-1008\" src=\"https:\/\/www.aauniv.com\/s\/blog\/wp-content\/uploads\/2020\/10\/podcasts-spotify-aau-min.png\" alt=\"podcasts-spotify-aau-min\" width=\"284\" height=\"69\" \/><\/a>[\/vc_column_text][\/vc_column_inner][\/vc_row_inner][\/vc_column][vc_column width=\u00bb2\/3&#8243;][vc_column_text css=\u00bb.vc_custom_1658691419782{margin-top: 0px !important;padding-top: 0px !important;}\u00bb]<\/p>\n<h2><\/h2>\n<h2><strong>ESCUELA DE SALUD<\/strong><\/h2>\n<p><a href=\"https:\/\/www.aauniv.com\/s\/maestria-administracion-hospitalaria\/\">Maestr\u00eda en Administraci\u00f3n Hospitalaria<\/a><\/p>\n<p><a href=\"https:\/\/www.aauniv.com\/s\/maestria-ciencias-la-salud\/\">Maestr\u00eda en Ciencias de la Salud<\/a><\/p>\n<p><a href=\"https:\/\/www.aauniv.com\/s\/maestria-en-enfermeria\/\">Maestr\u00eda en Enfermer\u00eda<\/a><\/p>\n<p><a href=\"https:\/\/www.aauniv.com\/s\/maestria-en-fisioterapia\/\">Maestr\u00eda en Fisioterapia<\/a><\/p>\n<p><a href=\"https:\/\/www.aauniv.com\/s\/maestria-en-gerontologia\/\">Maestr\u00eda en Gerontolog\u00eda<\/a><\/p>\n<p><a href=\"https:\/\/www.aauniv.com\/s\/maestria-en-logoterapia\/\">Maestr\u00eda en Logoterapia<\/a><\/p>\n<p><a href=\"https:\/\/www.aauniv.com\/s\/maestria-en-microbiologia\/\">Maestr\u00eda en Microbiolog\u00eda<\/a><\/p>\n<p><a href=\"https:\/\/www.aauniv.com\/s\/maestria-en-naturopatia\/\">Maestr\u00eda en Naturopat\u00eda<\/a><\/p>\n<p><a href=\"https:\/\/www.aauniv.com\/s\/maestria-en-neuropsicologia-clinica\/\">Maestr\u00eda en Neuropsicolog\u00eda Cl\u00ednica<\/a><\/p>\n<p><a href=\"https:\/\/www.aauniv.com\/s\/maestria-neuropsicologia-infantil\/\">Maestr\u00eda en Neuropsicolog\u00eda Infantil<\/a><\/p>\n<p><a href=\"https:\/\/www.aauniv.com\/s\/maestria-en-nutricion\/\">Maestr\u00eda en Nutrici\u00f3n<\/a><\/p>\n<p><a href=\"https:\/\/www.aauniv.com\/s\/maestria-nutricion-animal\/\">Maestr\u00eda en Nutrici\u00f3n Animal<\/a><\/p>\n<p><a href=\"https:\/\/www.aauniv.com\/s\/licenciatura-nutricion-y-bioquimica-deportiva\/\">Maestr\u00eda en Nutrici\u00f3n y Bioqu\u00edmica Deportiva<\/a><\/p>\n<p><a href=\"https:\/\/www.aauniv.com\/s\/maestria-en-parapsicologia\/\">Maestr\u00eda en Parapsicolog\u00eda<\/a><\/p>\n<p>Maestr\u00eda en Podolog\u00eda<\/p>\n<p><a href=\"https:\/\/www.aauniv.com\/s\/maestria-en-psicoanalisis\/\">Maestr\u00eda en Psicoan\u00e1lisis<\/a><\/p>\n<p><a href=\"https:\/\/www.aauniv.com\/s\/maestria-en-psicologia\/\">Maestr\u00eda en Psicolog\u00eda<\/a><\/p>\n<p><a href=\"https:\/\/www.aauniv.com\/s\/maestria-en-psicologia-clinica\/\">Maestr\u00eda en Psicolog\u00eda Cl\u00ednica<\/a><\/p>\n<p><a href=\"https:\/\/www.aauniv.com\/s\/maestria-en-psicopedagogia\/\">Maestr\u00eda en Psicopedagog\u00eda<\/a><\/p>\n<p><a href=\"https:\/\/www.aauniv.com\/s\/maestria-rehabilitacion-deportiva\/\">Maestr\u00eda en Rehabilitaci\u00f3n Deportiva<\/a><\/p>\n<p><a href=\"https:\/\/www.aauniv.com\/s\/maestria-reproduccion-animal\/\">Maestr\u00eda en Reproducci\u00f3n Animal<\/a><\/p>\n<p><a href=\"https:\/\/www.aauniv.com\/s\/maestria-salud-publica\/\">Maestr\u00eda en Salud P\u00fablica<\/a><\/p>\n<p><a href=\"https:\/\/www.aauniv.com\/s\/maestria-sexologia-clinica-terapia-parejas\/\">Maestr\u00eda en Sexolog\u00eda y Terapia de Parejas<\/a><\/p>\n<p><a href=\"https:\/\/www.aauniv.com\/s\/maestria-en-sociologia\/\">Maestr\u00eda en Sociolog\u00eda<\/a><\/p>\n<p><a href=\"https:\/\/www.aauniv.com\/s\/maestria-salud-seguridad-ocupacional\/\">Maestr\u00eda en Salud y Seguridad Ocupacional<\/a><\/p>\n<p><a href=\"https:\/\/www.aauniv.com\/s\/maestria-terapia-familiar\/\">Maestr\u00eda en Terapia Familiar<\/a><\/p>\n<p>&nbsp;<\/p>\n<p>[\/vc_column_text][vc_separator color=\u00bbcustom\u00bb accent_color=\u00bb#e3ad24&#8243;][vc_column_text][\/vc_column_text][\/vc_column][\/vc_row]<\/p>\n<\/section>","protected":false},"excerpt":{"rendered":"<p>[vc_row gap=\u00bb30&#8243; css=\u00bb.vc_custom_1496762549335{padding-top: 80px !important;padding-bottom: 10px !important;}\u00bb][vc_column width=\u00bb1\/3&#8243;][vc_row_inner css=\u00bb.vc_custom_1496761117343{margin-bottom: 10px !important;border-bottom-width: 1px !important;padding-bottom: 0px !important;background-color: #eeeeee !important;border-bottom-color: #dddddd !important;border-bottom-style: solid !important;}\u00bb][vc_column_inner width=\u00bb1\/4&#8243; css=\u00bb.vc_custom_1496762853974{margin-bottom: 0px !important;padding-bottom: 0px<span class=\"excerpt-hellip\"> [\u2026]<\/span><\/p>\n","protected":false},"author":1,"featured_media":0,"parent":487,"menu_order":0,"comment_status":"open","ping_status":"closed","template":"","meta":{"footnotes":""},"yoast_head":"<!-- This site is optimized with the Yoast SEO plugin v22.6 - https:\/\/yoast.com\/wordpress\/plugins\/seo\/ -->\n<title>Escuela de Salud | Maestr\u00edas 100% online | AAU<\/title>\n<meta name=\"description\" content=\"Escuela de Salud en American Andragogy University EEUU. Maestr\u00edas online y en espa\u00f1ol. Aplica para una beca del 50%!. Programa de estudio a distancia. Carreras de estudio a distancia.\" \/>\n<meta name=\"robots\" content=\"index, follow, max-snippet:-1, max-image-preview:large, max-video-preview:-1\" \/>\n<link rel=\"canonical\" href=\"https:\/\/www.aauniv.com\/s\/maestrias\/escuela-de-salud\/\" \/>\n<meta property=\"og:locale\" content=\"es_ES\" \/>\n<meta property=\"og:type\" content=\"article\" \/>\n<meta property=\"og:title\" content=\"Escuela de Salud | Maestr\u00edas 100% online | AAU\" \/>\n<meta property=\"og:description\" content=\"Escuela de Salud en American Andragogy University EEUU. Maestr\u00edas online y en espa\u00f1ol. Aplica para una beca del 50%!. Programa de estudio a distancia. Carreras de estudio a distancia.\" \/>\n<meta property=\"og:url\" content=\"https:\/\/www.aauniv.com\/s\/maestrias\/escuela-de-salud\/\" \/>\n<meta property=\"article:modified_time\" content=\"2022-07-24T19:38:04+00:00\" \/>\n<meta property=\"og:image\" content=\"https:\/\/www.aauniv.com\/s\/wp-content\/uploads\/plan-de-estudio-licenciatura-online.jpg\" \/>\n\t<meta property=\"og:image:width\" content=\"650\" \/>\n\t<meta property=\"og:image:height\" content=\"181\" \/>\n\t<meta property=\"og:image:type\" content=\"image\/jpeg\" \/>\n<meta name=\"twitter:card\" content=\"summary_large_image\" \/>\n<meta name=\"twitter:label1\" content=\"Tiempo de lectura\" \/>\n\t<meta name=\"twitter:data1\" content=\"2 minutos\" \/>\n<script type=\"application\/ld+json\" class=\"yoast-schema-graph\">{\"@context\":\"https:\/\/schema.org\",\"@graph\":[{\"@type\":\"WebPage\",\"@id\":\"https:\/\/www.aauniv.com\/s\/maestrias\/escuela-de-salud\/\",\"url\":\"https:\/\/www.aauniv.com\/s\/maestrias\/escuela-de-salud\/\",\"name\":\"Escuela de Salud | Maestr\u00edas 100% online | AAU\",\"isPartOf\":{\"@id\":\"https:\/\/www.aauniv.com\/s\/#website\"},\"primaryImageOfPage\":{\"@id\":\"https:\/\/www.aauniv.com\/s\/maestrias\/escuela-de-salud\/#primaryimage\"},\"image\":{\"@id\":\"https:\/\/www.aauniv.com\/s\/maestrias\/escuela-de-salud\/#primaryimage\"},\"thumbnailUrl\":\"https:\/\/www.aauniv.com\/s\/wp-content\/uploads\/icon-whatsapp.png\",\"datePublished\":\"2022-07-12T04:25:38+00:00\",\"dateModified\":\"2022-07-24T19:38:04+00:00\",\"description\":\"Escuela de Salud en American Andragogy University EEUU. Maestr\u00edas online y en espa\u00f1ol. Aplica para una beca del 50%!. Programa de estudio a distancia. Carreras de estudio a distancia.\",\"breadcrumb\":{\"@id\":\"https:\/\/www.aauniv.com\/s\/maestrias\/escuela-de-salud\/#breadcrumb\"},\"inLanguage\":\"es\",\"potentialAction\":[{\"@type\":\"ReadAction\",\"target\":[\"https:\/\/www.aauniv.com\/s\/maestrias\/escuela-de-salud\/\"]}]},{\"@type\":\"ImageObject\",\"inLanguage\":\"es\",\"@id\":\"https:\/\/www.aauniv.com\/s\/maestrias\/escuela-de-salud\/#primaryimage\",\"url\":\"https:\/\/www.aauniv.com\/s\/wp-content\/uploads\/icon-whatsapp.png\",\"contentUrl\":\"https:\/\/www.aauniv.com\/s\/wp-content\/uploads\/icon-whatsapp.png\",\"width\":15,\"height\":15},{\"@type\":\"BreadcrumbList\",\"@id\":\"https:\/\/www.aauniv.com\/s\/maestrias\/escuela-de-salud\/#breadcrumb\",\"itemListElement\":[{\"@type\":\"ListItem\",\"position\":1,\"name\":\"Portada\",\"item\":\"https:\/\/www.aauniv.com\/s\/\"},{\"@type\":\"ListItem\",\"position\":2,\"name\":\"Maestr\u00edas\",\"item\":\"https:\/\/www.aauniv.com\/s\/maestrias\/\"},{\"@type\":\"ListItem\",\"position\":3,\"name\":\"Escuela de Salud\"}]},{\"@type\":\"WebSite\",\"@id\":\"https:\/\/www.aauniv.com\/s\/#website\",\"url\":\"https:\/\/www.aauniv.com\/s\/\",\"name\":\"\",\"description\":\"\",\"publisher\":{\"@id\":\"https:\/\/www.aauniv.com\/s\/#organization\"},\"potentialAction\":[{\"@type\":\"SearchAction\",\"target\":{\"@type\":\"EntryPoint\",\"urlTemplate\":\"https:\/\/www.aauniv.com\/s\/?s={search_term_string}\"},\"query-input\":\"required name=search_term_string\"}],\"inLanguage\":\"es\"},{\"@type\":\"Organization\",\"@id\":\"https:\/\/www.aauniv.com\/s\/#organization\",\"name\":\"American Andragogy University\",\"url\":\"https:\/\/www.aauniv.com\/s\/\",\"logo\":{\"@type\":\"ImageObject\",\"inLanguage\":\"es\",\"@id\":\"https:\/\/www.aauniv.com\/s\/#\/schema\/logo\/image\/\",\"url\":\"https:\/\/www.aauniv.com\/s\/wp-content\/uploads\/logo-american-andragogy-university.png\",\"contentUrl\":\"https:\/\/www.aauniv.com\/s\/wp-content\/uploads\/logo-american-andragogy-university.png\",\"width\":395,\"height\":79,\"caption\":\"American Andragogy University\"},\"image\":{\"@id\":\"https:\/\/www.aauniv.com\/s\/#\/schema\/logo\/image\/\"}}]}<\/script>\n<!-- \/ Yoast SEO plugin. -->","yoast_head_json":{"title":"Escuela de Salud | Maestr\u00edas 100% online | AAU","description":"Escuela de Salud en American Andragogy University EEUU. Maestr\u00edas online y en espa\u00f1ol. Aplica para una beca del 50%!. Programa de estudio a distancia. Carreras de estudio a distancia.","robots":{"index":"index","follow":"follow","max-snippet":"max-snippet:-1","max-image-preview":"max-image-preview:large","max-video-preview":"max-video-preview:-1"},"canonical":"https:\/\/www.aauniv.com\/s\/maestrias\/escuela-de-salud\/","og_locale":"es_ES","og_type":"article","og_title":"Escuela de Salud | Maestr\u00edas 100% online | AAU","og_description":"Escuela de Salud en American Andragogy University EEUU. Maestr\u00edas online y en espa\u00f1ol. Aplica para una beca del 50%!. Programa de estudio a distancia. Carreras de estudio a distancia.","og_url":"https:\/\/www.aauniv.com\/s\/maestrias\/escuela-de-salud\/","article_modified_time":"2022-07-24T19:38:04+00:00","og_image":[{"width":650,"height":181,"url":"https:\/\/www.aauniv.com\/s\/wp-content\/uploads\/plan-de-estudio-licenciatura-online.jpg","type":"image\/jpeg"}],"twitter_card":"summary_large_image","twitter_misc":{"Tiempo de lectura":"2 minutos"},"schema":{"@context":"https:\/\/schema.org","@graph":[{"@type":"WebPage","@id":"https:\/\/www.aauniv.com\/s\/maestrias\/escuela-de-salud\/","url":"https:\/\/www.aauniv.com\/s\/maestrias\/escuela-de-salud\/","name":"Escuela de Salud | Maestr\u00edas 100% online | AAU","isPartOf":{"@id":"https:\/\/www.aauniv.com\/s\/#website"},"primaryImageOfPage":{"@id":"https:\/\/www.aauniv.com\/s\/maestrias\/escuela-de-salud\/#primaryimage"},"image":{"@id":"https:\/\/www.aauniv.com\/s\/maestrias\/escuela-de-salud\/#primaryimage"},"thumbnailUrl":"https:\/\/www.aauniv.com\/s\/wp-content\/uploads\/icon-whatsapp.png","datePublished":"2022-07-12T04:25:38+00:00","dateModified":"2022-07-24T19:38:04+00:00","description":"Escuela de Salud en American Andragogy University EEUU. Maestr\u00edas online y en espa\u00f1ol. Aplica para una beca del 50%!. Programa de estudio a distancia. Carreras de estudio a distancia.","breadcrumb":{"@id":"https:\/\/www.aauniv.com\/s\/maestrias\/escuela-de-salud\/#breadcrumb"},"inLanguage":"es","potentialAction":[{"@type":"ReadAction","target":["https:\/\/www.aauniv.com\/s\/maestrias\/escuela-de-salud\/"]}]},{"@type":"ImageObject","inLanguage":"es","@id":"https:\/\/www.aauniv.com\/s\/maestrias\/escuela-de-salud\/#primaryimage","url":"https:\/\/www.aauniv.com\/s\/wp-content\/uploads\/icon-whatsapp.png","contentUrl":"https:\/\/www.aauniv.com\/s\/wp-content\/uploads\/icon-whatsapp.png","width":15,"height":15},{"@type":"BreadcrumbList","@id":"https:\/\/www.aauniv.com\/s\/maestrias\/escuela-de-salud\/#breadcrumb","itemListElement":[{"@type":"ListItem","position":1,"name":"Portada","item":"https:\/\/www.aauniv.com\/s\/"},{"@type":"ListItem","position":2,"name":"Maestr\u00edas","item":"https:\/\/www.aauniv.com\/s\/maestrias\/"},{"@type":"ListItem","position":3,"name":"Escuela de Salud"}]},{"@type":"WebSite","@id":"https:\/\/www.aauniv.com\/s\/#website","url":"https:\/\/www.aauniv.com\/s\/","name":"","description":"","publisher":{"@id":"https:\/\/www.aauniv.com\/s\/#organization"},"potentialAction":[{"@type":"SearchAction","target":{"@type":"EntryPoint","urlTemplate":"https:\/\/www.aauniv.com\/s\/?s={search_term_string}"},"query-input":"required name=search_term_string"}],"inLanguage":"es"},{"@type":"Organization","@id":"https:\/\/www.aauniv.com\/s\/#organization","name":"American Andragogy University","url":"https:\/\/www.aauniv.com\/s\/","logo":{"@type":"ImageObject","inLanguage":"es","@id":"https:\/\/www.aauniv.com\/s\/#\/schema\/logo\/image\/","url":"https:\/\/www.aauniv.com\/s\/wp-content\/uploads\/logo-american-andragogy-university.png","contentUrl":"https:\/\/www.aauniv.com\/s\/wp-content\/uploads\/logo-american-andragogy-university.png","width":395,"height":79,"caption":"American Andragogy University"},"image":{"@id":"https:\/\/www.aauniv.com\/s\/#\/schema\/logo\/image\/"}}]}},"_links":{"self":[{"href":"https:\/\/www.aauniv.com\/s\/wp-json\/wp\/v2\/pages\/13592"}],"collection":[{"href":"https:\/\/www.aauniv.com\/s\/wp-json\/wp\/v2\/pages"}],"about":[{"href":"https:\/\/www.aauniv.com\/s\/wp-json\/wp\/v2\/types\/page"}],"author":[{"embeddable":true,"href":"https:\/\/www.aauniv.com\/s\/wp-json\/wp\/v2\/users\/1"}],"replies":[{"embeddable":true,"href":"https:\/\/www.aauniv.com\/s\/wp-json\/wp\/v2\/comments?post=13592"}],"version-history":[{"count":3,"href":"https:\/\/www.aauniv.com\/s\/wp-json\/wp\/v2\/pages\/13592\/revisions"}],"predecessor-version":[{"id":13667,"href":"https:\/\/www.aauniv.com\/s\/wp-json\/wp\/v2\/pages\/13592\/revisions\/13667"}],"up":[{"embeddable":true,"href":"https:\/\/www.aauniv.com\/s\/wp-json\/wp\/v2\/pages\/487"}],"wp:attachment":[{"href":"https:\/\/www.aauniv.com\/s\/wp-json\/wp\/v2\/media?parent=13592"}],"curies":[{"name":"wp","href":"https:\/\/api.w.org\/{rel}","templated":true}]}}