{"id":13520,"date":"2022-06-28T18:15:44","date_gmt":"2022-06-28T18:15:44","guid":{"rendered":"https:\/\/www.aauniv.com\/s\/?page_id=13520\/"},"modified":"2022-06-28T18:20:33","modified_gmt":"2022-06-28T18:20:33","slug":"costos-academicos-y-polizas","status":"publish","type":"page","link":"https:\/\/www.aauniv.com\/s\/costos-academicos-y-polizas\/","title":{"rendered":"Costos Acad\u00e9micos y P\u00f3lizas"},"content":{"rendered":"<section class=\"wpb-content-wrapper\"><p>[vc_row gap=\u00bb35&#8243; css=\u00bb.vc_custom_1497043012698{padding-top: 80px !important;padding-bottom: 10px !important;}\u00bb][vc_column width=\u00bb1\/3&#8243;][vc_wp_custommenu nav_menu=\u00bb13&#8243; el_class=\u00bbmenu-programas\u00bb][\/vc_column][vc_column width=\u00bb2\/3&#8243;][vc_column_text]<\/p>\n<h2><strong>AAU <span style=\"color: #f0b40a;\">COSTOS ACADEMICOS<\/span><\/strong><\/h2>\n<p><b>EN LOS SIGUIENTES COSTOS, SE ESTA INCLUYENDO:<\/b><\/p>\n<ul>\n<li style=\"font-weight: 400;\" aria-level=\"1\"><span style=\"font-weight: 400;\">Totalidad del programa de estudios.<\/span><\/li>\n<li style=\"font-weight: 400;\" aria-level=\"1\"><span style=\"font-weight: 400;\">Acceso a la Plataforma Acad\u00e9mica Virtual<\/span><\/li>\n<li style=\"font-weight: 400;\" aria-level=\"1\"><span style=\"font-weight: 400;\">Asesor\u00eda y seguimiento para el desarrollo del programa acad\u00e9mico<\/span><\/li>\n<li style=\"font-weight: 400;\" aria-level=\"1\"><span style=\"font-weight: 400;\">Reconocimiento de experiencia acad\u00e9mica y laboral (opcional).<\/span><\/li>\n<li style=\"font-weight: 400;\" aria-level=\"1\"><span style=\"font-weight: 400;\">Elaboraci\u00f3n de un plan de estudios personalizado<\/span><\/li>\n<li style=\"font-weight: 400;\" aria-level=\"1\"><span style=\"font-weight: 400;\">Documentos de graduaci\u00f3n.<\/span><\/li>\n<\/ul>\n<div class='jtrt_table_MotherShipContainer'><div class='jtTableContainer jtrespo-scroll  ' ><div class='jtsettingcontainer' style='display:none;position:absolute;left:-9999px;'><textarea data-jtrt-table-id='975' id='jtrt_table_settings_975' cols='30' rows='10'>[[[\"PROGRAMAS\",\"PAGO AL CONTADO\",\"PAGOS MENSUALES\"],[\"Diplomado\",\"$1,500.00\",\"$300.00 por 7 meses\"],[\"Licenciatura\",\"$5,000.00\",\"$300.00 por 20 meses\"],[\"Maestr\\u00eda\",\"$6,000.00\",\"$350.00 por 20 meses\"],[\"Doctorado\",\"$7,000.00\",\"$400.00 por 20 meses\"],[\"Pos-Doctorado\",\"$7,000.00\",\"$400.00 por 20 meses\"]],[{\"row\":0,\"col\":0,\"visualRow\":0,\"visualCol\":0,\"prop\":0,\"borders\":{\"className\":\"border_row0col0\",\"border\":{\"width\":1,\"color\":\"#000\",\"cornerVisible\":false},\"row\":0,\"col\":0,\"top\":{\"hide\":true},\"right\":{\"hide\":true},\"bottom\":{\"hide\":true},\"left\":{\"hide\":true}},\"jtcellstyle\":{\"background\":\"#8f3941\",\"font-weight\":\"bold\",\"color\":\"#ffffff\",\"font-size\":\"16px\"},\"jtfootablebps\":{\"xsmall\":\"\",\"small\":\"\",\"medium\":\"\",\"large\":\"\",\"xlarge\":\"\"}},{\"row\":0,\"col\":1,\"visualRow\":0,\"visualCol\":1,\"prop\":1,\"jtcellstyle\":{\"background\":\"#8f3941\",\"font-weight\":\"bold\",\"color\":\"#ffffff\",\"font-size\":\"16px\"},\"jtfootablebps\":{\"xsmall\":\"\",\"small\":\"\",\"medium\":\"\",\"large\":\"\",\"xlarge\":\"\"},\"borders\":{\"className\":\"border_row0col1\",\"border\":{\"width\":1,\"color\":\"#000\",\"cornerVisible\":false},\"row\":0,\"col\":1,\"top\":{\"hide\":true},\"right\":{\"hide\":true},\"bottom\":{\"hide\":true},\"left\":{\"hide\":true}}},{\"row\":0,\"col\":2,\"visualRow\":0,\"visualCol\":2,\"prop\":2,\"jtcellstyle\":{\"background\":\"#8f3941\",\"font-weight\":\"bold\",\"color\":\"#ffffff\",\"font-size\":\"16px\"},\"jtfootablebps\":{\"xsmall\":\"\",\"small\":\"\",\"medium\":\"\",\"large\":\"\",\"xlarge\":\"\"},\"borders\":{\"className\":\"border_row0col2\",\"border\":{\"width\":1,\"color\":\"#000\",\"cornerVisible\":false},\"row\":0,\"col\":2,\"top\":{\"hide\":true},\"right\":{\"hide\":true},\"bottom\":{\"hide\":true},\"left\":{\"hide\":true}}},{\"row\":1,\"col\":0,\"visualRow\":1,\"visualCol\":0,\"prop\":0,\"jtcellstyle\":{\"font-size\":\"16px\",\"background\":\"#dededf\"},\"borders\":{\"className\":\"border_row1col0\",\"border\":{\"width\":1,\"color\":\"#000\",\"cornerVisible\":false},\"row\":1,\"col\":0,\"top\":{\"hide\":true},\"right\":{\"hide\":true},\"bottom\":{\"hide\":true},\"left\":{\"hide\":true}}},{\"row\":1,\"col\":1,\"visualRow\":1,\"visualCol\":1,\"prop\":1,\"jtcellstyle\":{\"font-size\":\"16px\",\"background\":\"#dededf\"},\"borders\":{\"border\":{\"width\":1,\"color\":\"#000\",\"cornerVisible\":false},\"top\":{\"hide\":true},\"right\":{\"hide\":true},\"bottom\":{\"hide\":true},\"left\":{\"hide\":true},\"row\":5,\"col\":2}},{\"row\":1,\"col\":2,\"visualRow\":1,\"visualCol\":2,\"prop\":2,\"jtcellstyle\":{\"font-size\":\"16px\",\"background\":\"#dededf\"},\"borders\":{\"className\":\"border_row1col2\",\"border\":{\"width\":1,\"color\":\"#000\",\"cornerVisible\":false},\"row\":1,\"col\":2,\"top\":{\"hide\":true},\"right\":{\"hide\":true},\"bottom\":{\"hide\":true},\"left\":{\"hide\":true}}},{\"row\":2,\"col\":0,\"visualRow\":2,\"visualCol\":0,\"prop\":0,\"jtcellstyle\":{\"font-size\":\"16px\",\"background\":\"#f5f5f6\"},\"borders\":{\"className\":\"border_row2col0\",\"border\":{\"width\":1,\"color\":\"#000\",\"cornerVisible\":false},\"row\":2,\"col\":0,\"top\":{\"hide\":true},\"right\":{\"hide\":true},\"bottom\":{\"hide\":true},\"left\":{\"hide\":true}}},{\"row\":2,\"col\":1,\"visualRow\":2,\"visualCol\":1,\"prop\":1,\"jtcellstyle\":{\"font-size\":\"16px\",\"background\":\"#f5f5f6\"},\"borders\":{\"border\":{\"width\":1,\"color\":\"#000\",\"cornerVisible\":false},\"top\":{\"hide\":true},\"right\":{\"hide\":true},\"bottom\":{\"hide\":true},\"left\":{\"hide\":true},\"row\":5,\"col\":2}},{\"row\":2,\"col\":2,\"visualRow\":2,\"visualCol\":2,\"prop\":2,\"jtcellstyle\":{\"font-size\":\"16px\",\"background\":\"#f5f5f6\"},\"borders\":{\"className\":\"border_row2col2\",\"border\":{\"width\":1,\"color\":\"#000\",\"cornerVisible\":false},\"row\":2,\"col\":2,\"top\":{\"hide\":true},\"right\":{\"hide\":true},\"bottom\":{\"hide\":true},\"left\":{\"hide\":true}}},{\"row\":3,\"col\":0,\"visualRow\":3,\"visualCol\":0,\"prop\":0,\"jtcellstyle\":{\"font-size\":\"16px\",\"background\":\"#dededf\"},\"borders\":{\"className\":\"border_row3col0\",\"border\":{\"width\":1,\"color\":\"#000\",\"cornerVisible\":false},\"row\":3,\"col\":0,\"top\":{\"hide\":true},\"right\":{\"hide\":true},\"bottom\":{\"hide\":true},\"left\":{\"hide\":true}}},{\"row\":3,\"col\":1,\"visualRow\":3,\"visualCol\":1,\"prop\":1,\"jtcellstyle\":{\"font-size\":\"16px\",\"background\":\"#dededf\"},\"borders\":{\"border\":{\"width\":1,\"color\":\"#000\",\"cornerVisible\":false},\"top\":{\"hide\":true},\"right\":{\"hide\":true},\"bottom\":{\"hide\":true},\"left\":{\"hide\":true},\"row\":5,\"col\":2}},{\"row\":3,\"col\":2,\"visualRow\":3,\"visualCol\":2,\"prop\":2,\"jtcellstyle\":{\"font-size\":\"16px\",\"background\":\"#dededf\"},\"borders\":{\"className\":\"border_row3col2\",\"border\":{\"width\":1,\"color\":\"#000\",\"cornerVisible\":false},\"row\":3,\"col\":2,\"top\":{\"hide\":true},\"right\":{\"hide\":true},\"bottom\":{\"hide\":true},\"left\":{\"hide\":true}}},{\"row\":4,\"col\":0,\"visualRow\":4,\"visualCol\":0,\"prop\":0,\"jtcellstyle\":{\"font-size\":\"16px\",\"background\":\"#f5f5f6\"},\"borders\":{\"className\":\"border_row4col0\",\"border\":{\"width\":1,\"color\":\"#000\",\"cornerVisible\":false},\"row\":4,\"col\":0,\"top\":{\"hide\":true},\"right\":{\"hide\":true},\"bottom\":{\"hide\":true},\"left\":{\"hide\":true}}},{\"row\":4,\"col\":1,\"visualRow\":4,\"visualCol\":1,\"prop\":1,\"jtcellstyle\":{\"font-size\":\"16px\",\"background\":\"#f5f5f6\"},\"borders\":{\"border\":{\"width\":1,\"color\":\"#000\",\"cornerVisible\":false},\"top\":{\"hide\":true},\"right\":{\"hide\":true},\"bottom\":{\"hide\":true},\"left\":{\"hide\":true},\"row\":5,\"col\":2}},{\"row\":4,\"col\":2,\"visualRow\":4,\"visualCol\":2,\"prop\":2,\"jtcellstyle\":{\"font-size\":\"16px\",\"background\":\"#f5f5f6\"},\"borders\":{\"className\":\"border_row4col2\",\"border\":{\"width\":1,\"color\":\"#000\",\"cornerVisible\":false},\"row\":4,\"col\":2,\"top\":{\"hide\":true},\"right\":{\"hide\":true},\"bottom\":{\"hide\":true},\"left\":{\"hide\":true}}},{\"row\":5,\"col\":0,\"visualRow\":5,\"visualCol\":0,\"prop\":0,\"jtcellstyle\":{\"font-size\":\"16px\",\"background\":\"#dededf\"},\"borders\":{\"className\":\"border_row5col0\",\"border\":{\"width\":1,\"color\":\"#000\",\"cornerVisible\":false},\"row\":5,\"col\":0,\"top\":{\"hide\":true},\"right\":{\"hide\":true},\"bottom\":{\"hide\":true},\"left\":{\"hide\":true}}},{\"row\":5,\"col\":1,\"visualRow\":5,\"visualCol\":1,\"prop\":1,\"jtcellstyle\":{\"font-size\":\"16px\",\"background\":\"#dededf\"},\"borders\":{\"className\":\"border_row5col1\",\"border\":{\"width\":1,\"color\":\"#000\",\"cornerVisible\":false},\"row\":5,\"col\":1,\"top\":{\"hide\":true},\"right\":{\"hide\":true},\"bottom\":{\"hide\":true},\"left\":{\"hide\":true}}},{\"row\":5,\"col\":2,\"visualRow\":5,\"visualCol\":2,\"prop\":2,\"jtcellstyle\":{\"font-size\":\"16px\",\"background\":\"#dededf\"},\"borders\":{\"className\":\"border_row5col2\",\"border\":{\"width\":1,\"color\":\"#000\",\"cornerVisible\":false},\"row\":5,\"col\":2,\"top\":{\"hide\":true},\"right\":{\"hide\":true},\"bottom\":{\"hide\":true},\"left\":{\"hide\":true}}}],[{\"row\":0,\"col\":0,\"top\":{\"hide\":true},\"right\":{\"hide\":true},\"bottom\":{\"hide\":true},\"left\":{\"hide\":true},\"border\":{\"width\":1,\"color\":\"#000\",\"cornerVisible\":false}},{\"row\":0,\"col\":1,\"top\":{\"hide\":true},\"right\":{\"hide\":true},\"bottom\":{\"hide\":true},\"left\":{\"hide\":true},\"border\":{\"width\":1,\"color\":\"#000\",\"cornerVisible\":false}},{\"row\":0,\"col\":2,\"top\":{\"hide\":true},\"right\":{\"hide\":true},\"bottom\":{\"hide\":true},\"left\":{\"hide\":true},\"border\":{\"width\":1,\"color\":\"#000\",\"cornerVisible\":false}},{\"row\":1,\"col\":0,\"top\":{\"hide\":true},\"right\":{\"hide\":true},\"bottom\":{\"hide\":true},\"left\":{\"hide\":true},\"border\":{\"width\":1,\"color\":\"#000\",\"cornerVisible\":false}},{\"row\":5,\"col\":2,\"top\":{\"hide\":true},\"right\":{\"hide\":true},\"bottom\":{\"hide\":true},\"left\":{\"hide\":true},\"border\":{\"width\":1,\"color\":\"#000\",\"cornerVisible\":false}},{\"row\":1,\"col\":2,\"top\":{\"hide\":true},\"right\":{\"hide\":true},\"bottom\":{\"hide\":true},\"left\":{\"hide\":true},\"border\":{\"width\":1,\"color\":\"#000\",\"cornerVisible\":false}},{\"row\":2,\"col\":0,\"top\":{\"hide\":true},\"right\":{\"hide\":true},\"bottom\":{\"hide\":true},\"left\":{\"hide\":true},\"border\":{\"width\":1,\"color\":\"#000\",\"cornerVisible\":false}},{\"row\":5,\"col\":2,\"top\":{\"hide\":true},\"right\":{\"hide\":true},\"bottom\":{\"hide\":true},\"left\":{\"hide\":true},\"border\":{\"width\":1,\"color\":\"#000\",\"cornerVisible\":false}},{\"row\":2,\"col\":2,\"top\":{\"hide\":true},\"right\":{\"hide\":true},\"bottom\":{\"hide\":true},\"left\":{\"hide\":true},\"border\":{\"width\":1,\"color\":\"#000\",\"cornerVisible\":false}},{\"row\":3,\"col\":0,\"top\":{\"hide\":true},\"right\":{\"hide\":true},\"bottom\":{\"hide\":true},\"left\":{\"hide\":true},\"border\":{\"width\":1,\"color\":\"#000\",\"cornerVisible\":false}},{\"row\":5,\"col\":2,\"top\":{\"hide\":true},\"right\":{\"hide\":true},\"bottom\":{\"hide\":true},\"left\":{\"hide\":true},\"border\":{\"width\":1,\"color\":\"#000\",\"cornerVisible\":false}},{\"row\":3,\"col\":2,\"top\":{\"hide\":true},\"right\":{\"hide\":true},\"bottom\":{\"hide\":true},\"left\":{\"hide\":true},\"border\":{\"width\":1,\"color\":\"#000\",\"cornerVisible\":false}},{\"row\":4,\"col\":0,\"top\":{\"hide\":true},\"right\":{\"hide\":true},\"bottom\":{\"hide\":true},\"left\":{\"hide\":true},\"border\":{\"width\":1,\"color\":\"#000\",\"cornerVisible\":false}},{\"row\":5,\"col\":2,\"top\":{\"hide\":true},\"right\":{\"hide\":true},\"bottom\":{\"hide\":true},\"left\":{\"hide\":true},\"border\":{\"width\":1,\"color\":\"#000\",\"cornerVisible\":false}},{\"row\":4,\"col\":2,\"top\":{\"hide\":true},\"right\":{\"hide\":true},\"bottom\":{\"hide\":true},\"left\":{\"hide\":true},\"border\":{\"width\":1,\"color\":\"#000\",\"cornerVisible\":false}},{\"row\":5,\"col\":0,\"top\":{\"hide\":true},\"right\":{\"hide\":true},\"bottom\":{\"hide\":true},\"left\":{\"hide\":true},\"border\":{\"width\":1,\"color\":\"#000\",\"cornerVisible\":false}},{\"row\":5,\"col\":1,\"top\":{\"hide\":true},\"right\":{\"hide\":true},\"bottom\":{\"hide\":true},\"left\":{\"hide\":true},\"border\":{\"width\":1,\"color\":\"#000\",\"cornerVisible\":false}},{\"row\":5,\"col\":2,\"top\":{\"hide\":true},\"right\":{\"hide\":true},\"bottom\":{\"hide\":true},\"left\":{\"hide\":true},\"border\":{\"width\":1,\"color\":\"#000\",\"cornerVisible\":false}}],[]]<\/textarea><textarea data-jtrt-table-id='975' id='jtrt_table_bps_975' cols='30' rows='10'>[]<\/textarea><\/div><table id='jtrt_table_975' data-sorting='false' data-paging='false' data-paging-size='10' data-paging-menu='10,20,50,100' data-filtering='false' data-jtrt-table-id='975' class='jtrt-table  ' ><thead><tr><th>PROGRAMAS<\/th><th>PAGO AL CONTADO<\/th><th>PAGOS MENSUALES<\/th><\/tr><\/thead><tbody><tr><td>Diplomado<\/td><td>$1,500.00<\/td><td>$300.00 por 7 meses<\/td><\/tr><tr><td>Licenciatura<\/td><td>$5,000.00<\/td><td>$300.00 por 20 meses<\/td><\/tr><tr><td>Maestr\u00eda<\/td><td>$6,000.00<\/td><td>$350.00 por 20 meses<\/td><\/tr><tr><td>Doctorado<\/td><td>$7,000.00<\/td><td>$400.00 por 20 meses<\/td><\/tr><tr><td>Pos-Doctorado<\/td><td>$7,000.00<\/td><td>$400.00 por 20 meses<\/td><\/tr><\/tbody><\/table><\/div><\/div>\n<p><span style=\"font-weight: 400;\">Los costos que aparecen en el cuadro de la parte superior son los costos originales por cada programa de estudios. Sin embargo, el postulante tiene la opci\u00f3n de aplicar para un descuento que puede alcanzar hasta el 80% de descuento.<\/span><\/p>\n<p>&nbsp;<\/p>\n<p><b>SOLICITUD DE BECA PARCIAL DE ESTUDIOS: \u00a0 \u00a0 \u00a0 \u00a0 \u00a0 \u00a0 \u00a0 \u00a0 \u00a0 \u00a0 \u00a0 \u00a0 \u00a0 \u00a0 \u00a0 \u00a0 \u00a0 \u00a0 \u00a0 \u00a0 \u00a0 \u00a0 \u00a0 <\/b><\/p>\n<p><a href=\"https:\/\/www.aauniv.com\/s\/beca-parcial-estudios\/\"><b>https:\/\/www.aauniv.com\/s\/beca-parcial-estudios\/<\/b><\/a><b>\u00a0<\/b><\/p>\n<p><span style=\"font-weight: 400;\">AAU le brinda a todos sus estudiantes la oportunidad de realizar el pago en una sola cuota o en mensualidades. Tener en cuenta que al finalizar el programa de estudios existe un pago para ser incluido en el proceso de graduaci\u00f3n.<\/span><\/p>\n<p><b>METODOS DE PAGO<\/b><\/p>\n<p><a href=\"https:\/\/www.aauniv.com\/s\/metodos-de-pago\/\"><b>https:\/\/www.aauniv.com\/s\/metodos-de-pago\/<\/b><\/a><\/p>\n<p>&nbsp;<\/p>\n<h2><strong>AAU <span style=\"color: #f0b40a;\">POLIZAS<\/span><\/strong><\/h2>\n<h3><b>P\u00f3liza de reembolso<\/b><\/h3>\n<p><span style=\"font-weight: 400;\">Estimado (a) postulante\/estudiante en aras a brindarle asesor\u00eda en relaci\u00f3n con su matr\u00edcula y permanencia American Andragogy University le invita a leer detalladamente la siguiente informaci\u00f3n:<\/span><\/p>\n<p><span style=\"font-weight: 400;\">Una vez efectuado el pago de\u00a0matr\u00edcula no habr\u00e1 devoluci\u00f3n; el respectivo pago cubre el proceso de asesoramiento, seguimiento acad\u00e9mico y administrativo. Para cancelar los estudios y acuerdos de financiamiento, ser\u00e1 necesario que realice una solicitud por escrito a American Andragogy University.<\/span><\/p>\n<p><span style=\"font-weight: 400;\">El pago que ha realizado un estudiante que ha decidido retirarse del programa, lo tendr\u00e1 como un saldo a favor en caso decida reingresar al programa de estudios.<\/span><\/p>\n<p><span style=\"font-weight: 400;\">Un estudiante que autorizo descuentos autom\u00e1ticos a su tarjeta de cr\u00e9dito\/d\u00e9bito para pagos mensuales y decide retirarse del programa, no se har\u00e1 devoluci\u00f3n de esos pagos realizados. Para cancelar los estudios y acuerdos de financiamiento, ser\u00e1 necesario que realice una solicitud por escrito a American Andragogy University.<\/span><\/p>\n<p><span style=\"font-weight: 400;\">Para comunicarse con el Departamento Administrativo, escribir a\u00a0\u00a0<\/span><a href=\"mailto:admin@aauniv.com\"><b>admin@aauniv.com<\/b><\/a><\/p>\n<h3><b>P\u00f3liza de seguridad<\/b><\/h3>\n<p><span style=\"font-weight: 400;\">AAU mantendr\u00e1 la privacidad de los datos personales y cualquier informaci\u00f3n sobre el m\u00e9todo de pago que el estudiante ha utilizado. Estos datos no ser\u00e1n proporcionados a terceras partes.<\/span>[\/vc_column_text][\/vc_column][\/vc_row]<\/p>\n<\/section>","protected":false},"excerpt":{"rendered":"<p>[vc_row gap=\u00bb35&#8243; css=\u00bb.vc_custom_1497043012698{padding-top: 80px !important;padding-bottom: 10px !important;}\u00bb][vc_column width=\u00bb1\/3&#8243;][vc_wp_custommenu nav_menu=\u00bb13&#8243; el_class=\u00bbmenu-programas\u00bb][\/vc_column][vc_column width=\u00bb2\/3&#8243;][vc_column_text] AAU COSTOS ACADEMICOS EN LOS SIGUIENTES COSTOS, SE ESTA INCLUYENDO: Totalidad del programa de estudios.<span class=\"excerpt-hellip\"> [\u2026]<\/span><\/p>\n","protected":false},"author":1,"featured_media":0,"parent":0,"menu_order":0,"comment_status":"closed","ping_status":"closed","template":"","meta":{"footnotes":""},"yoast_head":"<!-- This site is optimized with the Yoast SEO plugin v22.6 - https:\/\/yoast.com\/wordpress\/plugins\/seo\/ -->\n<title>Costos Acad\u00e9micos y P\u00f3lizas | Estudia a Distancia |\u00a0AAU<\/title>\n<meta name=\"description\" content=\"El sistema de Estudio y Costos que ofrece American Andragogy University a sus estudiantes son programas a distancia con opciones de estudios para Diplomados, Licenciaturas, Maestr\u00eda, Doctorados y Posdoctorados.\" \/>\n<meta name=\"robots\" content=\"index, follow, max-snippet:-1, max-image-preview:large, max-video-preview:-1\" \/>\n<link rel=\"canonical\" href=\"https:\/\/www.aauniv.com\/s\/costos-academicos-y-polizas\/\" \/>\n<meta property=\"og:locale\" content=\"es_ES\" \/>\n<meta property=\"og:type\" content=\"article\" \/>\n<meta property=\"og:title\" content=\"Costos Acad\u00e9micos y P\u00f3lizas | Estudia a Distancia |\u00a0AAU\" \/>\n<meta property=\"og:description\" content=\"El sistema de Estudio y Costos que ofrece American Andragogy University a sus estudiantes son programas a distancia con opciones de estudios para Diplomados, Licenciaturas, Maestr\u00eda, Doctorados y Posdoctorados.\" \/>\n<meta property=\"og:url\" content=\"https:\/\/www.aauniv.com\/s\/costos-academicos-y-polizas\/\" \/>\n<meta property=\"article:modified_time\" content=\"2022-06-28T18:20:33+00:00\" \/>\n<meta name=\"twitter:card\" content=\"summary_large_image\" \/>\n<meta name=\"twitter:label1\" content=\"Tiempo de lectura\" \/>\n\t<meta name=\"twitter:data1\" content=\"2 minutos\" \/>\n<script type=\"application\/ld+json\" class=\"yoast-schema-graph\">{\"@context\":\"https:\/\/schema.org\",\"@graph\":[{\"@type\":\"WebPage\",\"@id\":\"https:\/\/www.aauniv.com\/s\/costos-academicos-y-polizas\/\",\"url\":\"https:\/\/www.aauniv.com\/s\/costos-academicos-y-polizas\/\",\"name\":\"Costos Acad\u00e9micos y P\u00f3lizas | Estudia a Distancia |\u00a0AAU\",\"isPartOf\":{\"@id\":\"https:\/\/www.aauniv.com\/s\/#website\"},\"datePublished\":\"2022-06-28T18:15:44+00:00\",\"dateModified\":\"2022-06-28T18:20:33+00:00\",\"description\":\"El sistema de Estudio y Costos que ofrece American Andragogy University a sus estudiantes son programas a distancia con opciones de estudios para Diplomados, Licenciaturas, Maestr\u00eda, Doctorados y Posdoctorados.\",\"breadcrumb\":{\"@id\":\"https:\/\/www.aauniv.com\/s\/costos-academicos-y-polizas\/#breadcrumb\"},\"inLanguage\":\"es\",\"potentialAction\":[{\"@type\":\"ReadAction\",\"target\":[\"https:\/\/www.aauniv.com\/s\/costos-academicos-y-polizas\/\"]}]},{\"@type\":\"BreadcrumbList\",\"@id\":\"https:\/\/www.aauniv.com\/s\/costos-academicos-y-polizas\/#breadcrumb\",\"itemListElement\":[{\"@type\":\"ListItem\",\"position\":1,\"name\":\"Portada\",\"item\":\"https:\/\/www.aauniv.com\/s\/\"},{\"@type\":\"ListItem\",\"position\":2,\"name\":\"Costos Acad\u00e9micos y P\u00f3lizas\"}]},{\"@type\":\"WebSite\",\"@id\":\"https:\/\/www.aauniv.com\/s\/#website\",\"url\":\"https:\/\/www.aauniv.com\/s\/\",\"name\":\"\",\"description\":\"\",\"publisher\":{\"@id\":\"https:\/\/www.aauniv.com\/s\/#organization\"},\"potentialAction\":[{\"@type\":\"SearchAction\",\"target\":{\"@type\":\"EntryPoint\",\"urlTemplate\":\"https:\/\/www.aauniv.com\/s\/?s={search_term_string}\"},\"query-input\":\"required name=search_term_string\"}],\"inLanguage\":\"es\"},{\"@type\":\"Organization\",\"@id\":\"https:\/\/www.aauniv.com\/s\/#organization\",\"name\":\"American Andragogy University\",\"url\":\"https:\/\/www.aauniv.com\/s\/\",\"logo\":{\"@type\":\"ImageObject\",\"inLanguage\":\"es\",\"@id\":\"https:\/\/www.aauniv.com\/s\/#\/schema\/logo\/image\/\",\"url\":\"https:\/\/www.aauniv.com\/s\/wp-content\/uploads\/logo-american-andragogy-university.png\",\"contentUrl\":\"https:\/\/www.aauniv.com\/s\/wp-content\/uploads\/logo-american-andragogy-university.png\",\"width\":395,\"height\":79,\"caption\":\"American Andragogy University\"},\"image\":{\"@id\":\"https:\/\/www.aauniv.com\/s\/#\/schema\/logo\/image\/\"}}]}<\/script>\n<!-- \/ Yoast SEO plugin. -->","yoast_head_json":{"title":"Costos Acad\u00e9micos y P\u00f3lizas | Estudia a Distancia |\u00a0AAU","description":"El sistema de Estudio y Costos que ofrece American Andragogy University a sus estudiantes son programas a distancia con opciones de estudios para Diplomados, Licenciaturas, Maestr\u00eda, Doctorados y Posdoctorados.","robots":{"index":"index","follow":"follow","max-snippet":"max-snippet:-1","max-image-preview":"max-image-preview:large","max-video-preview":"max-video-preview:-1"},"canonical":"https:\/\/www.aauniv.com\/s\/costos-academicos-y-polizas\/","og_locale":"es_ES","og_type":"article","og_title":"Costos Acad\u00e9micos y P\u00f3lizas | Estudia a Distancia |\u00a0AAU","og_description":"El sistema de Estudio y Costos que ofrece American Andragogy University a sus estudiantes son programas a distancia con opciones de estudios para Diplomados, Licenciaturas, Maestr\u00eda, Doctorados y Posdoctorados.","og_url":"https:\/\/www.aauniv.com\/s\/costos-academicos-y-polizas\/","article_modified_time":"2022-06-28T18:20:33+00:00","twitter_card":"summary_large_image","twitter_misc":{"Tiempo de lectura":"2 minutos"},"schema":{"@context":"https:\/\/schema.org","@graph":[{"@type":"WebPage","@id":"https:\/\/www.aauniv.com\/s\/costos-academicos-y-polizas\/","url":"https:\/\/www.aauniv.com\/s\/costos-academicos-y-polizas\/","name":"Costos Acad\u00e9micos y P\u00f3lizas | Estudia a Distancia |\u00a0AAU","isPartOf":{"@id":"https:\/\/www.aauniv.com\/s\/#website"},"datePublished":"2022-06-28T18:15:44+00:00","dateModified":"2022-06-28T18:20:33+00:00","description":"El sistema de Estudio y Costos que ofrece American Andragogy University a sus estudiantes son programas a distancia con opciones de estudios para Diplomados, Licenciaturas, Maestr\u00eda, Doctorados y Posdoctorados.","breadcrumb":{"@id":"https:\/\/www.aauniv.com\/s\/costos-academicos-y-polizas\/#breadcrumb"},"inLanguage":"es","potentialAction":[{"@type":"ReadAction","target":["https:\/\/www.aauniv.com\/s\/costos-academicos-y-polizas\/"]}]},{"@type":"BreadcrumbList","@id":"https:\/\/www.aauniv.com\/s\/costos-academicos-y-polizas\/#breadcrumb","itemListElement":[{"@type":"ListItem","position":1,"name":"Portada","item":"https:\/\/www.aauniv.com\/s\/"},{"@type":"ListItem","position":2,"name":"Costos Acad\u00e9micos y P\u00f3lizas"}]},{"@type":"WebSite","@id":"https:\/\/www.aauniv.com\/s\/#website","url":"https:\/\/www.aauniv.com\/s\/","name":"","description":"","publisher":{"@id":"https:\/\/www.aauniv.com\/s\/#organization"},"potentialAction":[{"@type":"SearchAction","target":{"@type":"EntryPoint","urlTemplate":"https:\/\/www.aauniv.com\/s\/?s={search_term_string}"},"query-input":"required name=search_term_string"}],"inLanguage":"es"},{"@type":"Organization","@id":"https:\/\/www.aauniv.com\/s\/#organization","name":"American Andragogy University","url":"https:\/\/www.aauniv.com\/s\/","logo":{"@type":"ImageObject","inLanguage":"es","@id":"https:\/\/www.aauniv.com\/s\/#\/schema\/logo\/image\/","url":"https:\/\/www.aauniv.com\/s\/wp-content\/uploads\/logo-american-andragogy-university.png","contentUrl":"https:\/\/www.aauniv.com\/s\/wp-content\/uploads\/logo-american-andragogy-university.png","width":395,"height":79,"caption":"American Andragogy University"},"image":{"@id":"https:\/\/www.aauniv.com\/s\/#\/schema\/logo\/image\/"}}]}},"_links":{"self":[{"href":"https:\/\/www.aauniv.com\/s\/wp-json\/wp\/v2\/pages\/13520"}],"collection":[{"href":"https:\/\/www.aauniv.com\/s\/wp-json\/wp\/v2\/pages"}],"about":[{"href":"https:\/\/www.aauniv.com\/s\/wp-json\/wp\/v2\/types\/page"}],"author":[{"embeddable":true,"href":"https:\/\/www.aauniv.com\/s\/wp-json\/wp\/v2\/users\/1"}],"replies":[{"embeddable":true,"href":"https:\/\/www.aauniv.com\/s\/wp-json\/wp\/v2\/comments?post=13520"}],"version-history":[{"count":4,"href":"https:\/\/www.aauniv.com\/s\/wp-json\/wp\/v2\/pages\/13520\/revisions"}],"predecessor-version":[{"id":13525,"href":"https:\/\/www.aauniv.com\/s\/wp-json\/wp\/v2\/pages\/13520\/revisions\/13525"}],"wp:attachment":[{"href":"https:\/\/www.aauniv.com\/s\/wp-json\/wp\/v2\/media?parent=13520"}],"curies":[{"name":"wp","href":"https:\/\/api.w.org\/{rel}","templated":true}]}}