{"id":1003,"date":"2017-07-05T14:34:36","date_gmt":"2017-07-05T14:34:36","guid":{"rendered":"http:\/\/localhost\/aau\/?page_id=1003"},"modified":"2025-09-07T23:37:37","modified_gmt":"2025-09-07T23:37:37","slug":"metodos-de-pago-2","status":"publish","type":"page","link":"https:\/\/www.aauniv.com\/s\/metodos-de-pago-2\/","title":{"rendered":"M\u00e9todos de Pago"},"content":{"rendered":"<section class=\"wpb-content-wrapper\"><p>[vc_row gap=\u00bb35&#8243; css=\u00bb.vc_custom_1497043012698{padding-top: 80px !important;padding-bottom: 10px !important;}\u00bb][vc_column width=\u00bb1\/3&#8243; offset=\u00bbvc_hidden-sm vc_hidden-xs\u00bb][vc_wp_custommenu nav_menu=\u00bb13&#8243; el_class=\u00bbmenu-programas\u00bb][\/vc_column][vc_column width=\u00bb2\/3&#8243;][vc_column_text css=\u00bb.vc_custom_1757288252327{margin-top: 0px !important;padding-top: 0px !important;}\u00bb]<\/p>\n<h2>M\u00c9TODOS\u00a0<span style=\"color: #f0b40a;\">DE PAGO<\/span><\/h2>\n<div class=\"linea-001\"><\/div>\n<p>Para realizar un pago directamente a la universidad.<\/p>\n<p><strong>Utilizar uno de los siguientes m\u00e9todos de pago:<\/strong><\/p>\n<p><span style=\"color: #0095eb;\">(haz clic en las im\u00e1genes para ver m\u00e1s informaci\u00f3n)<\/span>[\/vc_column_text][vc_column_text]<\/p>\n<div style=\"padding: 10px; float: left; width: 45%; text-align: center;\"><a href=\"https:\/\/www.aauniv.com\/s\/money-gram-western-union\/\"><img decoding=\"async\" src=\"https:\/\/www.aauniv.com\/s\/wp-content\/uploads\/2017\/07\/img-western-union-moneygram.jpg\" \/><\/a><br \/>\n<span style=\"font-size: 10px; font-weight: 600;\">Agencia de env\u00edo: Money Gram o Western Union<\/span><\/div>\n<div style=\"padding: 10px; float: left; width: 45%; text-align: center;\"><a href=\"https:\/\/www.aauniv.com\/s\/metodo-pago-tarjeta-credito-debito\/\"><img decoding=\"async\" src=\"https:\/\/www.aauniv.com\/s\/wp-content\/uploads\/metodos-pago-visa-mastercard.jpg\" \/><\/a><br \/>\n<span style=\"font-size: 10px; font-weight: 600; text-align: center;\">Tarjeta de Cr\u00e9dito<\/span><\/div>\n<div style=\"padding: 10px; float: left; width: 45%; text-align: center;\"><a href=\"https:\/\/www.aauniv.com\/s\/metodo-pago-paypal\/\"><img decoding=\"async\" src=\"https:\/\/www.aauniv.com\/s\/wp-content\/uploads\/2017\/07\/img-paypal.jpg\" \/><\/a><br \/>\n<span style=\"font-size: 10px; font-weight: 600;\">Paypal<\/span><\/div>\n<div style=\"display: none; padding: 10px; float: left; width: 45%; text-align: center;\"><a href=\"https:\/\/www.aauniv.com\/s\/transferencia-bancaria\/\"><img decoding=\"async\" src=\"https:\/\/www.aauniv.com\/s\/wp-content\/uploads\/2017\/07\/img-bank-transfer.jpg\" \/><\/a><br \/>\n<span style=\"font-size: 10px; font-weight: 600; text-align: center;\">Bank of Hawaii<\/span><\/div>\n<p>[\/vc_column_text][\/vc_column][\/vc_row][vc_row gap=\u00bb35&#8243; css=\u00bb.vc_custom_1497043012698{padding-top: 80px !important;padding-bottom: 10px !important;}\u00bb][vc_column width=\u00bb1\/3&#8243; offset=\u00bbvc_hidden-lg vc_hidden-md\u00bb][vc_wp_custommenu nav_menu=\u00bb13&#8243; el_class=\u00bbmenu-programas\u00bb][\/vc_column][\/vc_row]<\/p>\n<\/section>","protected":false},"excerpt":{"rendered":"<p>[vc_row gap=\u00bb35&#8243; css=\u00bb.vc_custom_1497043012698{padding-top: 80px !important;padding-bottom: 10px !important;}\u00bb][vc_column width=\u00bb1\/3&#8243; offset=\u00bbvc_hidden-sm vc_hidden-xs\u00bb][vc_wp_custommenu nav_menu=\u00bb13&#8243; el_class=\u00bbmenu-programas\u00bb][\/vc_column][vc_column width=\u00bb2\/3&#8243;][vc_column_text css=\u00bb.vc_custom_1757288252327{margin-top: 0px !important;padding-top: 0px !important;}\u00bb] M\u00c9TODOS\u00a0DE PAGO Para realizar un pago directamente a<span class=\"excerpt-hellip\"> [\u2026]<\/span><\/p>\n","protected":false},"author":1,"featured_media":0,"parent":0,"menu_order":0,"comment_status":"closed","ping_status":"closed","template":"","meta":{"footnotes":""},"yoast_head":"<!-- This site is optimized with the Yoast SEO plugin v22.6 - https:\/\/yoast.com\/wordpress\/plugins\/seo\/ -->\n<title>M\u00e9todos de Pago |\u00a0Estudios Virtuales a Distancia | AAU<\/title>\n<meta name=\"description\" content=\"American Andragogy University se encuentra localizada en el Estado de Hawaii-EEUU, los pagos se pueden realizar por transferencia bancaria, tarjeta de cr\u00e9dito o agencias de envio para pagar directamente a la universidad.\" \/>\n<meta name=\"robots\" content=\"index, follow, max-snippet:-1, max-image-preview:large, max-video-preview:-1\" \/>\n<link rel=\"canonical\" href=\"https:\/\/www.aauniv.com\/s\/metodos-de-pago-2\/\" \/>\n<meta property=\"og:locale\" content=\"es_ES\" \/>\n<meta property=\"og:type\" content=\"article\" \/>\n<meta property=\"og:title\" content=\"M\u00e9todos de Pago |\u00a0Estudios Virtuales a Distancia | AAU\" \/>\n<meta property=\"og:description\" content=\"American Andragogy University se encuentra localizada en el Estado de Hawaii-EEUU, los pagos se pueden realizar por transferencia bancaria, tarjeta de cr\u00e9dito o agencias de envio para pagar directamente a la universidad.\" \/>\n<meta property=\"og:url\" content=\"https:\/\/www.aauniv.com\/s\/metodos-de-pago-2\/\" \/>\n<meta property=\"article:modified_time\" content=\"2025-09-07T23:37:37+00:00\" \/>\n<meta property=\"og:image\" content=\"https:\/\/www.aauniv.com\/s\/wp-content\/uploads\/2017\/07\/img-western-union-moneygram.jpg\" \/>\n<meta name=\"twitter:card\" content=\"summary_large_image\" \/>\n<meta name=\"twitter:label1\" content=\"Tiempo de lectura\" \/>\n\t<meta name=\"twitter:data1\" content=\"2 minutos\" \/>\n<script type=\"application\/ld+json\" class=\"yoast-schema-graph\">{\"@context\":\"https:\/\/schema.org\",\"@graph\":[{\"@type\":\"WebPage\",\"@id\":\"https:\/\/www.aauniv.com\/s\/metodos-de-pago-2\/\",\"url\":\"https:\/\/www.aauniv.com\/s\/metodos-de-pago-2\/\",\"name\":\"M\u00e9todos de Pago |\u00a0Estudios Virtuales a Distancia | AAU\",\"isPartOf\":{\"@id\":\"https:\/\/www.aauniv.com\/s\/#website\"},\"primaryImageOfPage\":{\"@id\":\"https:\/\/www.aauniv.com\/s\/metodos-de-pago-2\/#primaryimage\"},\"image\":{\"@id\":\"https:\/\/www.aauniv.com\/s\/metodos-de-pago-2\/#primaryimage\"},\"thumbnailUrl\":\"https:\/\/www.aauniv.com\/s\/wp-content\/uploads\/2017\/07\/img-western-union-moneygram.jpg\",\"datePublished\":\"2017-07-05T14:34:36+00:00\",\"dateModified\":\"2025-09-07T23:37:37+00:00\",\"description\":\"American Andragogy University se encuentra localizada en el Estado de Hawaii-EEUU, los pagos se pueden realizar por transferencia bancaria, tarjeta de cr\u00e9dito o agencias de envio para pagar directamente a la universidad.\",\"breadcrumb\":{\"@id\":\"https:\/\/www.aauniv.com\/s\/metodos-de-pago-2\/#breadcrumb\"},\"inLanguage\":\"es\",\"potentialAction\":[{\"@type\":\"ReadAction\",\"target\":[\"https:\/\/www.aauniv.com\/s\/metodos-de-pago-2\/\"]}]},{\"@type\":\"ImageObject\",\"inLanguage\":\"es\",\"@id\":\"https:\/\/www.aauniv.com\/s\/metodos-de-pago-2\/#primaryimage\",\"url\":\"https:\/\/www.aauniv.com\/s\/wp-content\/uploads\/2017\/07\/img-western-union-moneygram.jpg\",\"contentUrl\":\"https:\/\/www.aauniv.com\/s\/wp-content\/uploads\/2017\/07\/img-western-union-moneygram.jpg\",\"width\":235,\"height\":150,\"caption\":\"img western union moneygram\"},{\"@type\":\"BreadcrumbList\",\"@id\":\"https:\/\/www.aauniv.com\/s\/metodos-de-pago-2\/#breadcrumb\",\"itemListElement\":[{\"@type\":\"ListItem\",\"position\":1,\"name\":\"Portada\",\"item\":\"https:\/\/www.aauniv.com\/s\/\"},{\"@type\":\"ListItem\",\"position\":2,\"name\":\"M\u00e9todos de Pago\"}]},{\"@type\":\"WebSite\",\"@id\":\"https:\/\/www.aauniv.com\/s\/#website\",\"url\":\"https:\/\/www.aauniv.com\/s\/\",\"name\":\"\",\"description\":\"\",\"publisher\":{\"@id\":\"https:\/\/www.aauniv.com\/s\/#organization\"},\"potentialAction\":[{\"@type\":\"SearchAction\",\"target\":{\"@type\":\"EntryPoint\",\"urlTemplate\":\"https:\/\/www.aauniv.com\/s\/?s={search_term_string}\"},\"query-input\":\"required name=search_term_string\"}],\"inLanguage\":\"es\"},{\"@type\":\"Organization\",\"@id\":\"https:\/\/www.aauniv.com\/s\/#organization\",\"name\":\"American Andragogy University\",\"url\":\"https:\/\/www.aauniv.com\/s\/\",\"logo\":{\"@type\":\"ImageObject\",\"inLanguage\":\"es\",\"@id\":\"https:\/\/www.aauniv.com\/s\/#\/schema\/logo\/image\/\",\"url\":\"https:\/\/www.aauniv.com\/s\/wp-content\/uploads\/logo-american-andragogy-university.png\",\"contentUrl\":\"https:\/\/www.aauniv.com\/s\/wp-content\/uploads\/logo-american-andragogy-university.png\",\"width\":395,\"height\":79,\"caption\":\"American Andragogy University\"},\"image\":{\"@id\":\"https:\/\/www.aauniv.com\/s\/#\/schema\/logo\/image\/\"}}]}<\/script>\n<!-- \/ Yoast SEO plugin. -->","yoast_head_json":{"title":"M\u00e9todos de Pago |\u00a0Estudios Virtuales a Distancia | AAU","description":"American Andragogy University se encuentra localizada en el Estado de Hawaii-EEUU, los pagos se pueden realizar por transferencia bancaria, tarjeta de cr\u00e9dito o agencias de envio para pagar directamente a la universidad.","robots":{"index":"index","follow":"follow","max-snippet":"max-snippet:-1","max-image-preview":"max-image-preview:large","max-video-preview":"max-video-preview:-1"},"canonical":"https:\/\/www.aauniv.com\/s\/metodos-de-pago-2\/","og_locale":"es_ES","og_type":"article","og_title":"M\u00e9todos de Pago |\u00a0Estudios Virtuales a Distancia | AAU","og_description":"American Andragogy University se encuentra localizada en el Estado de Hawaii-EEUU, los pagos se pueden realizar por transferencia bancaria, tarjeta de cr\u00e9dito o agencias de envio para pagar directamente a la universidad.","og_url":"https:\/\/www.aauniv.com\/s\/metodos-de-pago-2\/","article_modified_time":"2025-09-07T23:37:37+00:00","og_image":[{"url":"https:\/\/www.aauniv.com\/s\/wp-content\/uploads\/2017\/07\/img-western-union-moneygram.jpg"}],"twitter_card":"summary_large_image","twitter_misc":{"Tiempo de lectura":"2 minutos"},"schema":{"@context":"https:\/\/schema.org","@graph":[{"@type":"WebPage","@id":"https:\/\/www.aauniv.com\/s\/metodos-de-pago-2\/","url":"https:\/\/www.aauniv.com\/s\/metodos-de-pago-2\/","name":"M\u00e9todos de Pago |\u00a0Estudios Virtuales a Distancia | AAU","isPartOf":{"@id":"https:\/\/www.aauniv.com\/s\/#website"},"primaryImageOfPage":{"@id":"https:\/\/www.aauniv.com\/s\/metodos-de-pago-2\/#primaryimage"},"image":{"@id":"https:\/\/www.aauniv.com\/s\/metodos-de-pago-2\/#primaryimage"},"thumbnailUrl":"https:\/\/www.aauniv.com\/s\/wp-content\/uploads\/2017\/07\/img-western-union-moneygram.jpg","datePublished":"2017-07-05T14:34:36+00:00","dateModified":"2025-09-07T23:37:37+00:00","description":"American Andragogy University se encuentra localizada en el Estado de Hawaii-EEUU, los pagos se pueden realizar por transferencia bancaria, tarjeta de cr\u00e9dito o agencias de envio para pagar directamente a la universidad.","breadcrumb":{"@id":"https:\/\/www.aauniv.com\/s\/metodos-de-pago-2\/#breadcrumb"},"inLanguage":"es","potentialAction":[{"@type":"ReadAction","target":["https:\/\/www.aauniv.com\/s\/metodos-de-pago-2\/"]}]},{"@type":"ImageObject","inLanguage":"es","@id":"https:\/\/www.aauniv.com\/s\/metodos-de-pago-2\/#primaryimage","url":"https:\/\/www.aauniv.com\/s\/wp-content\/uploads\/2017\/07\/img-western-union-moneygram.jpg","contentUrl":"https:\/\/www.aauniv.com\/s\/wp-content\/uploads\/2017\/07\/img-western-union-moneygram.jpg","width":235,"height":150,"caption":"img western union moneygram"},{"@type":"BreadcrumbList","@id":"https:\/\/www.aauniv.com\/s\/metodos-de-pago-2\/#breadcrumb","itemListElement":[{"@type":"ListItem","position":1,"name":"Portada","item":"https:\/\/www.aauniv.com\/s\/"},{"@type":"ListItem","position":2,"name":"M\u00e9todos de Pago"}]},{"@type":"WebSite","@id":"https:\/\/www.aauniv.com\/s\/#website","url":"https:\/\/www.aauniv.com\/s\/","name":"","description":"","publisher":{"@id":"https:\/\/www.aauniv.com\/s\/#organization"},"potentialAction":[{"@type":"SearchAction","target":{"@type":"EntryPoint","urlTemplate":"https:\/\/www.aauniv.com\/s\/?s={search_term_string}"},"query-input":"required name=search_term_string"}],"inLanguage":"es"},{"@type":"Organization","@id":"https:\/\/www.aauniv.com\/s\/#organization","name":"American Andragogy University","url":"https:\/\/www.aauniv.com\/s\/","logo":{"@type":"ImageObject","inLanguage":"es","@id":"https:\/\/www.aauniv.com\/s\/#\/schema\/logo\/image\/","url":"https:\/\/www.aauniv.com\/s\/wp-content\/uploads\/logo-american-andragogy-university.png","contentUrl":"https:\/\/www.aauniv.com\/s\/wp-content\/uploads\/logo-american-andragogy-university.png","width":395,"height":79,"caption":"American Andragogy University"},"image":{"@id":"https:\/\/www.aauniv.com\/s\/#\/schema\/logo\/image\/"}}]}},"_links":{"self":[{"href":"https:\/\/www.aauniv.com\/s\/wp-json\/wp\/v2\/pages\/1003"}],"collection":[{"href":"https:\/\/www.aauniv.com\/s\/wp-json\/wp\/v2\/pages"}],"about":[{"href":"https:\/\/www.aauniv.com\/s\/wp-json\/wp\/v2\/types\/page"}],"author":[{"embeddable":true,"href":"https:\/\/www.aauniv.com\/s\/wp-json\/wp\/v2\/users\/1"}],"replies":[{"embeddable":true,"href":"https:\/\/www.aauniv.com\/s\/wp-json\/wp\/v2\/comments?post=1003"}],"version-history":[{"count":45,"href":"https:\/\/www.aauniv.com\/s\/wp-json\/wp\/v2\/pages\/1003\/revisions"}],"predecessor-version":[{"id":19896,"href":"https:\/\/www.aauniv.com\/s\/wp-json\/wp\/v2\/pages\/1003\/revisions\/19896"}],"wp:attachment":[{"href":"https:\/\/www.aauniv.com\/s\/wp-json\/wp\/v2\/media?parent=1003"}],"curies":[{"name":"wp","href":"https:\/\/api.w.org\/{rel}","templated":true}]}}