{"id":980,"date":"2020-08-13T20:02:15","date_gmt":"2020-08-13T20:02:15","guid":{"rendered":"https:\/\/www.aauniv.com\/s\/blog\/?page_id=980"},"modified":"2020-08-13T20:02:16","modified_gmt":"2020-08-13T20:02:16","slug":"portafolio-evidencias-poderoso-complemento-falta-cv","status":"publish","type":"page","link":"https:\/\/www.aauniv.com\/s\/blog\/portafolio-evidencias-poderoso-complemento-falta-cv\/","title":{"rendered":"Portafolio de evidencias: el poderoso complemento que le falta a su CV"},"content":{"rendered":"\n<p>\u00bfAlguna vez invirti\u00f3 el 110% en la elaboraci\u00f3n del CV perfecto para el trabajo de sus sue\u00f1os y ni siquiera hizo la lista de finalistas para una entrevista?<\/p>\n\n\n\n<p>Todos hemos estado all\u00ed.<\/p>\n\n\n\n<p>La cuesti\u00f3n es que el tipo de habilidades que te hacen atractivo para un empleador potencial no siempre se adquieren de forma lineal, lo que significa que no es f\u00e1cil describirlas como tales.&nbsp;<\/p>\n\n\n\n<p>Es por eso que uno de los movimientos m\u00e1s inteligentes que puede hacer en su carrera es compilar una cartera completa de pruebas.<\/p>\n\n\n\n<h2 class=\"wp-block-heading\">\u00bfQu\u00e9 es un portafolio de evidencias?<\/h2>\n\n\n\n<p>Es una exhibici\u00f3n digital de sus habilidades y logros, dise\u00f1ada para el puesto espec\u00edfico que est\u00e1 solicitando.&nbsp;<\/p>\n\n\n\n<p>Puede incluir cualquier cosa, desde sus rasgos m\u00e1s fuertes y su experiencia pasada, hasta ejemplos reales del trabajo que ha completado y proyectos que est\u00e1 llevando a cabo actualmente.<\/p>\n\n\n\n<h2 class=\"wp-block-heading\">\u00bfEn qu\u00e9 se diferencia un portafolio de evidencias de un CV?<\/h2>\n\n\n\n<p>A diferencia de un CV, un portafolio digital no se limita a un formato plano de dos p\u00e1ginas, sino que puede incluir una variedad de artefactos multimedia que muestran su experiencia laboral, habilidades duras, habilidades sociales y trabajo profesional.<\/p>\n\n\n\n<p>Es una entrevista de trabajo imprescindible, porque su cartera de pruebas cuenta la historia sobre su crecimiento profesional.&nbsp;<\/p>\n\n\n\n<p>Podr\u00eda ser vital para demostrar su capacidad para asumir un rol, mejorar sus calificaciones profesionales o simplemente ganarse la confianza y el respeto de posibles clientes y empleadores.<\/p>\n\n\n\n<p>\u00bfQuiere presentar una cartera impactante a sus futuros empleadores?<\/p>\n\n\n\n<p>Al reunir todos los elementos de su cartera de pruebas, aseg\u00farese de que incluyan:<\/p>\n\n\n\n<h3 class=\"wp-block-heading\">1) Tu CV<\/h3>\n\n\n\n<p>Puede optar por mantener su CV como un documento separado, pero si lo mantiene breve, tambi\u00e9n puede incluirlo como parte de su cartera digital. Intente limitarlo a una p\u00e1gina e incluya informaci\u00f3n sobre su educaci\u00f3n, experiencia laboral pasada y desarrollo profesional.<\/p>\n\n\n\n<h3 class=\"wp-block-heading\">2) Copias digitales de cualquier certificado \/ titulaci\u00f3n relacionada con su educaci\u00f3n terciaria o desarrollo de habilidades.<\/h3>\n\n\n\n<p>Incluya copias digitales de su certificado de grado, as\u00ed como cualquier otro certificado que demuestre su desarrollo profesional.<\/p>\n\n\n\n<h3 class=\"wp-block-heading\">3) Referencias<\/h3>\n\n\n\n<p>Incluya una o dos referencias escritas que hablen de su car\u00e1cter, as\u00ed como de las habilidades y competencias espec\u00edficas del trabajo. Lim\u00edtelos a una p\u00e1gina cada uno y aseg\u00farese de que sean de un \u00e1rbitro de buena reputaci\u00f3n.<\/p>\n\n\n\n<h3 class=\"wp-block-heading\">4) Artefactos y ejemplos de trabajo profesional<\/h3>\n\n\n\n<p>\u00bfTiene alg\u00fan artefacto o ejemplo de trabajo de trabajos anteriores? \u00bfQuiz\u00e1s elabor\u00f3 ??una estrategia de marketing digital, model\u00f3 los procesos de su negocio o le dio una excelente presentaci\u00f3n a su equipo? Si cree que son relevantes, incl\u00fayalos.<\/p>\n\n\n\n<h3 class=\"wp-block-heading\">5) recomendaciones de LinkedIn<\/h3>\n\n\n\n<p>\u00bfAlguno de sus antiguos colegas o empleadores le ha escrito una recomendaci\u00f3n en Linkedin? Agregue esto a su portafolio usando el complemento de LinkedIn.<\/p>\n\n\n\n<h2 class=\"wp-block-heading\">\u00bfC\u00f3mo hacer un portafolio de evidencias?<\/h2>\n\n\n\n<p>Aqu\u00ed compartimos una interesante infograf\u00eda de la mano de <a href=\"https:\/\/unexplicamx.com\/\"><span class=\"has-inline-color has-vivid-red-color\">Unexplicamx.com<\/span><\/a> donde tenemos las 5 claves sobre c\u00f3mo crear un portafolio de evidencias top:<\/p>\n\n\n\n<div class=\"wp-block-image\"><figure class=\"aligncenter size-large\"><img loading=\"lazy\" decoding=\"async\" width=\"600\" height=\"1500\" src=\"https:\/\/www.aauniv.com\/s\/blog\/wp-content\/uploads\/2020\/08\/5-claves-hacer-un-portafolio-evidencias.jpg\" alt=\"\" class=\"wp-image-981\"\/><\/figure><\/div>\n\n\n\n<h2 class=\"wp-block-heading\">\u00bfQuiere un recurso valioso para crear un portafolio potente?<\/h2>\n\n\n\n<p><a href=\"https:\/\/www.canva.com\/\"><span class=\"has-inline-color has-vivid-red-color\">Canva<\/span><\/a><span class=\"has-inline-color has-vivid-red-color\"> <\/span>es una herramienta en l\u00ednea gratuita que se utiliza para crear portafolios digitales que le ayudar\u00e1n a asegurarse de que su portafolio est\u00e9 lista para impresionar.<\/p>\n\n\n\n<p>Es bastante intuitivo y f\u00e1cil de usar.&nbsp;<\/p>\n\n\n\n<p>Espero haber resuelto algunas dudas acerca de los portafolios de evidencias.<\/p>\n\n\n\n<p>Un saludo!<\/p>\n","protected":false},"excerpt":{"rendered":"<p>\u00bfAlguna vez invirti\u00f3 el 110% en la elaboraci\u00f3n del CV perfecto para el trabajo de sus sue\u00f1os y ni siquiera hizo la lista de finalistas para una entrevista? Todos hemos estado all\u00ed. La cuesti\u00f3n&#46;&#46;&#46;<\/p>\n","protected":false},"author":3,"featured_media":982,"parent":0,"menu_order":0,"comment_status":"closed","ping_status":"closed","template":"","meta":{"footnotes":"","_joinchat":[]},"yoast_head":"<!-- This site is optimized with the Yoast SEO plugin v23.1 - https:\/\/yoast.com\/wordpress\/plugins\/seo\/ -->\n<title>Portafolio de evidencias: el poderoso complemento que le falta a su CV | AAU |\u00a0Universidad a Distancia<\/title>\n<meta name=\"description\" content=\"\u00bfAlguna vez invirti\u00f3 el 110% en la elaboraci\u00f3n del CV perfecto para el trabajo de sus sue\u00f1os y ni siquiera hizo la lista de finalistas para una\" \/>\n<meta name=\"robots\" content=\"index, follow, max-snippet:-1, max-image-preview:large, max-video-preview:-1\" \/>\n<link rel=\"canonical\" href=\"https:\/\/www.aauniv.com\/s\/blog\/portafolio-evidencias-poderoso-complemento-falta-cv\/\" \/>\n<meta property=\"og:locale\" content=\"es_ES\" \/>\n<meta property=\"og:type\" content=\"article\" \/>\n<meta property=\"og:title\" content=\"Portafolio de evidencias: el poderoso complemento que le falta a su CV | AAU |\u00a0Universidad a Distancia\" \/>\n<meta property=\"og:description\" content=\"\u00bfAlguna vez invirti\u00f3 el 110% en la elaboraci\u00f3n del CV perfecto para el trabajo de sus sue\u00f1os y ni siquiera hizo la lista de finalistas para una\" \/>\n<meta property=\"og:url\" content=\"https:\/\/www.aauniv.com\/s\/blog\/portafolio-evidencias-poderoso-complemento-falta-cv\/\" \/>\n<meta property=\"og:site_name\" content=\"AAU |\u00a0Universidad a Distancia\" \/>\n<meta property=\"article:modified_time\" content=\"2020-08-13T20:02:16+00:00\" \/>\n<meta property=\"og:image\" content=\"https:\/\/www.aauniv.com\/s\/blog\/wp-content\/uploads\/2020\/08\/portafolio-de-evidencias.jpg\" \/>\n\t<meta property=\"og:image:width\" content=\"800\" \/>\n\t<meta property=\"og:image:height\" content=\"447\" \/>\n\t<meta property=\"og:image:type\" content=\"image\/jpeg\" \/>\n<meta name=\"twitter:card\" content=\"summary_large_image\" \/>\n<meta name=\"twitter:label1\" content=\"Tiempo de lectura\" \/>\n\t<meta name=\"twitter:data1\" content=\"3 minutos\" \/>\n<script type=\"application\/ld+json\" class=\"yoast-schema-graph\">{\"@context\":\"https:\/\/schema.org\",\"@graph\":[{\"@type\":\"WebPage\",\"@id\":\"https:\/\/www.aauniv.com\/s\/blog\/portafolio-evidencias-poderoso-complemento-falta-cv\/\",\"url\":\"https:\/\/www.aauniv.com\/s\/blog\/portafolio-evidencias-poderoso-complemento-falta-cv\/\",\"name\":\"Portafolio de evidencias: el poderoso complemento que le falta a su CV | AAU |\u00a0Universidad a Distancia\",\"isPartOf\":{\"@id\":\"https:\/\/www.aauniv.com\/s\/blog\/#website\"},\"primaryImageOfPage\":{\"@id\":\"https:\/\/www.aauniv.com\/s\/blog\/portafolio-evidencias-poderoso-complemento-falta-cv\/#primaryimage\"},\"image\":{\"@id\":\"https:\/\/www.aauniv.com\/s\/blog\/portafolio-evidencias-poderoso-complemento-falta-cv\/#primaryimage\"},\"thumbnailUrl\":\"https:\/\/www.aauniv.com\/s\/blog\/wp-content\/uploads\/2020\/08\/portafolio-de-evidencias.jpg\",\"datePublished\":\"2020-08-13T20:02:15+00:00\",\"dateModified\":\"2020-08-13T20:02:16+00:00\",\"description\":\"\u00bfAlguna vez invirti\u00f3 el 110% en la elaboraci\u00f3n del CV perfecto para el trabajo de sus sue\u00f1os y ni siquiera hizo la lista de finalistas para una\",\"breadcrumb\":{\"@id\":\"https:\/\/www.aauniv.com\/s\/blog\/portafolio-evidencias-poderoso-complemento-falta-cv\/#breadcrumb\"},\"inLanguage\":\"es\",\"potentialAction\":[{\"@type\":\"ReadAction\",\"target\":[\"https:\/\/www.aauniv.com\/s\/blog\/portafolio-evidencias-poderoso-complemento-falta-cv\/\"]}]},{\"@type\":\"ImageObject\",\"inLanguage\":\"es\",\"@id\":\"https:\/\/www.aauniv.com\/s\/blog\/portafolio-evidencias-poderoso-complemento-falta-cv\/#primaryimage\",\"url\":\"https:\/\/www.aauniv.com\/s\/blog\/wp-content\/uploads\/2020\/08\/portafolio-de-evidencias.jpg\",\"contentUrl\":\"https:\/\/www.aauniv.com\/s\/blog\/wp-content\/uploads\/2020\/08\/portafolio-de-evidencias.jpg\",\"width\":800,\"height\":447,\"caption\":\"portafolio-de-evidencias\"},{\"@type\":\"BreadcrumbList\",\"@id\":\"https:\/\/www.aauniv.com\/s\/blog\/portafolio-evidencias-poderoso-complemento-falta-cv\/#breadcrumb\",\"itemListElement\":[{\"@type\":\"ListItem\",\"position\":1,\"name\":\"Portada\",\"item\":\"https:\/\/www.aauniv.com\/s\/blog\/\"},{\"@type\":\"ListItem\",\"position\":2,\"name\":\"Portafolio de evidencias: el poderoso complemento que le falta a su CV\"}]},{\"@type\":\"WebSite\",\"@id\":\"https:\/\/www.aauniv.com\/s\/blog\/#website\",\"url\":\"https:\/\/www.aauniv.com\/s\/blog\/\",\"name\":\"AAU |\u00a0Universidad a Distancia\",\"description\":\"\",\"publisher\":{\"@id\":\"https:\/\/www.aauniv.com\/s\/blog\/#organization\"},\"potentialAction\":[{\"@type\":\"SearchAction\",\"target\":{\"@type\":\"EntryPoint\",\"urlTemplate\":\"https:\/\/www.aauniv.com\/s\/blog\/?s={search_term_string}\"},\"query-input\":\"required name=search_term_string\"}],\"inLanguage\":\"es\"},{\"@type\":\"Organization\",\"@id\":\"https:\/\/www.aauniv.com\/s\/blog\/#organization\",\"name\":\"AAU\",\"url\":\"https:\/\/www.aauniv.com\/s\/blog\/\",\"logo\":{\"@type\":\"ImageObject\",\"inLanguage\":\"es\",\"@id\":\"https:\/\/www.aauniv.com\/s\/blog\/#\/schema\/logo\/image\/\",\"url\":\"https:\/\/www.aauniv.com\/s\/blog\/wp-content\/uploads\/2018\/03\/american-andragogy-university-logo-amp.jpg\",\"contentUrl\":\"https:\/\/www.aauniv.com\/s\/blog\/wp-content\/uploads\/2018\/03\/american-andragogy-university-logo-amp.jpg\",\"width\":190,\"height\":36,\"caption\":\"AAU\"},\"image\":{\"@id\":\"https:\/\/www.aauniv.com\/s\/blog\/#\/schema\/logo\/image\/\"}}]}<\/script>\n<!-- \/ Yoast SEO plugin. -->","yoast_head_json":{"title":"Portafolio de evidencias: el poderoso complemento que le falta a su CV | AAU |\u00a0Universidad a Distancia","description":"\u00bfAlguna vez invirti\u00f3 el 110% en la elaboraci\u00f3n del CV perfecto para el trabajo de sus sue\u00f1os y ni siquiera hizo la lista de finalistas para una","robots":{"index":"index","follow":"follow","max-snippet":"max-snippet:-1","max-image-preview":"max-image-preview:large","max-video-preview":"max-video-preview:-1"},"canonical":"https:\/\/www.aauniv.com\/s\/blog\/portafolio-evidencias-poderoso-complemento-falta-cv\/","og_locale":"es_ES","og_type":"article","og_title":"Portafolio de evidencias: el poderoso complemento que le falta a su CV | AAU |\u00a0Universidad a Distancia","og_description":"\u00bfAlguna vez invirti\u00f3 el 110% en la elaboraci\u00f3n del CV perfecto para el trabajo de sus sue\u00f1os y ni siquiera hizo la lista de finalistas para una","og_url":"https:\/\/www.aauniv.com\/s\/blog\/portafolio-evidencias-poderoso-complemento-falta-cv\/","og_site_name":"AAU |\u00a0Universidad a Distancia","article_modified_time":"2020-08-13T20:02:16+00:00","og_image":[{"width":800,"height":447,"url":"https:\/\/www.aauniv.com\/s\/blog\/wp-content\/uploads\/2020\/08\/portafolio-de-evidencias.jpg","type":"image\/jpeg"}],"twitter_card":"summary_large_image","twitter_misc":{"Tiempo de lectura":"3 minutos"},"schema":{"@context":"https:\/\/schema.org","@graph":[{"@type":"WebPage","@id":"https:\/\/www.aauniv.com\/s\/blog\/portafolio-evidencias-poderoso-complemento-falta-cv\/","url":"https:\/\/www.aauniv.com\/s\/blog\/portafolio-evidencias-poderoso-complemento-falta-cv\/","name":"Portafolio de evidencias: el poderoso complemento que le falta a su CV | AAU |\u00a0Universidad a Distancia","isPartOf":{"@id":"https:\/\/www.aauniv.com\/s\/blog\/#website"},"primaryImageOfPage":{"@id":"https:\/\/www.aauniv.com\/s\/blog\/portafolio-evidencias-poderoso-complemento-falta-cv\/#primaryimage"},"image":{"@id":"https:\/\/www.aauniv.com\/s\/blog\/portafolio-evidencias-poderoso-complemento-falta-cv\/#primaryimage"},"thumbnailUrl":"https:\/\/www.aauniv.com\/s\/blog\/wp-content\/uploads\/2020\/08\/portafolio-de-evidencias.jpg","datePublished":"2020-08-13T20:02:15+00:00","dateModified":"2020-08-13T20:02:16+00:00","description":"\u00bfAlguna vez invirti\u00f3 el 110% en la elaboraci\u00f3n del CV perfecto para el trabajo de sus sue\u00f1os y ni siquiera hizo la lista de finalistas para una","breadcrumb":{"@id":"https:\/\/www.aauniv.com\/s\/blog\/portafolio-evidencias-poderoso-complemento-falta-cv\/#breadcrumb"},"inLanguage":"es","potentialAction":[{"@type":"ReadAction","target":["https:\/\/www.aauniv.com\/s\/blog\/portafolio-evidencias-poderoso-complemento-falta-cv\/"]}]},{"@type":"ImageObject","inLanguage":"es","@id":"https:\/\/www.aauniv.com\/s\/blog\/portafolio-evidencias-poderoso-complemento-falta-cv\/#primaryimage","url":"https:\/\/www.aauniv.com\/s\/blog\/wp-content\/uploads\/2020\/08\/portafolio-de-evidencias.jpg","contentUrl":"https:\/\/www.aauniv.com\/s\/blog\/wp-content\/uploads\/2020\/08\/portafolio-de-evidencias.jpg","width":800,"height":447,"caption":"portafolio-de-evidencias"},{"@type":"BreadcrumbList","@id":"https:\/\/www.aauniv.com\/s\/blog\/portafolio-evidencias-poderoso-complemento-falta-cv\/#breadcrumb","itemListElement":[{"@type":"ListItem","position":1,"name":"Portada","item":"https:\/\/www.aauniv.com\/s\/blog\/"},{"@type":"ListItem","position":2,"name":"Portafolio de evidencias: el poderoso complemento que le falta a su CV"}]},{"@type":"WebSite","@id":"https:\/\/www.aauniv.com\/s\/blog\/#website","url":"https:\/\/www.aauniv.com\/s\/blog\/","name":"AAU |\u00a0Universidad a Distancia","description":"","publisher":{"@id":"https:\/\/www.aauniv.com\/s\/blog\/#organization"},"potentialAction":[{"@type":"SearchAction","target":{"@type":"EntryPoint","urlTemplate":"https:\/\/www.aauniv.com\/s\/blog\/?s={search_term_string}"},"query-input":"required name=search_term_string"}],"inLanguage":"es"},{"@type":"Organization","@id":"https:\/\/www.aauniv.com\/s\/blog\/#organization","name":"AAU","url":"https:\/\/www.aauniv.com\/s\/blog\/","logo":{"@type":"ImageObject","inLanguage":"es","@id":"https:\/\/www.aauniv.com\/s\/blog\/#\/schema\/logo\/image\/","url":"https:\/\/www.aauniv.com\/s\/blog\/wp-content\/uploads\/2018\/03\/american-andragogy-university-logo-amp.jpg","contentUrl":"https:\/\/www.aauniv.com\/s\/blog\/wp-content\/uploads\/2018\/03\/american-andragogy-university-logo-amp.jpg","width":190,"height":36,"caption":"AAU"},"image":{"@id":"https:\/\/www.aauniv.com\/s\/blog\/#\/schema\/logo\/image\/"}}]}},"_links":{"self":[{"href":"https:\/\/www.aauniv.com\/s\/blog\/wp-json\/wp\/v2\/pages\/980"}],"collection":[{"href":"https:\/\/www.aauniv.com\/s\/blog\/wp-json\/wp\/v2\/pages"}],"about":[{"href":"https:\/\/www.aauniv.com\/s\/blog\/wp-json\/wp\/v2\/types\/page"}],"author":[{"embeddable":true,"href":"https:\/\/www.aauniv.com\/s\/blog\/wp-json\/wp\/v2\/users\/3"}],"replies":[{"embeddable":true,"href":"https:\/\/www.aauniv.com\/s\/blog\/wp-json\/wp\/v2\/comments?post=980"}],"version-history":[{"count":2,"href":"https:\/\/www.aauniv.com\/s\/blog\/wp-json\/wp\/v2\/pages\/980\/revisions"}],"predecessor-version":[{"id":984,"href":"https:\/\/www.aauniv.com\/s\/blog\/wp-json\/wp\/v2\/pages\/980\/revisions\/984"}],"wp:featuredmedia":[{"embeddable":true,"href":"https:\/\/www.aauniv.com\/s\/blog\/wp-json\/wp\/v2\/media\/982"}],"wp:attachment":[{"href":"https:\/\/www.aauniv.com\/s\/blog\/wp-json\/wp\/v2\/media?parent=980"}],"curies":[{"name":"wp","href":"https:\/\/api.w.org\/{rel}","templated":true}]}}