{"id":1235,"date":"2024-01-23T10:00:00","date_gmt":"2024-01-23T10:00:00","guid":{"rendered":"https:\/\/www.aauniv.com\/s\/blog\/?page_id=1235"},"modified":"2024-01-24T03:23:25","modified_gmt":"2024-01-24T03:23:25","slug":"universidad-cesar-vallejos-en-peru-grandes-ventajas","status":"publish","type":"page","link":"https:\/\/www.aauniv.com\/s\/blog\/universidad-cesar-vallejos-en-peru-grandes-ventajas\/","title":{"rendered":"Universidad C\u00e9sar Vallejos en Per\u00fa 2024. GRANDES VENTAJAS"},"content":{"rendered":"\n<h3 class=\"wp-block-heading\">1 &#8211; Oportunidades para ampliar su conocimiento<\/h3>\n\n\n\n<p>Un buen profesorado valora la expansi\u00f3n de los conocimientos de los estudiantes, transform\u00e1ndolos en actividades pr\u00e1cticas que ofrezcan una muestra de su d\u00eda a d\u00eda profesional y la investigaci\u00f3n que los impulse a ampliar el campo de conocimiento.&nbsp;Por ejemplo, las buenas universidades desarrollan investigaciones y ofrecen becas a los estudiantes que quieran ayudar con estos proyectos.<br>Asimismo, una buena universidad puede ofrecer programas de&nbsp;pasant\u00edas&nbsp;, \u00a1incluso con acuerdos con empresas!&nbsp;&#8211; Programas de&nbsp;formaci\u00f3n&nbsp;para nuevos emprendedores y programas de expansi\u00f3n general, para que los estudiantes aprendan m\u00e1s y compartan su aprendizaje con toda la comunidad.<\/p>\n\n\n\n<h3 class=\"wp-block-heading\">2 &#8211; Programa de posgrado<\/h3>\n\n\n\n<p>Si la instituci\u00f3n donde quieres realizar tu curso cuenta con un posgrado en el \u00e1rea en la que quieres trabajar, un punto m\u00e1s a favor del mismo. No solo porque, en este caso, ahora puedes continuar tus estudios en un ambiente y con personas que conoces, sino porque los estudios desarrollados en la escuela de posgrado se comparten con todos, elevando la calidad de la ense\u00f1anza en la instituci\u00f3n. Tendr\u00e1s contacto con maestros y doctores, podr\u00e1s asistir a charlas y cursos impartidos por y para ellos, adem\u00e1s de posiblemente compartir los mismos profesores. Cuando una universidad tiene un t\u00edtulo de posgrado, el desarrollo del aprendizaje es constante.<\/p>\n\n\n\n<h3 class=\"wp-block-heading\">3 &#8211; Buena infraestructura<\/h3>\n\n\n\n<p>Una buena universidad debe ofrecer condiciones f\u00edsicas para que los estudiantes estudien en paz.&nbsp;\u00bfC\u00f3mo son las habitaciones de la universidad?&nbsp;\u00bfEst\u00e1n las sillas completas?&nbsp;\u00bfSon nuevos los marcos?&nbsp;\u00bfSon modernos los laboratorios?&nbsp;\u00bfLas bibliotecas tienen una buena colecci\u00f3n?&nbsp;\u00bfLos cursos de tecnolog\u00eda est\u00e1n actualizados con sus dispositivos?&nbsp;\u00bfEl colegio ofrece un restaurante universitario?<br>Adem\u00e1s de los recursos b\u00e1sicos, las instalaciones est\u00e1n limpias, ordenadas y bien cuidadas, verifique que el material utilizado por estudiantes y profesores est\u00e9 actualizado, accesible y en buen estado.&nbsp;Las salas con computadoras y proyectores son indicativos de clases m\u00e1s din\u00e1micas y tecnol\u00f3gicamente involucradas.<\/p>\n\n\n\n<p>Puedes contactar directamente con la universidad C\u00e9sar vallejos en el <a href=\"https:\/\/telefonoperu.com\/universidad-cesar-vallejos\/\">tel\u00e9fono de contacto con la universidad cesar vallejo<\/a>, donde te atender\u00e1n en la brevedad posible.<\/p>\n\n\n\n<h3 class=\"wp-block-heading\">4 &#8211; Oportunidad de intercambio<\/h3>\n\n\n\n<p>Las mejores universidades suelen ofrecer la oportunidad de realizar&nbsp;intercambios en el&nbsp;extranjero.&nbsp;Son programas de asociaci\u00f3n con universidades extranjeras que permiten a estudiantes extranjeros venir aqu\u00ed y estudiantes de aqu\u00ed embarcarse en el extranjero para estudiar y aprender sobre una nueva cultura.<br>Aunque existen programas gubernamentales, es importante que la propia universidad ofrezca dichos programas.&nbsp;Qui\u00e9n sabe, \u00bfesta es tu oportunidad de conocer el mundo y volver con m\u00e1s conocimiento en tu bolso?<br>Una buena universidad debe ser muchas cosas, pero lo principal es que es una puerta de entrada para el estudiante.&nbsp;Una puerta que puede lleva<\/p>\n\n\n\n<p><strong>* Ll\u00e1manos al&nbsp;<\/strong><a href=\"https:\/\/api.whatsapp.com\/send?phone=18084646618&amp;text=American%20Andragogy%20University%20-%20Hawaii%20-%20Estados%20Unidos,%20le%20saluda.%20Estaremos%20respondiendo%20lo%20antes%20posible,%20d%C3%A9jenos%20un%20mensaje%20con:%20Nombres%20y%20apellido%20\/%20Programa%20de%20inter%C3%A9s:%20Diplomado%20-%20Licenciatura%20-%20Maestria%20-%20Doctorado%20-%20Posdoctorado%20\/%20%C3%81rea%20de%20estudios%20de%20inter%C3%A9s\">+1 808 4646618<\/a><\/p>\n\n\n\n<p><strong>* Env\u00edanos un correo a&nbsp;<\/strong><a href=\"mailto:admin@aauniv.com\">admin@aauniv.com<\/a><\/p>\n\n\n\n<p><strong>* Visita nuestro sitio web en&nbsp;<\/strong><a href=\"https:\/\/www.aauniv.com\/s\/\">https:\/\/www.aauniv.com\/s\/<\/a><\/p>\n","protected":false},"excerpt":{"rendered":"<p>1 &#8211; Oportunidades para ampliar su conocimiento Un buen profesorado valora la expansi\u00f3n de los conocimientos de los estudiantes, transform\u00e1ndolos en actividades pr\u00e1cticas que ofrezcan una muestra de su d\u00eda a d\u00eda profesional y&#46;&#46;&#46;<\/p>\n","protected":false},"author":2,"featured_media":0,"parent":0,"menu_order":0,"comment_status":"closed","ping_status":"closed","template":"","meta":{"footnotes":"","_joinchat":[]},"yoast_head":"<!-- This site is optimized with the Yoast SEO plugin v23.1 - https:\/\/yoast.com\/wordpress\/plugins\/seo\/ -->\n<title>Universidad C\u00e9sar Vallejos en Per\u00fa 2024. GRANDES VENTAJAS | AAU |\u00a0Universidad a Distancia<\/title>\n<meta name=\"description\" content=\"1 - Oportunidades para ampliar su conocimiento Un buen profesorado valora la expansi\u00f3n de los conocimientos de los estudiantes, transform\u00e1ndolos en\" \/>\n<meta name=\"robots\" content=\"index, follow, max-snippet:-1, max-image-preview:large, max-video-preview:-1\" \/>\n<link rel=\"canonical\" href=\"https:\/\/www.aauniv.com\/s\/blog\/universidad-cesar-vallejos-en-peru-grandes-ventajas\/\" \/>\n<meta property=\"og:locale\" content=\"es_ES\" \/>\n<meta property=\"og:type\" content=\"article\" \/>\n<meta property=\"og:title\" content=\"Universidad C\u00e9sar Vallejos en Per\u00fa 2024. GRANDES VENTAJAS | AAU |\u00a0Universidad a Distancia\" \/>\n<meta property=\"og:description\" content=\"1 - Oportunidades para ampliar su conocimiento Un buen profesorado valora la expansi\u00f3n de los conocimientos de los estudiantes, transform\u00e1ndolos en\" \/>\n<meta property=\"og:url\" content=\"https:\/\/www.aauniv.com\/s\/blog\/universidad-cesar-vallejos-en-peru-grandes-ventajas\/\" \/>\n<meta property=\"og:site_name\" content=\"AAU |\u00a0Universidad a Distancia\" \/>\n<meta property=\"article:modified_time\" content=\"2024-01-24T03:23:25+00:00\" \/>\n<meta name=\"twitter:card\" content=\"summary_large_image\" \/>\n<meta name=\"twitter:label1\" content=\"Tiempo de lectura\" \/>\n\t<meta name=\"twitter:data1\" content=\"3 minutos\" \/>\n<script type=\"application\/ld+json\" class=\"yoast-schema-graph\">{\"@context\":\"https:\/\/schema.org\",\"@graph\":[{\"@type\":\"WebPage\",\"@id\":\"https:\/\/www.aauniv.com\/s\/blog\/universidad-cesar-vallejos-en-peru-grandes-ventajas\/\",\"url\":\"https:\/\/www.aauniv.com\/s\/blog\/universidad-cesar-vallejos-en-peru-grandes-ventajas\/\",\"name\":\"Universidad C\u00e9sar Vallejos en Per\u00fa 2024. GRANDES VENTAJAS | AAU |\u00a0Universidad a Distancia\",\"isPartOf\":{\"@id\":\"https:\/\/www.aauniv.com\/s\/blog\/#website\"},\"datePublished\":\"2024-01-23T10:00:00+00:00\",\"dateModified\":\"2024-01-24T03:23:25+00:00\",\"description\":\"1 - Oportunidades para ampliar su conocimiento Un buen profesorado valora la expansi\u00f3n de los conocimientos de los estudiantes, transform\u00e1ndolos en\",\"breadcrumb\":{\"@id\":\"https:\/\/www.aauniv.com\/s\/blog\/universidad-cesar-vallejos-en-peru-grandes-ventajas\/#breadcrumb\"},\"inLanguage\":\"es\",\"potentialAction\":[{\"@type\":\"ReadAction\",\"target\":[\"https:\/\/www.aauniv.com\/s\/blog\/universidad-cesar-vallejos-en-peru-grandes-ventajas\/\"]}]},{\"@type\":\"BreadcrumbList\",\"@id\":\"https:\/\/www.aauniv.com\/s\/blog\/universidad-cesar-vallejos-en-peru-grandes-ventajas\/#breadcrumb\",\"itemListElement\":[{\"@type\":\"ListItem\",\"position\":1,\"name\":\"Portada\",\"item\":\"https:\/\/www.aauniv.com\/s\/blog\/\"},{\"@type\":\"ListItem\",\"position\":2,\"name\":\"Universidad C\u00e9sar Vallejos en Per\u00fa 2024. GRANDES VENTAJAS\"}]},{\"@type\":\"WebSite\",\"@id\":\"https:\/\/www.aauniv.com\/s\/blog\/#website\",\"url\":\"https:\/\/www.aauniv.com\/s\/blog\/\",\"name\":\"AAU |\u00a0Universidad a Distancia\",\"description\":\"\",\"publisher\":{\"@id\":\"https:\/\/www.aauniv.com\/s\/blog\/#organization\"},\"potentialAction\":[{\"@type\":\"SearchAction\",\"target\":{\"@type\":\"EntryPoint\",\"urlTemplate\":\"https:\/\/www.aauniv.com\/s\/blog\/?s={search_term_string}\"},\"query-input\":\"required name=search_term_string\"}],\"inLanguage\":\"es\"},{\"@type\":\"Organization\",\"@id\":\"https:\/\/www.aauniv.com\/s\/blog\/#organization\",\"name\":\"AAU\",\"url\":\"https:\/\/www.aauniv.com\/s\/blog\/\",\"logo\":{\"@type\":\"ImageObject\",\"inLanguage\":\"es\",\"@id\":\"https:\/\/www.aauniv.com\/s\/blog\/#\/schema\/logo\/image\/\",\"url\":\"https:\/\/www.aauniv.com\/s\/blog\/wp-content\/uploads\/2018\/03\/american-andragogy-university-logo-amp.jpg\",\"contentUrl\":\"https:\/\/www.aauniv.com\/s\/blog\/wp-content\/uploads\/2018\/03\/american-andragogy-university-logo-amp.jpg\",\"width\":190,\"height\":36,\"caption\":\"AAU\"},\"image\":{\"@id\":\"https:\/\/www.aauniv.com\/s\/blog\/#\/schema\/logo\/image\/\"}}]}<\/script>\n<!-- \/ Yoast SEO plugin. -->","yoast_head_json":{"title":"Universidad C\u00e9sar Vallejos en Per\u00fa 2024. GRANDES VENTAJAS | AAU |\u00a0Universidad a Distancia","description":"1 - Oportunidades para ampliar su conocimiento Un buen profesorado valora la expansi\u00f3n de los conocimientos de los estudiantes, transform\u00e1ndolos en","robots":{"index":"index","follow":"follow","max-snippet":"max-snippet:-1","max-image-preview":"max-image-preview:large","max-video-preview":"max-video-preview:-1"},"canonical":"https:\/\/www.aauniv.com\/s\/blog\/universidad-cesar-vallejos-en-peru-grandes-ventajas\/","og_locale":"es_ES","og_type":"article","og_title":"Universidad C\u00e9sar Vallejos en Per\u00fa 2024. GRANDES VENTAJAS | AAU |\u00a0Universidad a Distancia","og_description":"1 - Oportunidades para ampliar su conocimiento Un buen profesorado valora la expansi\u00f3n de los conocimientos de los estudiantes, transform\u00e1ndolos en","og_url":"https:\/\/www.aauniv.com\/s\/blog\/universidad-cesar-vallejos-en-peru-grandes-ventajas\/","og_site_name":"AAU |\u00a0Universidad a Distancia","article_modified_time":"2024-01-24T03:23:25+00:00","twitter_card":"summary_large_image","twitter_misc":{"Tiempo de lectura":"3 minutos"},"schema":{"@context":"https:\/\/schema.org","@graph":[{"@type":"WebPage","@id":"https:\/\/www.aauniv.com\/s\/blog\/universidad-cesar-vallejos-en-peru-grandes-ventajas\/","url":"https:\/\/www.aauniv.com\/s\/blog\/universidad-cesar-vallejos-en-peru-grandes-ventajas\/","name":"Universidad C\u00e9sar Vallejos en Per\u00fa 2024. GRANDES VENTAJAS | AAU |\u00a0Universidad a Distancia","isPartOf":{"@id":"https:\/\/www.aauniv.com\/s\/blog\/#website"},"datePublished":"2024-01-23T10:00:00+00:00","dateModified":"2024-01-24T03:23:25+00:00","description":"1 - Oportunidades para ampliar su conocimiento Un buen profesorado valora la expansi\u00f3n de los conocimientos de los estudiantes, transform\u00e1ndolos en","breadcrumb":{"@id":"https:\/\/www.aauniv.com\/s\/blog\/universidad-cesar-vallejos-en-peru-grandes-ventajas\/#breadcrumb"},"inLanguage":"es","potentialAction":[{"@type":"ReadAction","target":["https:\/\/www.aauniv.com\/s\/blog\/universidad-cesar-vallejos-en-peru-grandes-ventajas\/"]}]},{"@type":"BreadcrumbList","@id":"https:\/\/www.aauniv.com\/s\/blog\/universidad-cesar-vallejos-en-peru-grandes-ventajas\/#breadcrumb","itemListElement":[{"@type":"ListItem","position":1,"name":"Portada","item":"https:\/\/www.aauniv.com\/s\/blog\/"},{"@type":"ListItem","position":2,"name":"Universidad C\u00e9sar Vallejos en Per\u00fa 2024. GRANDES VENTAJAS"}]},{"@type":"WebSite","@id":"https:\/\/www.aauniv.com\/s\/blog\/#website","url":"https:\/\/www.aauniv.com\/s\/blog\/","name":"AAU |\u00a0Universidad a Distancia","description":"","publisher":{"@id":"https:\/\/www.aauniv.com\/s\/blog\/#organization"},"potentialAction":[{"@type":"SearchAction","target":{"@type":"EntryPoint","urlTemplate":"https:\/\/www.aauniv.com\/s\/blog\/?s={search_term_string}"},"query-input":"required name=search_term_string"}],"inLanguage":"es"},{"@type":"Organization","@id":"https:\/\/www.aauniv.com\/s\/blog\/#organization","name":"AAU","url":"https:\/\/www.aauniv.com\/s\/blog\/","logo":{"@type":"ImageObject","inLanguage":"es","@id":"https:\/\/www.aauniv.com\/s\/blog\/#\/schema\/logo\/image\/","url":"https:\/\/www.aauniv.com\/s\/blog\/wp-content\/uploads\/2018\/03\/american-andragogy-university-logo-amp.jpg","contentUrl":"https:\/\/www.aauniv.com\/s\/blog\/wp-content\/uploads\/2018\/03\/american-andragogy-university-logo-amp.jpg","width":190,"height":36,"caption":"AAU"},"image":{"@id":"https:\/\/www.aauniv.com\/s\/blog\/#\/schema\/logo\/image\/"}}]}},"_links":{"self":[{"href":"https:\/\/www.aauniv.com\/s\/blog\/wp-json\/wp\/v2\/pages\/1235"}],"collection":[{"href":"https:\/\/www.aauniv.com\/s\/blog\/wp-json\/wp\/v2\/pages"}],"about":[{"href":"https:\/\/www.aauniv.com\/s\/blog\/wp-json\/wp\/v2\/types\/page"}],"author":[{"embeddable":true,"href":"https:\/\/www.aauniv.com\/s\/blog\/wp-json\/wp\/v2\/users\/2"}],"replies":[{"embeddable":true,"href":"https:\/\/www.aauniv.com\/s\/blog\/wp-json\/wp\/v2\/comments?post=1235"}],"version-history":[{"count":2,"href":"https:\/\/www.aauniv.com\/s\/blog\/wp-json\/wp\/v2\/pages\/1235\/revisions"}],"predecessor-version":[{"id":4073,"href":"https:\/\/www.aauniv.com\/s\/blog\/wp-json\/wp\/v2\/pages\/1235\/revisions\/4073"}],"wp:attachment":[{"href":"https:\/\/www.aauniv.com\/s\/blog\/wp-json\/wp\/v2\/media?parent=1235"}],"curies":[{"name":"wp","href":"https:\/\/api.w.org\/{rel}","templated":true}]}}